{"id":1426,"date":"2019-05-03T08:54:37","date_gmt":"2019-05-03T06:54:37","guid":{"rendered":"https:\/\/www.robotec.sk\/welding\/?post_type=product&#038;p=1426"},"modified":"2020-05-21T10:02:59","modified_gmt":"2020-05-21T08:02:59","slug":"bmk-12i-2","status":"publish","type":"product","link":"https:\/\/www.robotec.sk\/welding\/produkt\/bmk-12i-2\/","title":{"rendered":"BMK-16i"},"content":{"rendered":"<p align=\"justify\">BMK-16i je multifunk\u010dn\u00fd invertorov\u00fd zv\u00e1rac\u00ed zdroj na priv\u00e1ranie svorn\u00edkov met\u00f3dou zdvihov\u00e9ho priv\u00e1rania, ako aj priv\u00e1rania svorn\u00edkov v rotuj\u00facom magnetickom poli (SRM). BMK-16i je ur\u010den\u00fd na priv\u00e1ranie svorn\u00edkov v rozsahu M3 &#8211; M16. Zariadenie umo\u017e\u0148uje aj obl\u00fakov\u00e9 zv\u00e1ranie met\u00f3dami MMA a TIG.<\/p>\n<ul>\n<li>Maxim\u00e1lny zv\u00e1rac\u00ed pr\u00fad a\u017e 1000 A.<\/li>\n<li>Priv\u00e1ranie svorn\u00edkov M3-M16.<\/li>\n<li>Vysoko kvalitn\u00e9 zv\u00e1ranie aj v n\u00e1ro\u010dn\u00fdch podmienkach a mo\u017enos\u0165 zv\u00e1rania aj v poz\u00edci\u00e1ch.<\/li>\n<li>Mo\u017enos\u0165 zv\u00e1rania v inertnom plyne.<\/li>\n<li>Vysok\u00e1 energetick\u00e1 \u00fa\u010dinnos\u0165.<\/li>\n<li>Nap\u00e1janie z trojf\u00e1zovej siete 400 V.<\/li>\n<li>Vyu\u017e\u00edva technol\u00f3giu priv\u00e1rania v magnetickom poli &#8211;\u00a0 SRM Technology\u00ae.<\/li>\n<li>Hmotnos\u0165 36,5 kg.<\/li>\n<li>Opcia poloautomatick\u00e9ho alebo plne automatick\u00e9ho pod\u00e1vania svorn\u00edkov.<\/li>\n<li>Zariadenie automaticky kontroluje svoj stav.<\/li>\n<li>Mo\u017enos\u0165 simul\u00e1cie nastaven\u00e9ho zv\u00e1racieho programu bez vykonania zv\u00e1rania.<\/li>\n<li>Interface pre pripojenie k in\u00fdm extern\u00fdm nadriaden\u00fdm syst\u00e9mom.<\/li>\n<\/ul>\n<p>&nbsp;<\/p>\n<h3>Video<\/h3>\n<p><iframe src=\"\/\/www.youtube.com\/embed\/qcbVckITuzU\" width=\"560\" height=\"314\" allowfullscreen=\"allowfullscreen\"><\/iframe><\/p>\n","protected":false},"excerpt":{"rendered":"<p>Invertorov\u00fd zv\u00e1rac\u00ed zdroj ur\u010den\u00fd na priv\u00e1ranie svorn\u00edkov M3 a\u017e M16 v magnetickom poli.<\/p>\n","protected":false},"featured_media":1428,"template":"","meta":{"_monsterinsights_skip_tracking":false,"_monsterinsights_sitenote_active":false,"_monsterinsights_sitenote_note":"","_monsterinsights_sitenote_category":0},"product_brand":[],"product_cat":[66],"product_tag":[57],"yst_prominent_words":[],"class_list":{"0":"post-1426","1":"product","2":"type-product","3":"status-publish","4":"has-post-thumbnail","6":"product_cat-srm-zvaracie-zdroje","7":"product_tag-soyer","9":"first","10":"onbackorder","11":"taxable","12":"shipping-taxable","13":"product-type-simple"},"acf":[],"_links":{"self":[{"href":"https:\/\/www.robotec.sk\/welding\/wp-json\/wp\/v2\/product\/1426","targetHints":{"allow":["GET"]}}],"collection":[{"href":"https:\/\/www.robotec.sk\/welding\/wp-json\/wp\/v2\/product"}],"about":[{"href":"https:\/\/www.robotec.sk\/welding\/wp-json\/wp\/v2\/types\/product"}],"wp:featuredmedia":[{"embeddable":true,"href":"https:\/\/www.robotec.sk\/welding\/wp-json\/wp\/v2\/media\/1428"}],"wp:attachment":[{"href":"https:\/\/www.robotec.sk\/welding\/wp-json\/wp\/v2\/media?parent=1426"}],"wp:term":[{"taxonomy":"product_brand","embeddable":true,"href":"https:\/\/www.robotec.sk\/welding\/wp-json\/wp\/v2\/product_brand?post=1426"},{"taxonomy":"product_cat","embeddable":true,"href":"https:\/\/www.robotec.sk\/welding\/wp-json\/wp\/v2\/product_cat?post=1426"},{"taxonomy":"product_tag","embeddable":true,"href":"https:\/\/www.robotec.sk\/welding\/wp-json\/wp\/v2\/product_tag?post=1426"},{"taxonomy":"yst_prominent_words","embeddable":true,"href":"https:\/\/www.robotec.sk\/welding\/wp-json\/wp\/v2\/yst_prominent_words?post=1426"}],"curies":[{"name":"wp","href":"https:\/\/api.w.org\/{rel}","templated":true}]}}