{"id":1423,"date":"2019-04-30T08:00:17","date_gmt":"2019-04-30T06:00:17","guid":{"rendered":"https:\/\/www.robotec.sk\/welding\/?post_type=product&#038;p=1423"},"modified":"2026-02-13T13:20:57","modified_gmt":"2026-02-13T12:20:57","slug":"bmk-8i","status":"publish","type":"product","link":"https:\/\/www.robotec.sk\/welding\/produkt\/bmk-8i\/","title":{"rendered":"BMK-8i"},"content":{"rendered":"<div class=\"fusion-fullwidth fullwidth-box fusion-builder-row-1 fusion-flex-container nonhundred-percent-fullwidth non-hundred-percent-height-scrolling\" style=\"--awb-border-radius-top-left:0px;--awb-border-radius-top-right:0px;--awb-border-radius-bottom-right:0px;--awb-border-radius-bottom-left:0px;--awb-flex-wrap:wrap;\" ><div class=\"fusion-builder-row fusion-row fusion-flex-align-items-flex-start fusion-flex-content-wrap\" style=\"max-width:1248px;margin-left: calc(-4% \/ 2 );margin-right: calc(-4% \/ 2 );\"><div class=\"fusion-layout-column fusion_builder_column fusion-builder-column-0 fusion_builder_column_1_1 1_1 fusion-flex-column\" style=\"--awb-bg-size:cover;--awb-width-large:100%;--awb-margin-top-large:0px;--awb-spacing-right-large:1.92%;--awb-margin-bottom-large:0px;--awb-spacing-left-large:1.92%;--awb-width-medium:100%;--awb-spacing-right-medium:1.92%;--awb-spacing-left-medium:1.92%;--awb-width-small:100%;--awb-spacing-right-small:1.92%;--awb-spacing-left-small:1.92%;\"><div class=\"fusion-column-wrapper fusion-flex-justify-content-flex-start fusion-content-layout-column\"><div class=\"fusion-text fusion-text-1\"><p align=\"justify\">BMK-8i je \u013eahk\u00fd, v\u00fdkonn\u00fd, energeticky efekt\u00edvny zv\u00e1rac\u00ed zdroj, ktor\u00fd umo\u017e\u0148uje priv\u00e1ranie svorn\u00edkov v magnetickom poli s vyu\u017eit\u00edm technol\u00f3gie SRM. Jeho v\u00fdhodou s\u00fa mal\u00e9 rozmery, n\u00edzka hmotnos\u0165 a nen\u00e1ro\u010dnos\u0165 na nap\u00e1jaciu sie\u0165.\u00a0 Zariadenie poskytuje stabiln\u00fd v\u00fdkon, kvalitu zv\u00e1rania a flexibilitu.<\/p>\n<ul>\n<li>Maxim\u00e1lny zv\u00e1rac\u00ed pr\u00fad a\u017e 300 A.<\/li>\n<li>Priv\u00e1ranie svorn\u00edkov M3-M8.<\/li>\n<li>Vysoko kvalitn\u00e9 zv\u00e1ranie a mo\u017enos\u0165 zv\u00e1rania aj v poz\u00edci\u00e1ch.<\/li>\n<li>Vysok\u00e1 energetick\u00e1 \u00fa\u010dinnos\u0165.<\/li>\n<li>Nap\u00e1janie z be\u017enej jednof\u00e1zovej nap\u00e1jacej site 230 V.<\/li>\n<li>Z\u00e1kladn\u00fd model, ktor\u00fd vyu\u017e\u00edva technol\u00f3giu priv\u00e1rania v magnetickom poli &#8211;\u00a0 SRM Technology\u00ae.<\/li>\n<li>Ve\u013emi n\u00edzka hmotnos\u0165 (9,5 kg) a kompaktn\u00e9 rozmery u\u013eah\u010duj\u00fa prenos zariadenia.<\/li>\n<\/ul>\n<\/div><\/div><\/div><\/div><\/div>\n","protected":false},"excerpt":{"rendered":"<p>Invertorov\u00fd zv\u00e1rac\u00ed zdroj ur\u010den\u00fd na priv\u00e1ranie svorn\u00edkov M3 a\u017e M8 v magnetickom poli.<\/p>\n","protected":false},"featured_media":1429,"template":"","meta":{"_monsterinsights_skip_tracking":false,"_monsterinsights_sitenote_active":false,"_monsterinsights_sitenote_note":"","_monsterinsights_sitenote_category":0},"product_brand":[],"product_cat":[66],"product_tag":[57],"yst_prominent_words":[],"class_list":{"0":"post-1423","1":"product","2":"type-product","3":"status-publish","4":"has-post-thumbnail","6":"product_cat-srm-zvaracie-zdroje","7":"product_tag-soyer","9":"first","10":"onbackorder","11":"taxable","12":"shipping-taxable","13":"product-type-simple"},"acf":[],"_links":{"self":[{"href":"https:\/\/www.robotec.sk\/welding\/wp-json\/wp\/v2\/product\/1423","targetHints":{"allow":["GET"]}}],"collection":[{"href":"https:\/\/www.robotec.sk\/welding\/wp-json\/wp\/v2\/product"}],"about":[{"href":"https:\/\/www.robotec.sk\/welding\/wp-json\/wp\/v2\/types\/product"}],"wp:featuredmedia":[{"embeddable":true,"href":"https:\/\/www.robotec.sk\/welding\/wp-json\/wp\/v2\/media\/1429"}],"wp:attachment":[{"href":"https:\/\/www.robotec.sk\/welding\/wp-json\/wp\/v2\/media?parent=1423"}],"wp:term":[{"taxonomy":"product_brand","embeddable":true,"href":"https:\/\/www.robotec.sk\/welding\/wp-json\/wp\/v2\/product_brand?post=1423"},{"taxonomy":"product_cat","embeddable":true,"href":"https:\/\/www.robotec.sk\/welding\/wp-json\/wp\/v2\/product_cat?post=1423"},{"taxonomy":"product_tag","embeddable":true,"href":"https:\/\/www.robotec.sk\/welding\/wp-json\/wp\/v2\/product_tag?post=1423"},{"taxonomy":"yst_prominent_words","embeddable":true,"href":"https:\/\/www.robotec.sk\/welding\/wp-json\/wp\/v2\/yst_prominent_words?post=1423"}],"curies":[{"name":"wp","href":"https:\/\/api.w.org\/{rel}","templated":true}]}}