{"id":1416,"date":"2019-04-30T10:38:12","date_gmt":"2019-04-30T08:38:12","guid":{"rendered":"https:\/\/www.robotec.sk\/welding\/?post_type=product&#038;p=1416"},"modified":"2020-05-21T10:02:58","modified_gmt":"2020-05-21T08:02:58","slug":"bmk-8i-accu","status":"publish","type":"product","link":"https:\/\/www.robotec.sk\/welding\/produkt\/bmk-8i-accu\/","title":{"rendered":"BMK-8i ACCU"},"content":{"rendered":"<p align=\"justify\">BMK-8i Accu je novo vyvinut\u00fd bat\u00e9riou nap\u00e1jan\u00fd zv\u00e1rac\u00ed zdroj na priv\u00e1ranie svorn\u00edkov, ktor\u00fd umo\u017e\u0148uje zv\u00e1ranie bez pripojenia k nap\u00e1jacej sieti. Jednotka poskytuje stabiln\u00fd v\u00fdkon, kvalitu zv\u00e1rania, flexibilitu, vysok\u00fa mobilnos\u0165 a najvy\u0161\u0161iu energetick\u00fa efekt\u00edvnos\u0165.<\/p>\n<ul>\n<li>Maxim\u00e1lny zv\u00e1rac\u00ed pr\u00fad a\u017e 300 A.<\/li>\n<li>Priv\u00e1ranie svorn\u00edkov M3-M10 (M10 iba so Soyer HZ-1R).<\/li>\n<li>Integrovan\u00e1 nab\u00edjate\u013en\u00e1 bat\u00e9ria.<\/li>\n<li>Vysok\u00e1 energetick\u00e1 \u00fa\u010dinnos\u0165.<\/li>\n<li>Ur\u010den\u00fd pre zv\u00e1ranie na miestach, kde nie je dostupn\u00e1 elektrick\u00e1 sie\u0165.<\/li>\n<li>Vyu\u017e\u00edva technol\u00f3giu priv\u00e1rania v magnetickom poli SRM Technology\u00ae.<\/li>\n<li>Ve\u013emi n\u00edzka hmotnos\u0165 (8 kg) a kompaktn\u00e9 rozmery u\u013eah\u010duj\u00fa prenos zariadenia.<\/li>\n<li>Spotreba plynu zn\u00ed\u017een\u00e1 a\u017e o 90%.<\/li>\n<\/ul>\n","protected":false},"excerpt":{"rendered":"<p>Bat\u00e9riou nap\u00e1jan\u00fd zv\u00e1rac\u00ed zdroj ur\u010den\u00fd pre priv\u00e1ranie svorn\u00edkov M3 a\u017e M10 v magnetickom poli.<\/p>\n","protected":false},"featured_media":1430,"template":"","meta":{"_monsterinsights_skip_tracking":false,"_monsterinsights_sitenote_active":false,"_monsterinsights_sitenote_note":"","_monsterinsights_sitenote_category":0},"product_brand":[],"product_cat":[66],"product_tag":[57],"yst_prominent_words":[],"class_list":{"0":"post-1416","1":"product","2":"type-product","3":"status-publish","4":"has-post-thumbnail","6":"product_cat-srm-zvaracie-zdroje","7":"product_tag-soyer","9":"first","10":"onbackorder","11":"taxable","12":"shipping-taxable","13":"product-type-simple"},"acf":[],"_links":{"self":[{"href":"https:\/\/www.robotec.sk\/welding\/wp-json\/wp\/v2\/product\/1416","targetHints":{"allow":["GET"]}}],"collection":[{"href":"https:\/\/www.robotec.sk\/welding\/wp-json\/wp\/v2\/product"}],"about":[{"href":"https:\/\/www.robotec.sk\/welding\/wp-json\/wp\/v2\/types\/product"}],"wp:featuredmedia":[{"embeddable":true,"href":"https:\/\/www.robotec.sk\/welding\/wp-json\/wp\/v2\/media\/1430"}],"wp:attachment":[{"href":"https:\/\/www.robotec.sk\/welding\/wp-json\/wp\/v2\/media?parent=1416"}],"wp:term":[{"taxonomy":"product_brand","embeddable":true,"href":"https:\/\/www.robotec.sk\/welding\/wp-json\/wp\/v2\/product_brand?post=1416"},{"taxonomy":"product_cat","embeddable":true,"href":"https:\/\/www.robotec.sk\/welding\/wp-json\/wp\/v2\/product_cat?post=1416"},{"taxonomy":"product_tag","embeddable":true,"href":"https:\/\/www.robotec.sk\/welding\/wp-json\/wp\/v2\/product_tag?post=1416"},{"taxonomy":"yst_prominent_words","embeddable":true,"href":"https:\/\/www.robotec.sk\/welding\/wp-json\/wp\/v2\/yst_prominent_words?post=1416"}],"curies":[{"name":"wp","href":"https:\/\/api.w.org\/{rel}","templated":true}]}}