{"id":1355,"date":"2019-04-04T15:15:11","date_gmt":"2019-04-04T13:15:11","guid":{"rendered":"https:\/\/www.robotec.sk\/welding\/?post_type=product&#038;p=1355"},"modified":"2020-05-21T10:02:55","modified_gmt":"2020-05-21T08:02:55","slug":"kapacitne-svorniky-al-ut","status":"publish","type":"product","link":"https:\/\/www.robotec.sk\/welding\/produkt\/kapacitne-svorniky-al-ut\/","title":{"rendered":"Svorn\u00edky &#8211; kol\u00edky pre kapacitn\u00e9 priv\u00e1ranie,  typ UT &#8211; hlin\u00edkov\u00e9"},"content":{"rendered":"<p><img decoding=\"async\" class=\"alignnone wp-image-1347 size-full\" src=\"https:\/\/www.robotec.sk\/welding\/wp-content\/uploads\/2019\/04\/daten_ut_stift_680.jpg\" alt=\" width=\"664\" height=\"255\" srcset=\"https:\/\/www.robotec.sk\/welding\/wp-content\/uploads\/2019\/04\/daten_ut_stift_680-200x77.jpg 200w, https:\/\/www.robotec.sk\/welding\/wp-content\/uploads\/2019\/04\/daten_ut_stift_680-300x115.jpg 300w, https:\/\/www.robotec.sk\/welding\/wp-content\/uploads\/2019\/04\/daten_ut_stift_680-400x154.jpg 400w, https:\/\/www.robotec.sk\/welding\/wp-content\/uploads\/2019\/04\/daten_ut_stift_680-500x192.jpg 500w, https:\/\/www.robotec.sk\/welding\/wp-content\/uploads\/2019\/04\/daten_ut_stift_680-600x230.jpg 600w, https:\/\/www.robotec.sk\/welding\/wp-content\/uploads\/2019\/04\/daten_ut_stift_680.jpg 664w\" sizes=\"(max-width: 664px) 100vw, 664px\" \/><\/p>\n","protected":false},"excerpt":{"rendered":"<p>Svorn\u00edky (kol\u00edky) UT hlin\u00edkov\u00e9 \u2013 kol\u00edky pre kapacitn\u00e9 priv\u00e1ranie.<br \/>\nMateri\u00e1l: Hlin\u00edk EN AW-AlMg 3; DIN EN ISO 13918-1998<br \/>\nVonkaj\u0161\u00ed priemer svorn\u00edkov: 3, 4, 5, 6, 7.1 mm<br \/>\nD\u013a\u017eka svorn\u00edkov: 6 &#8211; 35 mm<\/p>\n","protected":false},"featured_media":1350,"template":"","meta":{"_monsterinsights_skip_tracking":false,"_monsterinsights_sitenote_active":false,"_monsterinsights_sitenote_note":"","_monsterinsights_sitenote_category":0},"product_brand":[],"product_cat":[59,62],"product_tag":[57],"yst_prominent_words":[],"class_list":{"0":"post-1355","1":"product","2":"type-product","3":"status-publish","4":"has-post-thumbnail","6":"product_cat-kapcitne-privaranie-svornikov","7":"product_cat-kapcitne-svorniky","8":"product_tag-soyer","10":"first","11":"onbackorder","12":"taxable","13":"shipping-taxable","14":"product-type-simple"},"acf":[],"_links":{"self":[{"href":"https:\/\/www.robotec.sk\/welding\/wp-json\/wp\/v2\/product\/1355","targetHints":{"allow":["GET"]}}],"collection":[{"href":"https:\/\/www.robotec.sk\/welding\/wp-json\/wp\/v2\/product"}],"about":[{"href":"https:\/\/www.robotec.sk\/welding\/wp-json\/wp\/v2\/types\/product"}],"wp:featuredmedia":[{"embeddable":true,"href":"https:\/\/www.robotec.sk\/welding\/wp-json\/wp\/v2\/media\/1350"}],"wp:attachment":[{"href":"https:\/\/www.robotec.sk\/welding\/wp-json\/wp\/v2\/media?parent=1355"}],"wp:term":[{"taxonomy":"product_brand","embeddable":true,"href":"https:\/\/www.robotec.sk\/welding\/wp-json\/wp\/v2\/product_brand?post=1355"},{"taxonomy":"product_cat","embeddable":true,"href":"https:\/\/www.robotec.sk\/welding\/wp-json\/wp\/v2\/product_cat?post=1355"},{"taxonomy":"product_tag","embeddable":true,"href":"https:\/\/www.robotec.sk\/welding\/wp-json\/wp\/v2\/product_tag?post=1355"},{"taxonomy":"yst_prominent_words","embeddable":true,"href":"https:\/\/www.robotec.sk\/welding\/wp-json\/wp\/v2\/yst_prominent_words?post=1355"}],"curies":[{"name":"wp","href":"https:\/\/api.w.org\/{rel}","templated":true}]}}