{"id":1283,"date":"2019-03-27T15:01:34","date_gmt":"2019-03-27T14:01:34","guid":{"rendered":"https:\/\/www.robotec.sk\/welding\/?post_type=product&#038;p=1283"},"modified":"2020-05-21T10:02:54","modified_gmt":"2020-05-21T08:02:54","slug":"ps-9-ps-9k","status":"publish","type":"product","link":"https:\/\/www.robotec.sk\/welding\/produkt\/ps-9-ps-9k\/","title":{"rendered":"PS-9 \/ PS-9K"},"content":{"rendered":"<table class=\"tg\" style=\"border-collapse: collapse; border-spacing: 0;\">\n<tbody>\n<tr>\n<th style=\"font-family: Arial, sans-serif; font-size: 14px; font-weight: bold; padding: 10px 5px; overflow: hidden; word-break: normal; background-color: #efefef; text-align: left; vertical-align: top; border: 1px solid #c0c0c0;\">Polo\u017eka<\/th>\n<th style=\"font-family: Arial, sans-serif; font-size: 14px; font-weight: bold; padding: 10px 5px; overflow: hidden; word-break: normal; background-color: #efefef; text-align: left; vertical-align: top; border: 1px solid #c0c0c0;\">PS-9 \/ PS-9K<\/th>\n<\/tr>\n<tr>\n<td style=\"font-family: Arial, sans-serif; font-size: 14px; padding: 10px 5px; overflow: hidden; word-break: normal; text-align: left; vertical-align: top; border: 1px solid #c0c0c0;\">Zv\u00e1rac\u00ed rozsah:<\/td>\n<td style=\"font-family: Arial, sans-serif; font-size: 14px; padding: 10px 5px; overflow: hidden; word-break: normal; text-align: left; vertical-align: top; border: 1px solid #c0c0c0;\">svorn\u00edky a \u010dapy M3 &#8211; M8 s d\u013a\u017ekou 6 &#8211; 35 mm<\/td>\n<\/tr>\n<tr>\n<td style=\"font-family: Arial, sans-serif; font-size: 14px; padding: 10px 5px; overflow: hidden; word-break: normal; text-align: left; vertical-align: top; border: 1px solid #c0c0c0;\">Materi\u00e1l:<\/td>\n<td style=\"font-family: Arial, sans-serif; font-size: 14px; padding: 10px 5px; overflow: hidden; word-break: normal; text-align: left; vertical-align: top; border: 1px solid #c0c0c0;\">oce\u013e, nerez, hlin\u00edk a mosadz<\/td>\n<\/tr>\n<tr>\n<td style=\"font-family: Arial, sans-serif; font-size: 14px; padding: 10px 5px; overflow: hidden; word-break: normal; text-align: left; vertical-align: top; border: 1px solid #c0c0c0;\">Rozmery:<\/td>\n<td style=\"font-family: Arial, sans-serif; font-size: 14px; padding: 10px 5px; overflow: hidden; word-break: normal; text-align: left; vertical-align: top; border: 1px solid #c0c0c0;\">175 x 140 x 50 mm (D x V x \u0160) \/ 145 x 140 x 50 mm (D x V x \u0160)<\/td>\n<\/tr>\n<tr>\n<td style=\"font-family: Arial, sans-serif; font-size: 14px; padding: 10px 5px; overflow: hidden; word-break: normal; text-align: left; vertical-align: top; border: 1px solid #c0c0c0;\">Hmotnos\u0165:<\/td>\n<td style=\"font-family: Arial, sans-serif; font-size: 14px; padding: 10px 5px; overflow: hidden; word-break: normal; text-align: left; vertical-align: top; border: 1px solid #c0c0c0;\">1,1 kg \/ 0,4 kg (bez k\u00e1bla)<\/td>\n<\/tr>\n<\/tbody>\n<\/table>\n","protected":false},"excerpt":{"rendered":"<p>Zv\u00e1racie pi\u0161tole PS-9 s\u00fa prim\u00e1rne ur\u010den\u00e9 pre pou\u017eitie so zv\u00e1rac\u00edmi zdrojmi BMS-9. S\u00fa vybaven\u00e9 signaliza\u010dn\u00fdm LED p\u00e1sikom, ktor\u00fd indikuje pripravenos\u0165 zariadenia previes\u0165 dokonal\u00fd zvar. Zv\u00e1rac\u00ed rozsah M3-M8.<\/p>\n","protected":false},"featured_media":1439,"template":"","meta":{"_monsterinsights_skip_tracking":false,"_monsterinsights_sitenote_active":false,"_monsterinsights_sitenote_note":"","_monsterinsights_sitenote_category":0},"product_brand":[],"product_cat":[59,61],"product_tag":[57],"yst_prominent_words":[],"class_list":{"0":"post-1283","1":"product","2":"type-product","3":"status-publish","4":"has-post-thumbnail","6":"product_cat-kapcitne-privaranie-svornikov","7":"product_cat-kapacitne-pistole","8":"product_tag-soyer","10":"first","11":"onbackorder","12":"taxable","13":"shipping-taxable","14":"product-type-simple"},"acf":[],"_links":{"self":[{"href":"https:\/\/www.robotec.sk\/welding\/wp-json\/wp\/v2\/product\/1283","targetHints":{"allow":["GET"]}}],"collection":[{"href":"https:\/\/www.robotec.sk\/welding\/wp-json\/wp\/v2\/product"}],"about":[{"href":"https:\/\/www.robotec.sk\/welding\/wp-json\/wp\/v2\/types\/product"}],"wp:featuredmedia":[{"embeddable":true,"href":"https:\/\/www.robotec.sk\/welding\/wp-json\/wp\/v2\/media\/1439"}],"wp:attachment":[{"href":"https:\/\/www.robotec.sk\/welding\/wp-json\/wp\/v2\/media?parent=1283"}],"wp:term":[{"taxonomy":"product_brand","embeddable":true,"href":"https:\/\/www.robotec.sk\/welding\/wp-json\/wp\/v2\/product_brand?post=1283"},{"taxonomy":"product_cat","embeddable":true,"href":"https:\/\/www.robotec.sk\/welding\/wp-json\/wp\/v2\/product_cat?post=1283"},{"taxonomy":"product_tag","embeddable":true,"href":"https:\/\/www.robotec.sk\/welding\/wp-json\/wp\/v2\/product_tag?post=1283"},{"taxonomy":"yst_prominent_words","embeddable":true,"href":"https:\/\/www.robotec.sk\/welding\/wp-json\/wp\/v2\/yst_prominent_words?post=1283"}],"curies":[{"name":"wp","href":"https:\/\/api.w.org\/{rel}","templated":true}]}}