{"id":1282,"date":"2019-03-27T14:56:32","date_gmt":"2019-03-27T13:56:32","guid":{"rendered":"https:\/\/www.robotec.sk\/welding\/?post_type=product&#038;p=1282"},"modified":"2020-05-21T10:02:54","modified_gmt":"2020-05-21T08:02:54","slug":"ps-3-ps-3a","status":"publish","type":"product","link":"https:\/\/www.robotec.sk\/welding\/produkt\/ps-3-ps-3a\/","title":{"rendered":"PS-3 \/ PS-3A"},"content":{"rendered":"<table class=\"tg\" style=\"border-collapse: collapse; border-spacing: 0;\">\n<tbody>\n<tr>\n<th style=\"font-family: Arial, sans-serif; font-size: 14px; font-weight: bold; padding: 10px 5px; overflow: hidden; word-break: normal; background-color: #efefef; text-align: left; vertical-align: top; border: 1px solid #c0c0c0;\">Polo\u017eka<\/th>\n<th style=\"font-family: Arial, sans-serif; font-size: 14px; font-weight: bold; padding: 10px 5px; overflow: hidden; word-break: normal; background-color: #efefef; text-align: left; vertical-align: top; border: 1px solid #c0c0c0;\">PS-3 \/ PS-3A<\/th>\n<\/tr>\n<tr>\n<td style=\"font-family: Arial, sans-serif; font-size: 14px; padding: 10px 5px; overflow: hidden; word-break: normal; text-align: left; vertical-align: top; border: 1px solid #c0c0c0;\">Zv\u00e1rac\u00ed rozsah:<\/td>\n<td style=\"font-family: Arial, sans-serif; font-size: 14px; padding: 10px 5px; overflow: hidden; word-break: normal; text-align: left; vertical-align: top; border: 1px solid #c0c0c0;\">svorn\u00edky a \u010dapy M3 &#8211; M8 s d\u013a\u0161kou 6 &#8211; 35 mm<\/td>\n<\/tr>\n<tr>\n<td style=\"font-family: Arial, sans-serif; font-size: 14px; padding: 10px 5px; overflow: hidden; word-break: normal; text-align: left; vertical-align: top; border: 1px solid #c0c0c0;\">Materi\u00e1l:<\/td>\n<td style=\"font-family: Arial, sans-serif; font-size: 14px; padding: 10px 5px; overflow: hidden; word-break: normal; text-align: left; vertical-align: top; border: 1px solid #c0c0c0;\">oce\u013e, nerez, hlin\u00edk a mosadz<\/td>\n<\/tr>\n<tr>\n<td style=\"font-family: Arial, sans-serif; font-size: 14px; padding: 10px 5px; overflow: hidden; word-break: normal; text-align: left; vertical-align: top; border: 1px solid #c0c0c0;\">Rozmery:<\/td>\n<td style=\"font-family: Arial, sans-serif; font-size: 14px; padding: 10px 5px; overflow: hidden; word-break: normal; text-align: left; vertical-align: top; border: 1px solid #c0c0c0;\">235 x 138 x 40 mm (D x V x \u0160) \/ 280 x 138 x 40 mm (D x V x \u0160)<\/td>\n<\/tr>\n<tr>\n<td style=\"font-family: Arial, sans-serif; font-size: 14px; padding: 10px 5px; overflow: hidden; word-break: normal; text-align: left; vertical-align: top; border: 1px solid #c0c0c0;\">Hmotnos\u0165:<\/td>\n<td style=\"font-family: Arial, sans-serif; font-size: 14px; padding: 10px 5px; overflow: hidden; word-break: normal; text-align: left; vertical-align: top; border: 1px solid #c0c0c0;\">0,9 kg (bez k\u00e1bla) \/ 1,1 kg (bez k\u00e1bla)<\/td>\n<\/tr>\n<\/tbody>\n<\/table>\n","protected":false},"excerpt":{"rendered":"<p>Elektronicky riaden\u00e9 pi\u0161tole PS-3 umo\u017e\u0148uj\u00fa presn\u00e9 priv\u00e1ranie svorn\u00edkov na predp\u00edsan\u00e9 miesto alebo do stredu ozna\u010denej plochy. Model PS-3A vyu\u017e\u00edva automatick\u00e9 pod\u00e1vanie svorn\u00edkov do zv\u00e1racej pi\u0161tole.\u00a0 Zv\u00e1rac\u00ed rozsah M3-M8.<\/p>\n","protected":false},"featured_media":1436,"template":"","meta":{"_monsterinsights_skip_tracking":false,"_monsterinsights_sitenote_active":false,"_monsterinsights_sitenote_note":"","_monsterinsights_sitenote_category":0},"product_brand":[],"product_cat":[59,61],"product_tag":[57],"yst_prominent_words":[],"class_list":{"0":"post-1282","1":"product","2":"type-product","3":"status-publish","4":"has-post-thumbnail","6":"product_cat-kapcitne-privaranie-svornikov","7":"product_cat-kapacitne-pistole","8":"product_tag-soyer","10":"first","11":"onbackorder","12":"taxable","13":"shipping-taxable","14":"product-type-simple"},"acf":[],"_links":{"self":[{"href":"https:\/\/www.robotec.sk\/welding\/wp-json\/wp\/v2\/product\/1282","targetHints":{"allow":["GET"]}}],"collection":[{"href":"https:\/\/www.robotec.sk\/welding\/wp-json\/wp\/v2\/product"}],"about":[{"href":"https:\/\/www.robotec.sk\/welding\/wp-json\/wp\/v2\/types\/product"}],"wp:featuredmedia":[{"embeddable":true,"href":"https:\/\/www.robotec.sk\/welding\/wp-json\/wp\/v2\/media\/1436"}],"wp:attachment":[{"href":"https:\/\/www.robotec.sk\/welding\/wp-json\/wp\/v2\/media?parent=1282"}],"wp:term":[{"taxonomy":"product_brand","embeddable":true,"href":"https:\/\/www.robotec.sk\/welding\/wp-json\/wp\/v2\/product_brand?post=1282"},{"taxonomy":"product_cat","embeddable":true,"href":"https:\/\/www.robotec.sk\/welding\/wp-json\/wp\/v2\/product_cat?post=1282"},{"taxonomy":"product_tag","embeddable":true,"href":"https:\/\/www.robotec.sk\/welding\/wp-json\/wp\/v2\/product_tag?post=1282"},{"taxonomy":"yst_prominent_words","embeddable":true,"href":"https:\/\/www.robotec.sk\/welding\/wp-json\/wp\/v2\/yst_prominent_words?post=1282"}],"curies":[{"name":"wp","href":"https:\/\/api.w.org\/{rel}","templated":true}]}}