{"id":1281,"date":"2019-03-27T14:47:27","date_gmt":"2019-03-27T13:47:27","guid":{"rendered":"https:\/\/www.robotec.sk\/welding\/?post_type=product&#038;p=1281"},"modified":"2020-05-21T10:02:53","modified_gmt":"2020-05-21T08:02:53","slug":"ps-3k","status":"publish","type":"product","link":"https:\/\/www.robotec.sk\/welding\/produkt\/ps-3k\/","title":{"rendered":"PS-3K \/ PS-3K STATIV"},"content":{"rendered":"<table class=\"tg\" style=\"border-collapse: collapse; border-spacing: 0;\">\n<tbody>\n<tr>\n<th style=\"font-family: Arial, sans-serif; font-size: 14px; font-weight: bold; padding: 10px 5px; overflow: hidden; word-break: normal; background-color: #efefef; text-align: left; vertical-align: top; border: 1px solid #c0c0c0;\">Polo\u017eka<\/th>\n<th style=\"font-family: Arial, sans-serif; font-size: 14px; font-weight: bold; padding: 10px 5px; overflow: hidden; word-break: normal; background-color: #efefef; text-align: left; vertical-align: top; border: 1px solid #c0c0c0;\">PS-3K \/ PS-3K STATIV<\/th>\n<\/tr>\n<tr>\n<td style=\"font-family: Arial, sans-serif; font-size: 14px; padding: 10px 5px; overflow: hidden; word-break: normal; text-align: left; vertical-align: top; border: 1px solid #c0c0c0;\">Zv\u00e1rac\u00ed rozsah:<\/td>\n<td style=\"font-family: Arial, sans-serif; font-size: 14px; padding: 10px 5px; overflow: hidden; word-break: normal; text-align: left; vertical-align: top; border: 1px solid #c0c0c0;\">svorn\u00edky a \u010dapy M3 &#8211; M8 (PS-3K) alebo M3 &#8211; M12 (PS-3K STATIV) s d\u013a\u0161kou 8 &#8211; 60 mm<\/td>\n<\/tr>\n<tr>\n<td style=\"font-family: Arial, sans-serif; font-size: 14px; padding: 10px 5px; overflow: hidden; word-break: normal; text-align: left; vertical-align: top; border: 1px solid #c0c0c0;\">Materi\u00e1l:<\/td>\n<td style=\"font-family: Arial, sans-serif; font-size: 14px; padding: 10px 5px; overflow: hidden; word-break: normal; text-align: left; vertical-align: top; border: 1px solid #c0c0c0;\">oce\u013e, nerez, (\u017eiaruvzdorn\u00e1 oce\u013ea pri pou\u017eit\u00ed PS-3K STATIV<\/td>\n<\/tr>\n<tr>\n<td style=\"font-family: Arial, sans-serif; font-size: 14px; padding: 10px 5px; overflow: hidden; word-break: normal; text-align: left; vertical-align: top; border: 1px solid #c0c0c0;\">Rozmery:<\/td>\n<td style=\"font-family: Arial, sans-serif; font-size: 14px; padding: 10px 5px; overflow: hidden; word-break: normal; text-align: left; vertical-align: top; border: 1px solid #c0c0c0;\">235 x 138 x 40 mm (D x V x \u0160)<\/td>\n<\/tr>\n<tr>\n<td style=\"font-family: Arial, sans-serif; font-size: 14px; padding: 10px 5px; overflow: hidden; word-break: normal; text-align: left; vertical-align: top; border: 1px solid #c0c0c0;\">Hmotnos\u0165:<\/td>\n<td style=\"font-family: Arial, sans-serif; font-size: 14px; padding: 10px 5px; overflow: hidden; word-break: normal; text-align: left; vertical-align: top; border: 1px solid #c0c0c0;\">0,9 kg (bez k\u00e1bla)<\/td>\n<\/tr>\n<\/tbody>\n<\/table>\n","protected":false},"excerpt":{"rendered":"<p>Tieto priv\u00e1racie pi\u0161tole s\u00fa vhodn\u00e9 pre pou\u017eitie na zvarencoch s komplikovan\u00fdm povrchom. Umo\u017e\u0148uj\u00fa presn\u00e9 privarenie svorn\u00edku na predp\u00edsan\u00e9 miesto alebo do stredu ozna\u010denej plochy. Vyzna\u010duj\u00fa sa odolnou kon\u0161trukciou a s\u00fa vhodn\u00e9 pre priv\u00e1ranie svorn\u00edkov s v\u00e4\u010d\u0161\u00edm priemerom. Zv\u00e1rac\u00ed rozsah M3-M8 respekt\u00edve M3 a\u017e M12.<\/p>\n","protected":false},"featured_media":1441,"template":"","meta":{"_monsterinsights_skip_tracking":false,"_monsterinsights_sitenote_active":false,"_monsterinsights_sitenote_note":"","_monsterinsights_sitenote_category":0},"product_brand":[],"product_cat":[59,61],"product_tag":[57],"yst_prominent_words":[],"class_list":{"0":"post-1281","1":"product","2":"type-product","3":"status-publish","4":"has-post-thumbnail","6":"product_cat-kapcitne-privaranie-svornikov","7":"product_cat-kapacitne-pistole","8":"product_tag-soyer","10":"first","11":"onbackorder","12":"taxable","13":"shipping-taxable","14":"product-type-simple"},"acf":[],"_links":{"self":[{"href":"https:\/\/www.robotec.sk\/welding\/wp-json\/wp\/v2\/product\/1281","targetHints":{"allow":["GET"]}}],"collection":[{"href":"https:\/\/www.robotec.sk\/welding\/wp-json\/wp\/v2\/product"}],"about":[{"href":"https:\/\/www.robotec.sk\/welding\/wp-json\/wp\/v2\/types\/product"}],"wp:featuredmedia":[{"embeddable":true,"href":"https:\/\/www.robotec.sk\/welding\/wp-json\/wp\/v2\/media\/1441"}],"wp:attachment":[{"href":"https:\/\/www.robotec.sk\/welding\/wp-json\/wp\/v2\/media?parent=1281"}],"wp:term":[{"taxonomy":"product_brand","embeddable":true,"href":"https:\/\/www.robotec.sk\/welding\/wp-json\/wp\/v2\/product_brand?post=1281"},{"taxonomy":"product_cat","embeddable":true,"href":"https:\/\/www.robotec.sk\/welding\/wp-json\/wp\/v2\/product_cat?post=1281"},{"taxonomy":"product_tag","embeddable":true,"href":"https:\/\/www.robotec.sk\/welding\/wp-json\/wp\/v2\/product_tag?post=1281"},{"taxonomy":"yst_prominent_words","embeddable":true,"href":"https:\/\/www.robotec.sk\/welding\/wp-json\/wp\/v2\/yst_prominent_words?post=1281"}],"curies":[{"name":"wp","href":"https:\/\/api.w.org\/{rel}","templated":true}]}}