{"id":1280,"date":"2019-03-27T14:41:48","date_gmt":"2019-03-27T13:41:48","guid":{"rendered":"https:\/\/www.robotec.sk\/welding\/?post_type=product&#038;p=1280"},"modified":"2020-05-21T10:02:53","modified_gmt":"2020-05-21T08:02:53","slug":"ps-1k","status":"publish","type":"product","link":"https:\/\/www.robotec.sk\/welding\/produkt\/ps-1k\/","title":{"rendered":"PS-1K"},"content":{"rendered":"<table class=\"tg\" style=\"border-collapse: collapse; border-spacing: 0;\">\n<tbody>\n<tr>\n<th style=\"font-family: Arial, sans-serif; font-size: 14px; font-weight: bold; padding: 10px 5px; overflow: hidden; word-break: normal; background-color: #efefef; text-align: left; vertical-align: top; border: 1px solid #c0c0c0;\">Polo\u017eka<\/th>\n<th style=\"font-family: Arial, sans-serif; font-size: 14px; font-weight: bold; padding: 10px 5px; overflow: hidden; word-break: normal; background-color: #efefef; text-align: left; vertical-align: top; border: 1px solid #c0c0c0;\">PS-1K<\/th>\n<\/tr>\n<tr>\n<td style=\"font-family: Arial, sans-serif; font-size: 14px; padding: 10px 5px; overflow: hidden; word-break: normal; text-align: left; vertical-align: top; border: 1px solid #c0c0c0;\">Zv\u00e1rac\u00ed rozsah:<\/td>\n<td style=\"font-family: Arial, sans-serif; font-size: 14px; padding: 10px 5px; overflow: hidden; word-break: normal; text-align: left; vertical-align: top; border: 1px solid #c0c0c0;\">svorn\u00edky a \u010dapy M3 &#8211; M10 (\u00d8 2-8 mm) a d\u013a\u017eky 6-35 mm<\/td>\n<\/tr>\n<tr>\n<td style=\"font-family: Arial, sans-serif; font-size: 14px; padding: 10px 5px; overflow: hidden; word-break: normal; text-align: left; vertical-align: top; border: 1px solid #c0c0c0;\">Materi\u00e1l:<\/td>\n<td style=\"font-family: Arial, sans-serif; font-size: 14px; padding: 10px 5px; overflow: hidden; word-break: normal; text-align: left; vertical-align: top; border: 1px solid #c0c0c0;\">oce\u013e, nerez, hlin\u00edk a mosadz<\/td>\n<\/tr>\n<tr>\n<td style=\"font-family: Arial, sans-serif; font-size: 14px; padding: 10px 5px; overflow: hidden; word-break: normal; text-align: left; vertical-align: top; border: 1px solid #c0c0c0;\">Rozmery:<\/td>\n<td style=\"font-family: Arial, sans-serif; font-size: 14px; padding: 10px 5px; overflow: hidden; word-break: normal; text-align: left; vertical-align: top; border: 1px solid #c0c0c0;\">145 x 140 x 50 mm (D x V x \u0160)<\/td>\n<\/tr>\n<tr>\n<td style=\"font-family: Arial, sans-serif; font-size: 14px; padding: 10px 5px; overflow: hidden; word-break: normal; text-align: left; vertical-align: top; border: 1px solid #c0c0c0;\">Hmotnos\u0165:<\/td>\n<td style=\"font-family: Arial, sans-serif; font-size: 14px; padding: 10px 5px; overflow: hidden; word-break: normal; text-align: left; vertical-align: top; border: 1px solid #c0c0c0;\">0,4 kg (bez k\u00e1bla)<\/td>\n<\/tr>\n<\/tbody>\n<\/table>\n","protected":false},"excerpt":{"rendered":"<p>Mal\u00e1, \u013eahk\u00e1 a ergonomicky tvarovan\u00e1 ru\u010dn\u00e1 kontaktn\u00e1 zv\u00e1racia pi\u0161to\u013e, ktor\u00e1 umo\u017e\u0148uje extr\u00e9mne prec\u00edzne ustavenie svorn\u00edku a presnos\u0165 navarenia \u00b1 0,1 mm. Zv\u00e1rac\u00ed rozsah M3-M8.<\/p>\n","protected":false},"featured_media":1435,"template":"","meta":{"_monsterinsights_skip_tracking":false,"_monsterinsights_sitenote_active":false,"_monsterinsights_sitenote_note":"","_monsterinsights_sitenote_category":0},"product_brand":[],"product_cat":[59,61],"product_tag":[57],"yst_prominent_words":[],"class_list":{"0":"post-1280","1":"product","2":"type-product","3":"status-publish","4":"has-post-thumbnail","6":"product_cat-kapcitne-privaranie-svornikov","7":"product_cat-kapacitne-pistole","8":"product_tag-soyer","10":"first","11":"onbackorder","12":"taxable","13":"shipping-taxable","14":"product-type-simple"},"acf":[],"_links":{"self":[{"href":"https:\/\/www.robotec.sk\/welding\/wp-json\/wp\/v2\/product\/1280","targetHints":{"allow":["GET"]}}],"collection":[{"href":"https:\/\/www.robotec.sk\/welding\/wp-json\/wp\/v2\/product"}],"about":[{"href":"https:\/\/www.robotec.sk\/welding\/wp-json\/wp\/v2\/types\/product"}],"wp:featuredmedia":[{"embeddable":true,"href":"https:\/\/www.robotec.sk\/welding\/wp-json\/wp\/v2\/media\/1435"}],"wp:attachment":[{"href":"https:\/\/www.robotec.sk\/welding\/wp-json\/wp\/v2\/media?parent=1280"}],"wp:term":[{"taxonomy":"product_brand","embeddable":true,"href":"https:\/\/www.robotec.sk\/welding\/wp-json\/wp\/v2\/product_brand?post=1280"},{"taxonomy":"product_cat","embeddable":true,"href":"https:\/\/www.robotec.sk\/welding\/wp-json\/wp\/v2\/product_cat?post=1280"},{"taxonomy":"product_tag","embeddable":true,"href":"https:\/\/www.robotec.sk\/welding\/wp-json\/wp\/v2\/product_tag?post=1280"},{"taxonomy":"yst_prominent_words","embeddable":true,"href":"https:\/\/www.robotec.sk\/welding\/wp-json\/wp\/v2\/yst_prominent_words?post=1280"}],"curies":[{"name":"wp","href":"https:\/\/api.w.org\/{rel}","templated":true}]}}