{"id":1274,"date":"2019-03-27T14:09:14","date_gmt":"2019-03-27T13:09:14","guid":{"rendered":"https:\/\/www.robotec.sk\/welding\/?post_type=product&#038;p=1274"},"modified":"2020-05-21T10:02:53","modified_gmt":"2020-05-21T08:02:53","slug":"ps-0k","status":"publish","type":"product","link":"https:\/\/www.robotec.sk\/welding\/produkt\/ps-0k\/","title":{"rendered":"PS-0K"},"content":{"rendered":"<h3><\/h3>\n<table class=\"tg\" style=\"border-collapse: collapse; border-spacing: 0;\">\n<tbody>\n<tr>\n<th style=\"font-family: Arial, sans-serif; font-size: 14px; font-weight: bold; padding: 10px 5px; overflow: hidden; word-break: normal; background-color: #efefef; text-align: left; vertical-align: top; border: 1px solid #c0c0c0;\">Polo\u017eka<\/th>\n<th style=\"font-family: Arial, sans-serif; font-size: 14px; font-weight: bold; padding: 10px 5px; overflow: hidden; word-break: normal; background-color: #efefef; text-align: left; vertical-align: top; border: 1px solid #c0c0c0;\">PS-0K<\/th>\n<\/tr>\n<tr>\n<td style=\"font-family: Arial, sans-serif; font-size: 14px; padding: 10px 5px; overflow: hidden; word-break: normal; text-align: left; vertical-align: top; border: 1px solid #c0c0c0;\">Zv\u00e1rac\u00ed rozsah:<\/td>\n<td style=\"font-family: Arial, sans-serif; font-size: 14px; padding: 10px 5px; overflow: hidden; word-break: normal; text-align: left; vertical-align: top; border: 1px solid #c0c0c0;\">svorn\u00edky a \u010dapy M3 &#8211; M8 mm a d\u013a\u017eky 6 &#8211; 35 mm<\/td>\n<\/tr>\n<tr>\n<td style=\"font-family: Arial, sans-serif; font-size: 14px; padding: 10px 5px; overflow: hidden; word-break: normal; text-align: left; vertical-align: top; border: 1px solid #c0c0c0;\">Materi\u00e1l:<\/td>\n<td style=\"font-family: Arial, sans-serif; font-size: 14px; padding: 10px 5px; overflow: hidden; word-break: normal; text-align: left; vertical-align: top; border: 1px solid #c0c0c0;\">oce\u013e, nerez a \u017eiaruvzdorn\u00e1 oce\u013e<\/td>\n<\/tr>\n<tr>\n<td style=\"font-family: Arial, sans-serif; font-size: 14px; padding: 10px 5px; overflow: hidden; word-break: normal; text-align: left; vertical-align: top; border: 1px solid #c0c0c0;\">Rozmery:<\/td>\n<td style=\"font-family: Arial, sans-serif; font-size: 14px; padding: 10px 5px; overflow: hidden; word-break: normal; text-align: left; vertical-align: top; border: 1px solid #c0c0c0;\">75 x 100 x 30 mm (D x V x \u0160)<\/td>\n<\/tr>\n<tr>\n<td style=\"font-family: Arial, sans-serif; font-size: 14px; padding: 10px 5px; overflow: hidden; word-break: normal; text-align: left; vertical-align: top; border: 1px solid #c0c0c0;\">Hmotnos\u0165:<\/td>\n<td style=\"font-family: Arial, sans-serif; font-size: 14px; padding: 10px 5px; overflow: hidden; word-break: normal; text-align: left; vertical-align: top; border: 1px solid #c0c0c0;\">0,3 kg (bez k\u00e1bla)<\/td>\n<\/tr>\n<\/tbody>\n<\/table>\n<p>&nbsp;<\/p>\n","protected":false},"excerpt":{"rendered":"<p>Zv\u00e1racia pi\u0161to\u013e PS-0K je najmen\u0161ia pi\u0161to\u013e na trhu v segmente priv\u00e1rania svorn\u00edkov. Je predur\u010den\u00e1 na zv\u00e1ranie na \u0165a\u017eko pr\u00edstupn\u00fdch miestach. Zv\u00e1rac\u00ed rozsah M3-M8.<\/p>\n","protected":false},"featured_media":1433,"template":"","meta":{"_monsterinsights_skip_tracking":false,"_monsterinsights_sitenote_active":false,"_monsterinsights_sitenote_note":"","_monsterinsights_sitenote_category":0},"product_brand":[],"product_cat":[59,61],"product_tag":[57],"yst_prominent_words":[],"class_list":{"0":"post-1274","1":"product","2":"type-product","3":"status-publish","4":"has-post-thumbnail","6":"product_cat-kapcitne-privaranie-svornikov","7":"product_cat-kapacitne-pistole","8":"product_tag-soyer","10":"first","11":"onbackorder","12":"taxable","13":"shipping-taxable","14":"product-type-simple"},"acf":[],"_links":{"self":[{"href":"https:\/\/www.robotec.sk\/welding\/wp-json\/wp\/v2\/product\/1274","targetHints":{"allow":["GET"]}}],"collection":[{"href":"https:\/\/www.robotec.sk\/welding\/wp-json\/wp\/v2\/product"}],"about":[{"href":"https:\/\/www.robotec.sk\/welding\/wp-json\/wp\/v2\/types\/product"}],"wp:featuredmedia":[{"embeddable":true,"href":"https:\/\/www.robotec.sk\/welding\/wp-json\/wp\/v2\/media\/1433"}],"wp:attachment":[{"href":"https:\/\/www.robotec.sk\/welding\/wp-json\/wp\/v2\/media?parent=1274"}],"wp:term":[{"taxonomy":"product_brand","embeddable":true,"href":"https:\/\/www.robotec.sk\/welding\/wp-json\/wp\/v2\/product_brand?post=1274"},{"taxonomy":"product_cat","embeddable":true,"href":"https:\/\/www.robotec.sk\/welding\/wp-json\/wp\/v2\/product_cat?post=1274"},{"taxonomy":"product_tag","embeddable":true,"href":"https:\/\/www.robotec.sk\/welding\/wp-json\/wp\/v2\/product_tag?post=1274"},{"taxonomy":"yst_prominent_words","embeddable":true,"href":"https:\/\/www.robotec.sk\/welding\/wp-json\/wp\/v2\/yst_prominent_words?post=1274"}],"curies":[{"name":"wp","href":"https:\/\/api.w.org\/{rel}","templated":true}]}}