{"id":1261,"date":"2019-03-26T14:32:24","date_gmt":"2019-03-26T13:32:24","guid":{"rendered":"https:\/\/www.robotec.sk\/welding\/?post_type=product&#038;p=1261"},"modified":"2020-05-21T10:02:53","modified_gmt":"2020-05-21T08:02:53","slug":"hesomatic-9","status":"publish","type":"product","link":"https:\/\/www.robotec.sk\/welding\/produkt\/hesomatic-9\/","title":{"rendered":"HESOMATIC-9"},"content":{"rendered":"<p>Mobiln\u00e1 zv\u00e1racia stanica na priv\u00e1ranie svorn\u00edkov, ktor\u00e1 zdru\u017euje zdroj, riadenie a\u00a0pod\u00e1va\u010d do jednej kompaktnej jednotky. Ide\u00e1lne rie\u0161enie pre aplik\u00e1cie vy\u017eaduj\u00face sk\u013abenie mobility a\u00a0automatiz\u00e1cie pod\u00e1vania svorn\u00edkov.<\/p>\n<ul>\n<li>Odpad\u00e1 potreba na \u010das n\u00e1ro\u010dn\u00e9ho manu\u00e1lneho nab\u00edjania svorn\u00edkov.<\/li>\n<li>V\u010faka kompaktn\u00e9mu dizajnu zaber\u00e1 o\u00a050% menej miesta.<\/li>\n<li>Maxim\u00e1lny komfort pr\u00e1ce pre zv\u00fd\u0161enie produktivity.<\/li>\n<li>Ve\u013ek\u00fd automatick\u00fd pod\u00e1va\u010d priemerom bubna 300 mm pre ve\u013ek\u00fa kapacitu pod\u00e1van\u00fdch svorn\u00edkov.<\/li>\n<li>Bezprobl\u00e9mov\u00e9 pod\u00e1vanie svorn\u00edkov a\u00a0n\u00edzka hlu\u010dnos\u0165.<\/li>\n<li>Dlh\u00e1 \u017eivotnos\u0165 v\u010faka pou\u017eitiu vysoko kvalitn\u00fdch materi\u00e1lov.<\/li>\n<li>Odoln\u00e1 kon\u0161trukcia a jednoduch\u00e9 pres\u00favanie po pracovisku.<\/li>\n<\/ul>\n","protected":false},"excerpt":{"rendered":"<p>Mobiln\u00e1 zv\u00e1racia stanica na priv\u00e1ranie svorn\u00edkov M3 a\u017e M8 s automatick\u00fdm pod\u00e1van\u00edm.<\/p>\n","protected":false},"featured_media":1449,"template":"","meta":{"_monsterinsights_skip_tracking":false,"_monsterinsights_sitenote_active":false,"_monsterinsights_sitenote_note":"","_monsterinsights_sitenote_category":0},"product_brand":[],"product_cat":[60],"product_tag":[57],"yst_prominent_words":[],"class_list":{"0":"post-1261","1":"product","2":"type-product","3":"status-publish","4":"has-post-thumbnail","6":"product_cat-kapacitne-zvaracie-zdroje","7":"product_tag-soyer","9":"first","10":"onbackorder","11":"taxable","12":"shipping-taxable","13":"product-type-simple"},"acf":[],"_links":{"self":[{"href":"https:\/\/www.robotec.sk\/welding\/wp-json\/wp\/v2\/product\/1261","targetHints":{"allow":["GET"]}}],"collection":[{"href":"https:\/\/www.robotec.sk\/welding\/wp-json\/wp\/v2\/product"}],"about":[{"href":"https:\/\/www.robotec.sk\/welding\/wp-json\/wp\/v2\/types\/product"}],"wp:featuredmedia":[{"embeddable":true,"href":"https:\/\/www.robotec.sk\/welding\/wp-json\/wp\/v2\/media\/1449"}],"wp:attachment":[{"href":"https:\/\/www.robotec.sk\/welding\/wp-json\/wp\/v2\/media?parent=1261"}],"wp:term":[{"taxonomy":"product_brand","embeddable":true,"href":"https:\/\/www.robotec.sk\/welding\/wp-json\/wp\/v2\/product_brand?post=1261"},{"taxonomy":"product_cat","embeddable":true,"href":"https:\/\/www.robotec.sk\/welding\/wp-json\/wp\/v2\/product_cat?post=1261"},{"taxonomy":"product_tag","embeddable":true,"href":"https:\/\/www.robotec.sk\/welding\/wp-json\/wp\/v2\/product_tag?post=1261"},{"taxonomy":"yst_prominent_words","embeddable":true,"href":"https:\/\/www.robotec.sk\/welding\/wp-json\/wp\/v2\/yst_prominent_words?post=1261"}],"curies":[{"name":"wp","href":"https:\/\/api.w.org\/{rel}","templated":true}]}}