{"id":1250,"date":"2019-03-26T12:14:06","date_gmt":"2019-03-26T11:14:06","guid":{"rendered":"https:\/\/www.robotec.sk\/welding\/?post_type=product&#038;p=1250"},"modified":"2020-05-21T10:02:50","modified_gmt":"2020-05-21T08:02:50","slug":"bms-10n-bms-10nv","status":"publish","type":"product","link":"https:\/\/www.robotec.sk\/welding\/produkt\/bms-10n-bms-10nv\/","title":{"rendered":"BMS-10N \/ BMS-10NV"},"content":{"rendered":"<p align=\"justify\">Zv\u00e1racie zdroje BMS-10N a BMS-10NV je mo\u017en\u00e9 pou\u017ei\u0165 tak pre manu\u00e1lne, ako aj pre mechanizovan\u00e9 priv\u00e1ranie svorn\u00edkov. Bez probl\u00e9mov je k nim mo\u017en\u00e9 pripoji\u0165 zv\u00e1raciu pi\u0161to\u013e alebo zv\u00e1raciu hlavu, a vyu\u017ei\u0165 manu\u00e1lne \u010di automatick\u00e9 pod\u00e1vanie svorn\u00edkov. Tento typov\u00fd rad zv\u00e1rac\u00edch zdrojov umo\u017e\u0148uje priv\u00e1ranie svorn\u00edkov v rozsahu M3 \u2013 M12.<\/p>\n<ul>\n<li>Zariadenie vhodn\u00e9 pre zv\u00e1ranie s medzerou alebo kontaktn\u00e9 zv\u00e1ranie.<\/li>\n<li>Jednoduch\u00e9 ovl\u00e1danie s plynulou regul\u00e1ciou prostredn\u00edctvom tla\u010didiel.<\/li>\n<li>Zobrazenie nastaven\u00fdch parametrov na digit\u00e1lnom displeji zariadenia.<\/li>\n<li>Automatick\u00e1 stabiliz\u00e1cia nab\u00edjacieho nap\u00e4tia.<\/li>\n<li>Tabu\u013eka na prednom paneli zariadenie zobrazuje \u0161tandardn\u00e9 parametre pre r\u00f4zne priemery svorn\u00edkov.<\/li>\n<li>Automatick\u00e9 monitorovanie v\u0161etk\u00fdch d\u00f4le\u017eit\u00fdch funkci\u00ed a\u00a0indik\u00e1cia pomocou LED kontroliek.<\/li>\n<li>Nov\u00fd patentovan\u00fd nab\u00edjac\u00ed obvod, ktor\u00fd umo\u017e\u0148uje vysok\u00e9 za\u0165a\u017eenie pri zv\u00e1ran\u00ed.<\/li>\n<li>Volite\u013en\u00fd modul pre poloautomatizovan\u00e9 a\u00a0automatizovan\u00e9 pod\u00e1vanie svorn\u00edkov.<\/li>\n<li>Funkcia testovania bez zv\u00e1racieho pr\u00fadu pre nastavenie spr\u00e1vneho zdvihu (lift test).<\/li>\n<li>Ve\u013ek\u00e1 kapacitn\u00e1 rezerva pre zvl\u00e1dnutie aj n\u00e1ro\u010dn\u00fdch aplik\u00e1ci\u00ed.<\/li>\n<li>Zariadenie umo\u017e\u0148uje dosiahnu\u0165 vysok\u00fa kvalitu zv\u00e1rania aj fluktu\u00e1cii nap\u00e4tia v nap\u00e1jacej sieti v rozsahu -10 a +15%.<\/li>\n<li>\u0160tandardn\u00e1 pi\u0161to\u013e pre pripojenie k zariadeniu: PS-3.<\/li>\n<\/ul>\n<div id=\"attachment_1256\" style=\"width: 366px\" class=\"wp-caption alignnone\"><img decoding=\"async\" aria-describedby=\"caption-attachment-1256\" class=\" wp-image-1256\" src=\"https:\/\/www.robotec.sk\/welding\/wp-content\/uploads\/2019\/03\/soyer_svorniky2.jpg\" alt=\"Svorn\u00edky privaren\u00e9 kapacitn\u00fdm priv\u00e1ran\u00edm\" width=\"356\" height=\"270\" srcset=\"https:\/\/www.robotec.sk\/welding\/wp-content\/uploads\/2019\/03\/soyer_svorniky2-200x152.jpg 200w, https:\/\/www.robotec.sk\/welding\/wp-content\/uploads\/2019\/03\/soyer_svorniky2.jpg 264w\" sizes=\"(max-width: 356px) 100vw, 356px\" \/><p id=\"caption-attachment-1256\" class=\"wp-caption-text\">Svorn\u00edky privaren\u00e9 kapacitn\u00fdm priv\u00e1ran\u00edm<\/p><\/div>\n<h3>Video<\/h3>\n<p><iframe src=\"\/\/www.youtube.com\/embed\/6C704FegVao\" width=\"560\" height=\"314\" allowfullscreen=\"allowfullscreen\"><\/iframe><\/p>\n<p>&nbsp;<\/p>\n","protected":false},"excerpt":{"rendered":"<p>Zv\u00e1racie zdroje BMS-10N a BMS-10NV s\u00fa ur\u010den\u00e9 na kapacitn\u00e9 priv\u00e1ranie svorn\u00edkov v rozsahu M3 a\u017e M12.<\/p>\n","protected":false},"featured_media":1444,"template":"","meta":{"_monsterinsights_skip_tracking":false,"_monsterinsights_sitenote_active":false,"_monsterinsights_sitenote_note":"","_monsterinsights_sitenote_category":0},"product_brand":[],"product_cat":[60],"product_tag":[57],"yst_prominent_words":[],"class_list":{"0":"post-1250","1":"product","2":"type-product","3":"status-publish","4":"has-post-thumbnail","6":"product_cat-kapacitne-zvaracie-zdroje","7":"product_tag-soyer","9":"first","10":"onbackorder","11":"taxable","12":"shipping-taxable","13":"product-type-simple"},"acf":[],"_links":{"self":[{"href":"https:\/\/www.robotec.sk\/welding\/wp-json\/wp\/v2\/product\/1250","targetHints":{"allow":["GET"]}}],"collection":[{"href":"https:\/\/www.robotec.sk\/welding\/wp-json\/wp\/v2\/product"}],"about":[{"href":"https:\/\/www.robotec.sk\/welding\/wp-json\/wp\/v2\/types\/product"}],"wp:featuredmedia":[{"embeddable":true,"href":"https:\/\/www.robotec.sk\/welding\/wp-json\/wp\/v2\/media\/1444"}],"wp:attachment":[{"href":"https:\/\/www.robotec.sk\/welding\/wp-json\/wp\/v2\/media?parent=1250"}],"wp:term":[{"taxonomy":"product_brand","embeddable":true,"href":"https:\/\/www.robotec.sk\/welding\/wp-json\/wp\/v2\/product_brand?post=1250"},{"taxonomy":"product_cat","embeddable":true,"href":"https:\/\/www.robotec.sk\/welding\/wp-json\/wp\/v2\/product_cat?post=1250"},{"taxonomy":"product_tag","embeddable":true,"href":"https:\/\/www.robotec.sk\/welding\/wp-json\/wp\/v2\/product_tag?post=1250"},{"taxonomy":"yst_prominent_words","embeddable":true,"href":"https:\/\/www.robotec.sk\/welding\/wp-json\/wp\/v2\/yst_prominent_words?post=1250"}],"curies":[{"name":"wp","href":"https:\/\/api.w.org\/{rel}","templated":true}]}}