{"id":1246,"date":"2019-03-25T15:36:49","date_gmt":"2019-03-25T14:36:49","guid":{"rendered":"https:\/\/www.robotec.sk\/welding\/?post_type=product&#038;p=1246"},"modified":"2020-05-21T10:02:49","modified_gmt":"2020-05-21T08:02:49","slug":"bms-9-9v","status":"publish","type":"product","link":"https:\/\/www.robotec.sk\/welding\/produkt\/bms-9-9v\/","title":{"rendered":"BMS-9 \/ BMS-9V"},"content":{"rendered":"<p align=\"justify\">Kapacitn\u00e9 zv\u00e1racie zdroje BMS-9 a\u00a0BMS-9V s\u00fa predstavite\u013emi najnov\u0161ej gener\u00e1cie zriaden\u00ed na priv\u00e1ranie svorn\u00edkov. Prin\u00e1\u0161aj\u00fa v\u00fdrazn\u00e9 zjednodu\u0161enie pr\u00e1ce, zv\u00fd\u0161enie kvality a kadencie zv\u00e1rania. To sa okrem in\u00e9ho dosiahlo aj v\u010faka novej patentovanej technol\u00f3gii, ktor\u00e1 rozsvieten\u00edm sveteln\u00e9ho signaliza\u010dn\u00e9ho pr\u00fa\u017eku na pi\u0161toli PS-9 indikuje pripravenos\u0165 zariadenia previes\u0165 dokonal\u00fd zvar.<\/p>\n<ul>\n<li>Jednoduch\u00e9 nastavenie zv\u00e1rac\u00edch parametrov.<\/li>\n<li>Automatick\u00e9 rozpoznanie nap\u00e1jacieho nap\u00e4tia 115\/230 V.<\/li>\n<li>Invertorov\u00fd zv\u00e1rac\u00ed zdroj pre maxim\u00e1lny zv\u00e1rac\u00ed v\u00fdkon.<\/li>\n<li>Automatick\u00e9 rozpoznanie zv\u00e1racej pi\u0161tole.<\/li>\n<li>Pri pou\u017eit\u00ed pi\u0161tole PS-9 je k dispoz\u00edcii kontrola jej poz\u00edcie a pripravenosti na spr\u00e1vne prevedenie zvaru. Indik\u00e1ciu zais\u0165uje LED p\u00e1sik na pi\u0161toli PS-9.<\/li>\n<li>Vysok\u00fd v\u00fdkon a\u00a0n\u00edzka hmotnos\u0165.<\/li>\n<li>Kr\u00e1tke nab\u00edjacie cykly pre maxim\u00e1lnu produktivitu pr\u00e1ce.<\/li>\n<li>Prec\u00edzne zobrazenie nab\u00edjacieho nap\u00e4tia.<\/li>\n<li>Automatick\u00e9 monitorovanie v\u0161etk\u00fdch d\u00f4le\u017eit\u00fdch funkci\u00ed a ochrana proti prebitiu bat\u00e9rie.<\/li>\n<\/ul>\n<div id=\"attachment_1247\" style=\"width: 410px\" class=\"wp-caption alignnone\"><img decoding=\"async\" aria-describedby=\"caption-attachment-1247\" class=\"size-400 wp-image-1247\" src=\"https:\/\/www.robotec.sk\/welding\/wp-content\/uploads\/2019\/03\/ps-9_led.png\" alt=\"PS-9\" width=\"400\" height=\"188\" srcset=\"https:\/\/www.robotec.sk\/welding\/wp-content\/uploads\/2019\/03\/ps-9_led-200x94.png 200w, https:\/\/www.robotec.sk\/welding\/wp-content\/uploads\/2019\/03\/ps-9_led-300x141.png 300w, https:\/\/www.robotec.sk\/welding\/wp-content\/uploads\/2019\/03\/ps-9_led-400x188.png 400w, https:\/\/www.robotec.sk\/welding\/wp-content\/uploads\/2019\/03\/ps-9_led-500x236.png 500w, https:\/\/www.robotec.sk\/welding\/wp-content\/uploads\/2019\/03\/ps-9_led-600x283.png 600w, https:\/\/www.robotec.sk\/welding\/wp-content\/uploads\/2019\/03\/ps-9_led-700x330.png 700w, https:\/\/www.robotec.sk\/welding\/wp-content\/uploads\/2019\/03\/ps-9_led.png 726w\" sizes=\"(max-width: 400px) 100vw, 400px\" \/><p id=\"caption-attachment-1247\" class=\"wp-caption-text\">Na zeleno rozsvieten\u00fd LED p\u00e1sik na pi\u0161toli PS-9 indikuje, \u017ee zariadenie je pripraven\u00e9 previes\u0165 dokonal\u00e9 zv\u00e1ranie. \u010cerven\u00e1 farba signalizuje, \u017ee sa m\u00f4\u017eu vyskytn\u00fa\u0165 chyby pri zv\u00e1ran\u00ed.<\/p><\/div>\n<h3>Video<\/h3>\n<p><iframe src=\"\/\/www.youtube.com\/embed\/wQ0Wdu4NWvo\" width=\"560\" height=\"314\" allowfullscreen=\"allowfullscreen\"><\/iframe><\/p>\n","protected":false},"excerpt":{"rendered":"<p>Zv\u00e1racie zdroje BMS-9 a BMS-9V s\u00fa ur\u010den\u00e9 na priv\u00e1ranie svorn\u00edkov v rozsahu M3 a\u017e M10. S\u00fa predstavite\u013emi najnov\u0161ej gener\u00e1cie zv\u00e1rac\u00edch zdrojov pre kapacitn\u00e9 priv\u00e1ranie svorn\u00edkov.<\/p>\n","protected":false},"featured_media":1443,"template":"","meta":{"_monsterinsights_skip_tracking":false,"_monsterinsights_sitenote_active":false,"_monsterinsights_sitenote_note":"","_monsterinsights_sitenote_category":0},"product_brand":[],"product_cat":[60],"product_tag":[57],"yst_prominent_words":[],"class_list":{"0":"post-1246","1":"product","2":"type-product","3":"status-publish","4":"has-post-thumbnail","6":"product_cat-kapacitne-zvaracie-zdroje","7":"product_tag-soyer","9":"first","10":"onbackorder","11":"taxable","12":"shipping-taxable","13":"product-type-simple"},"acf":[],"_links":{"self":[{"href":"https:\/\/www.robotec.sk\/welding\/wp-json\/wp\/v2\/product\/1246","targetHints":{"allow":["GET"]}}],"collection":[{"href":"https:\/\/www.robotec.sk\/welding\/wp-json\/wp\/v2\/product"}],"about":[{"href":"https:\/\/www.robotec.sk\/welding\/wp-json\/wp\/v2\/types\/product"}],"wp:featuredmedia":[{"embeddable":true,"href":"https:\/\/www.robotec.sk\/welding\/wp-json\/wp\/v2\/media\/1443"}],"wp:attachment":[{"href":"https:\/\/www.robotec.sk\/welding\/wp-json\/wp\/v2\/media?parent=1246"}],"wp:term":[{"taxonomy":"product_brand","embeddable":true,"href":"https:\/\/www.robotec.sk\/welding\/wp-json\/wp\/v2\/product_brand?post=1246"},{"taxonomy":"product_cat","embeddable":true,"href":"https:\/\/www.robotec.sk\/welding\/wp-json\/wp\/v2\/product_cat?post=1246"},{"taxonomy":"product_tag","embeddable":true,"href":"https:\/\/www.robotec.sk\/welding\/wp-json\/wp\/v2\/product_tag?post=1246"},{"taxonomy":"yst_prominent_words","embeddable":true,"href":"https:\/\/www.robotec.sk\/welding\/wp-json\/wp\/v2\/yst_prominent_words?post=1246"}],"curies":[{"name":"wp","href":"https:\/\/api.w.org\/{rel}","templated":true}]}}