{"id":1201,"date":"2019-03-19T15:12:24","date_gmt":"2019-03-19T14:12:24","guid":{"rendered":"https:\/\/www.robotec.sk\/welding\/?post_type=product&#038;p=1201"},"modified":"2020-05-21T10:02:49","modified_gmt":"2020-05-21T08:02:49","slug":"tecna-3650-3655-evolution","status":"publish","type":"product","link":"https:\/\/www.robotec.sk\/welding\/produkt\/tecna-3650-3655-evolution\/","title":{"rendered":"TECNA 3650-3655 Evolution"},"content":{"rendered":"<p align=\"justify\">Nov\u00e1 jednosmern\u00e1 zv\u00e1racia stanica vyu\u017e\u00edva invertorov\u00fa technol\u00f3giu a\u00a0poskytuje nomin\u00e1lny v\u00fdkon 25 kVA (1000 Hz). Tieto bodova\u010dky s\u00fa vhodn\u00e9 pre intenz\u00edvne vyu\u017e\u00edvanie predov\u0161etk\u00fdm v\u00a0karos\u00e1rskych diel\u0148ach. V\u010faka pou\u017eitou invertorovej technol\u00f3gie maj\u00fa 2,5 kr\u00e1t vy\u0161\u0161\u00ed v\u00fdkon pri zachovan\u00ed rovnak\u00fdch rozmerov a\u00a0v\u00e1hy ako maj\u00fa konven\u010dn\u00e9 transform\u00e1torov\u00e9 zdroje. \u010eal\u0161\u00edmi v\u00fdhodami v\u00a0porovnan\u00ed s\u00a0konven\u010dn\u00fdmi zv\u00e1ra\u010dkami s\u00fa ni\u017e\u0161ia spotreba elektrickej energie, presn\u00e1 regul\u00e1cia \u010dasu a\u00a0pr\u00fadu zv\u00e1rania.<\/p>\n<p align=\"justify\">Zariadenie je vybaven\u00e9 s\u00a0novou riadiacou jednotkou TE40i, ktor\u00e1 obsahuje zv\u00e1racie programy pre naj\u010dastej\u0161ie pou\u017e\u00edvan\u00e9 zv\u00e1racie aplik\u00e1cie. Obsluha zariadenia m\u00f4\u017ee upravi\u0165 parametre \u010dasu zv\u00e1rania v\u00a0ms, pulzov, zv\u00e1racieho pr\u00fadu \u010di automatickej kompenz\u00e1cie. Jednotka je vybaven\u00e1 ve\u013ek\u00fdm preh\u013eadn\u00fdm displejom pre zobrazenie zv\u00e1rac\u00edch parametrov. Zv\u00e1racia stanica TECNA chladen\u00e1 vodou a\u00a0automatick\u00fd propor\u010dn\u00fd ventil riadi pr\u00edtlak elektr\u00f3d pri zv\u00e1ran\u00ed. USB port sl\u00fa\u017ei na z\u00e1lohovanie zv\u00e1rac\u00edch parametrov v\u00a0PC.<\/p>\n<p align=\"justify\">S\u00fa\u010dasn\u00e9 pripojenie a\u017e dvoch pneumaticky ovl\u00e1dan\u00fdch n\u00e1strojov a inteligentn\u00fd syst\u00e9m pre automatick\u00fa vo\u013ebu spr\u00e1vneho zv\u00e1racieho programu ur\u00fdch\u013euj\u00fa pr\u00e1cu, zjednodu\u0161uj\u00fa cel\u00fd proces a zni\u017euj\u00fa po\u010det ch\u00fdb pri zv\u00e1ran\u00ed. Najnov\u0161ia s\u00e9ria zv\u00e1rac\u00edch syst\u00e9mov pre autooprav\u00e1rensk\u00e9 pr\u00e1ce je vybaven\u00e1 poslednou gener\u00e1ciou pneumatick\u00fdch zv\u00e1rac\u00edch klie\u0161t\u00ed s maxim\u00e1lnym pr\u00edtlakom od 320 daN do 450 daN. Bodovacia zv\u00e1racia stanica je preveren\u00e1 a schv\u00e1len\u00e1 viacer\u00fdmi automobilkami pre pou\u017eitie v ich zna\u010dkov\u00fdch autoservisoch.<\/p>\n<ul>\n<li>Zv\u00e1ranie s\u00favisl\u00fdm pr\u00fadom.<\/li>\n<li>Vysok\u00fd zv\u00e1rac\u00ed pr\u00fad.<\/li>\n<li>Zv\u00e1rac\u00ed pr\u00fad je na v\u00fdstupe kon\u0161tantn\u00fd, zmeny v prim\u00e1rnom okruhy neovplyv\u0148uj\u00fa pr\u00fad v sekund\u00e1rnom okruhu.<\/li>\n<li>Vy\u0161sia kvalita zvarov ako u be\u017en\u00fdch bodova\u010diek.<\/li>\n<li>Lep\u0161ie v\u00fdsledky zv\u00e1rania na pozinkovan\u00fdch plechoch.<\/li>\n<li>Ni\u017e\u0161ia spotreba energie.<\/li>\n<li>Dlh\u0161ia \u017eivotnos\u0165 elektr\u00f3d.<\/li>\n<li>Vyv\u00e1\u017eenie odberu pr\u00fadu zo siete.<\/li>\n<li>Vylep\u0161enie v\u00fdkonov\u00e9ho faktoru cos \u03c6<\/li>\n<\/ul>\n<p><strong>Riadiaca jednotka TE40i<\/strong><\/p>\n<p><img decoding=\"async\" class=\"size-full wp-image-1202\" src=\"https:\/\/www.robotec.sk\/welding\/wp-content\/uploads\/2019\/03\/te40i.jpg\" alt=\"TE40i\" width=\"300\" height=\"168\" srcset=\"https:\/\/www.robotec.sk\/welding\/wp-content\/uploads\/2019\/03\/te40i-200x112.jpg 200w, https:\/\/www.robotec.sk\/welding\/wp-content\/uploads\/2019\/03\/te40i.jpg 300w\" sizes=\"(max-width: 300px) 100vw, 300px\" \/><\/p>\n<p>&nbsp;<\/p>\n","protected":false},"excerpt":{"rendered":"<p>Invertorov\u00e1 zv\u00e1racia bodovacia s\u00faprava pre autoklampiarske dielne s nomin\u00e1lnym v\u00fdkonom 25 kVA.<\/p>\n","protected":false},"featured_media":1203,"template":"","meta":{"_monsterinsights_skip_tracking":false,"_monsterinsights_sitenote_active":false,"_monsterinsights_sitenote_note":"","_monsterinsights_sitenote_category":0},"product_brand":[],"product_cat":[47,56],"product_tag":[48],"yst_prominent_words":[],"class_list":{"0":"post-1201","1":"product","2":"type-product","3":"status-publish","4":"has-post-thumbnail","6":"product_cat-odporove-zvaracie-zariadenia-tecna","7":"product_cat-autokarosarske-bodovacky","8":"product_tag-tecna","10":"first","11":"onbackorder","12":"taxable","13":"shipping-taxable","14":"product-type-simple"},"acf":[],"_links":{"self":[{"href":"https:\/\/www.robotec.sk\/welding\/wp-json\/wp\/v2\/product\/1201","targetHints":{"allow":["GET"]}}],"collection":[{"href":"https:\/\/www.robotec.sk\/welding\/wp-json\/wp\/v2\/product"}],"about":[{"href":"https:\/\/www.robotec.sk\/welding\/wp-json\/wp\/v2\/types\/product"}],"wp:featuredmedia":[{"embeddable":true,"href":"https:\/\/www.robotec.sk\/welding\/wp-json\/wp\/v2\/media\/1203"}],"wp:attachment":[{"href":"https:\/\/www.robotec.sk\/welding\/wp-json\/wp\/v2\/media?parent=1201"}],"wp:term":[{"taxonomy":"product_brand","embeddable":true,"href":"https:\/\/www.robotec.sk\/welding\/wp-json\/wp\/v2\/product_brand?post=1201"},{"taxonomy":"product_cat","embeddable":true,"href":"https:\/\/www.robotec.sk\/welding\/wp-json\/wp\/v2\/product_cat?post=1201"},{"taxonomy":"product_tag","embeddable":true,"href":"https:\/\/www.robotec.sk\/welding\/wp-json\/wp\/v2\/product_tag?post=1201"},{"taxonomy":"yst_prominent_words","embeddable":true,"href":"https:\/\/www.robotec.sk\/welding\/wp-json\/wp\/v2\/yst_prominent_words?post=1201"}],"curies":[{"name":"wp","href":"https:\/\/api.w.org\/{rel}","templated":true}]}}