{"id":1198,"date":"2019-03-19T13:12:27","date_gmt":"2019-03-19T12:12:27","guid":{"rendered":"https:\/\/www.robotec.sk\/welding\/?post_type=product&#038;p=1198"},"modified":"2020-05-21T10:02:49","modified_gmt":"2020-05-21T08:02:49","slug":"tecna-3450","status":"publish","type":"product","link":"https:\/\/www.robotec.sk\/welding\/produkt\/tecna-3450\/","title":{"rendered":"TECNA 3450"},"content":{"rendered":"<p align=\"justify\">Ru\u010dn\u00fd univerz\u00e1lny zv\u00e1rac\u00ed syst\u00e9m s\u00a0pneumatick\u00fdm ovl\u00e1dan\u00edm, vodn\u00fdm chladen\u00edm a\u00a0s\u00a0v\u00fdkonom 10 kVA pre odporov\u00e9 zv\u00e1ranie s\u00a0dvomi programami a\u00a0riadiacou jednotkou TE 95.<\/p>\n<p align=\"justify\">Tento typ tvor\u00ed z\u00e1klad radu profesion\u00e1lnych bodovac\u00edch zariaden\u00ed TECNA pre autokaros\u00e1rstvo a servisy. Je ur\u010den\u00fd pre pou\u017eitie pneumatick\u00fdch klie\u0161t\u00ed a pripraven\u00fd k pripojeniu chladiacej jednotky. Proces zv\u00e1rania je riaden\u00fd mikroprocesorovou jednotkou TE 95, ktor\u00e1 umo\u017e\u0148uje kompletn\u00e9 nastavenie 2 nez\u00e1visl\u00fdch programov (pre klie\u0161te a jednostrann\u00fa pi\u0161to\u013e), taktie\u017e umo\u017e\u0148uje nastavenie \u010dasu zv\u00e1rania po 20 milisekund\u00e1ch, funkciu postupn\u00e9ho n\u00e1behu pr\u00fadu, pulzn\u00e9 zv\u00e1ranie, kompenz\u00e1ciu a ohrievanie plechov.<\/p>\n<p>Zv\u00e1racia stanica je dod\u00e1van\u00e1 s:<\/p>\n<ul>\n<li>extra flexibiln\u00fdmi zv\u00e1rac\u00edmi k\u00e1blami L=2000 mm (vodou chladen\u00e9 k\u00e1ble na vy\u017eiadanie),<\/li>\n<li>v\u00fd\u0161kovo nastavite\u013en\u00fdm voz\u00edkom s\u00a0dr\u017eiakom klie\u0161t\u00ed,<\/li>\n<li>p\u00e1rom \u0161tandardn\u00fdch ramien, L=107 mm,<\/li>\n<li>r\u00e1zov\u00fdm vy\u0165ahov\u00e1kom,<\/li>\n<li>jednostrannou pi\u0161to\u013eou s\u00a0k\u00e1blom 2 m,<\/li>\n<li>pneumatick\u00fdmi bodovac\u00edmi klie\u0161\u0165ami 150 daN,<\/li>\n<li>uzem\u0148ovac\u00edm k\u00e1blom.<\/li>\n<\/ul>\n<p><strong>Riadiaca jednotka TE95<\/strong><\/p>\n<p><img decoding=\"async\" class=\"size-400 wp-image-1199\" src=\"https:\/\/www.robotec.sk\/welding\/wp-content\/uploads\/2019\/03\/te95.gif\" alt=\"TE95\" width=\"400\" height=\"233\" \/><\/p>\n","protected":false},"excerpt":{"rendered":"<p>Univerz\u00e1lna zv\u00e1racia bodovacia s\u00faprava pre autoklampiarske dielne s nomin\u00e1lnym v\u00fdkonom 10 kVA.<\/p>\n","protected":false},"featured_media":1195,"template":"","meta":{"_monsterinsights_skip_tracking":false,"_monsterinsights_sitenote_active":false,"_monsterinsights_sitenote_note":"","_monsterinsights_sitenote_category":0},"product_brand":[],"product_cat":[47,56],"product_tag":[48],"yst_prominent_words":[],"class_list":{"0":"post-1198","1":"product","2":"type-product","3":"status-publish","4":"has-post-thumbnail","6":"product_cat-odporove-zvaracie-zariadenia-tecna","7":"product_cat-autokarosarske-bodovacky","8":"product_tag-tecna","10":"first","11":"onbackorder","12":"taxable","13":"shipping-taxable","14":"product-type-simple"},"acf":[],"_links":{"self":[{"href":"https:\/\/www.robotec.sk\/welding\/wp-json\/wp\/v2\/product\/1198","targetHints":{"allow":["GET"]}}],"collection":[{"href":"https:\/\/www.robotec.sk\/welding\/wp-json\/wp\/v2\/product"}],"about":[{"href":"https:\/\/www.robotec.sk\/welding\/wp-json\/wp\/v2\/types\/product"}],"wp:featuredmedia":[{"embeddable":true,"href":"https:\/\/www.robotec.sk\/welding\/wp-json\/wp\/v2\/media\/1195"}],"wp:attachment":[{"href":"https:\/\/www.robotec.sk\/welding\/wp-json\/wp\/v2\/media?parent=1198"}],"wp:term":[{"taxonomy":"product_brand","embeddable":true,"href":"https:\/\/www.robotec.sk\/welding\/wp-json\/wp\/v2\/product_brand?post=1198"},{"taxonomy":"product_cat","embeddable":true,"href":"https:\/\/www.robotec.sk\/welding\/wp-json\/wp\/v2\/product_cat?post=1198"},{"taxonomy":"product_tag","embeddable":true,"href":"https:\/\/www.robotec.sk\/welding\/wp-json\/wp\/v2\/product_tag?post=1198"},{"taxonomy":"yst_prominent_words","embeddable":true,"href":"https:\/\/www.robotec.sk\/welding\/wp-json\/wp\/v2\/yst_prominent_words?post=1198"}],"curies":[{"name":"wp","href":"https:\/\/api.w.org\/{rel}","templated":true}]}}