{"id":1193,"date":"2019-03-19T12:01:45","date_gmt":"2019-03-19T11:01:45","guid":{"rendered":"https:\/\/www.robotec.sk\/welding\/?post_type=product&#038;p=1193"},"modified":"2020-05-21T10:02:48","modified_gmt":"2020-05-21T08:02:48","slug":"tecna-t-spot-120","status":"publish","type":"product","link":"https:\/\/www.robotec.sk\/welding\/produkt\/tecna-t-spot-120\/","title":{"rendered":"TECNA T-Spot 120"},"content":{"rendered":"<p>T-Spot 120 je zv\u00e1rac\u00ed zdroj pre opravu oce\u013eov\u00fdch karos\u00e9ri\u00ed automobilov, ktor\u00fd umo\u017e\u0148uje:<\/p>\n<ul>\n<li>jednostrann\u00e9 bodovanie a rovnanie plechov (rovnanie plechov, lok\u00e1lne nahrievanie uhl\u00edkovou elektr\u00f3dou a pod.)<\/li>\n<li>obojstrann\u00e9 bodovanie plechov prostredn\u00edctvom C klie\u0161t\u00ed dod\u00e1van\u00fdch ako volite\u013en\u00e9 pr\u00edslu\u0161enstvo.<\/li>\n<\/ul>\n<p>Funkcia AUTOSTART umo\u017e\u0148uje automatick\u00e9 spustenie zv\u00e1racieho procesu, ke\u010f sa n\u00e1stroj dotkne plechu. Ovl\u00e1dacie tla\u010didl\u00e1 na paneli<br \/>\nsl\u00fa\u017eia na jednoduch\u00fd a r\u00fdchly v\u00fdber zv\u00e1racieho programu a jeho jemn\u00e9 doladenie. Riadiaca jednotka ma nain\u0161talovan\u00fdch viacero<br \/>\nzv\u00e1rac\u00edch programov av\u0161ak umo\u017e\u0148uje aj plne manu\u00e1lne nastavenie zv\u00e1rac\u00edch parametrov. Zariadenie sa dod\u00e1va s multifunk\u010dnou pi\u0161to\u013eou, 2 m dlh\u00fdm<br \/>\nuzem\u0148ovac\u00edm k\u00e1blom, vy\u0165ahovac\u00edm kladivom a s\u00fapravou spotrebn\u00e9ho materi\u00e1lu a pr\u00edslu\u0161enstva.<\/p>\n","protected":false},"excerpt":{"rendered":"<p>Zv\u00e1rac\u00ed zdroj s v\u00fdkonom 5 kVA, ktor\u00fd umo\u017enuje zv\u00e1ranie pomocou jednostrannej pi\u0161tole alebo klie\u0161\u0165ami typu C.<\/p>\n","protected":false},"featured_media":1187,"template":"","meta":{"_monsterinsights_skip_tracking":false,"_monsterinsights_sitenote_active":false,"_monsterinsights_sitenote_note":"","_monsterinsights_sitenote_category":0},"product_brand":[],"product_cat":[47,56],"product_tag":[48],"yst_prominent_words":[],"class_list":{"0":"post-1193","1":"product","2":"type-product","3":"status-publish","4":"has-post-thumbnail","6":"product_cat-odporove-zvaracie-zariadenia-tecna","7":"product_cat-autokarosarske-bodovacky","8":"product_tag-tecna","10":"first","11":"onbackorder","12":"taxable","13":"shipping-taxable","14":"product-type-simple"},"acf":[],"_links":{"self":[{"href":"https:\/\/www.robotec.sk\/welding\/wp-json\/wp\/v2\/product\/1193","targetHints":{"allow":["GET"]}}],"collection":[{"href":"https:\/\/www.robotec.sk\/welding\/wp-json\/wp\/v2\/product"}],"about":[{"href":"https:\/\/www.robotec.sk\/welding\/wp-json\/wp\/v2\/types\/product"}],"wp:featuredmedia":[{"embeddable":true,"href":"https:\/\/www.robotec.sk\/welding\/wp-json\/wp\/v2\/media\/1187"}],"wp:attachment":[{"href":"https:\/\/www.robotec.sk\/welding\/wp-json\/wp\/v2\/media?parent=1193"}],"wp:term":[{"taxonomy":"product_brand","embeddable":true,"href":"https:\/\/www.robotec.sk\/welding\/wp-json\/wp\/v2\/product_brand?post=1193"},{"taxonomy":"product_cat","embeddable":true,"href":"https:\/\/www.robotec.sk\/welding\/wp-json\/wp\/v2\/product_cat?post=1193"},{"taxonomy":"product_tag","embeddable":true,"href":"https:\/\/www.robotec.sk\/welding\/wp-json\/wp\/v2\/product_tag?post=1193"},{"taxonomy":"yst_prominent_words","embeddable":true,"href":"https:\/\/www.robotec.sk\/welding\/wp-json\/wp\/v2\/yst_prominent_words?post=1193"}],"curies":[{"name":"wp","href":"https:\/\/api.w.org\/{rel}","templated":true}]}}