{"id":1191,"date":"2019-03-19T09:38:49","date_gmt":"2019-03-19T08:38:49","guid":{"rendered":"https:\/\/www.robotec.sk\/welding\/?post_type=product&#038;p=1191"},"modified":"2020-05-21T10:02:48","modified_gmt":"2020-05-21T08:02:48","slug":"tecna-3460n","status":"publish","type":"product","link":"https:\/\/www.robotec.sk\/welding\/produkt\/tecna-3460n\/","title":{"rendered":"TECNA 3460N"},"content":{"rendered":"<p>Tecna 3460N je viac\u00fa\u010delov\u00e1 prenosn\u00e1 bodovka s v\u00fdkonom 5 kVA. Jednoduch\u00e9 ovl\u00e1danie umo\u017e\u0148uje nastavi\u0165 \u010das a pr\u00fad zv\u00e1rania. Zv\u00e1ra\u0165 m\u00f4\u017eete bu\u010f pomocou jednostrann\u00e9 pi\u0161tole, alebo obojstrann\u00fdmi klie\u0161\u0165ami. V\u00fdrobca bodovky Tecna 3460N myslel aj na mal\u00e9 autokaros\u00e1rske dielne, preto je zv\u00e1ra\u010dka kon\u0161truovan\u00e1 tak, aby v dielni nezaberala pr\u00edli\u0161 ve\u013ea miesta. Pokia\u013e si z pon\u00fakan\u00e9ho pr\u00edslu\u0161enstva vyberiete aj voz\u00edk m\u00f4\u017eete t\u00fato bodovku r\u00fdchlo premiestni\u0165 kamko\u013evek to budete potrebova\u0165. Ulo\u017eenie jedn\u00e9ho programu do pam\u00e4te zariadenia.<\/p>\n<p><strong>Zostava obsahuje:<\/strong><\/p>\n<ul>\n<li>3460N \u2013 jednoprogramov\u00fd zv\u00e1rac\u00ed zdroj s v\u00fdkonom 5 kVA<\/li>\n<li>70702N \u2013 viac\u00fa\u010delov\u00e1 pi\u0161to\u013e s k\u00e1blom s d\u013a\u017ekou 1600 mm<\/li>\n<li>70703N \u2013 k\u00e1bel uzem\u0148ovac\u00ed so svorkou a d\u013a\u017ekou 1400 mm<\/li>\n<li>7637 &#8211; sada spotrebn\u00fdch dielov<\/li>\n<li>7638 \u2013 vy\u0165ahovacie kladivo<\/li>\n<\/ul>\n<p><strong>Volite\u013en\u00e9 pr\u00edslu\u0161enstvo:<\/strong><\/p>\n<ul>\n<li>3461 &#8211; voz\u00edk<\/li>\n<li>3696 &#8211; ru\u010dn\u00e9 bodovacie klie\u0161te typu C<\/li>\n<\/ul>\n","protected":false},"excerpt":{"rendered":"<p>Viac\u00fa\u010delov\u00e1 prenosn\u00e1 bodova\u010dka pre autoklampiarske dielne s v\u00fdkonom 5 kVA.<\/p>\n","protected":false},"featured_media":1188,"template":"","meta":{"_monsterinsights_skip_tracking":false,"_monsterinsights_sitenote_active":false,"_monsterinsights_sitenote_note":"","_monsterinsights_sitenote_category":0},"product_brand":[],"product_cat":[47,56],"product_tag":[48],"yst_prominent_words":[],"class_list":{"0":"post-1191","1":"product","2":"type-product","3":"status-publish","4":"has-post-thumbnail","6":"product_cat-odporove-zvaracie-zariadenia-tecna","7":"product_cat-autokarosarske-bodovacky","8":"product_tag-tecna","10":"first","11":"onbackorder","12":"taxable","13":"shipping-taxable","14":"product-type-simple"},"acf":[],"_links":{"self":[{"href":"https:\/\/www.robotec.sk\/welding\/wp-json\/wp\/v2\/product\/1191","targetHints":{"allow":["GET"]}}],"collection":[{"href":"https:\/\/www.robotec.sk\/welding\/wp-json\/wp\/v2\/product"}],"about":[{"href":"https:\/\/www.robotec.sk\/welding\/wp-json\/wp\/v2\/types\/product"}],"wp:featuredmedia":[{"embeddable":true,"href":"https:\/\/www.robotec.sk\/welding\/wp-json\/wp\/v2\/media\/1188"}],"wp:attachment":[{"href":"https:\/\/www.robotec.sk\/welding\/wp-json\/wp\/v2\/media?parent=1191"}],"wp:term":[{"taxonomy":"product_brand","embeddable":true,"href":"https:\/\/www.robotec.sk\/welding\/wp-json\/wp\/v2\/product_brand?post=1191"},{"taxonomy":"product_cat","embeddable":true,"href":"https:\/\/www.robotec.sk\/welding\/wp-json\/wp\/v2\/product_cat?post=1191"},{"taxonomy":"product_tag","embeddable":true,"href":"https:\/\/www.robotec.sk\/welding\/wp-json\/wp\/v2\/product_tag?post=1191"},{"taxonomy":"yst_prominent_words","embeddable":true,"href":"https:\/\/www.robotec.sk\/welding\/wp-json\/wp\/v2\/yst_prominent_words?post=1191"}],"curies":[{"name":"wp","href":"https:\/\/api.w.org\/{rel}","templated":true}]}}