{"id":1185,"date":"2019-03-19T09:02:46","date_gmt":"2019-03-19T08:02:46","guid":{"rendered":"https:\/\/www.robotec.sk\/welding\/?post_type=product&#038;p=1185"},"modified":"2020-05-21T10:02:48","modified_gmt":"2020-05-21T08:02:48","slug":"tecna-7600-7660","status":"publish","type":"product","link":"https:\/\/www.robotec.sk\/welding\/produkt\/tecna-7600-7660\/","title":{"rendered":"TECNA 7600-7660"},"content":{"rendered":"<p>Jednostrann\u00e1 bodovacia pi\u0161tole SPOTTER 7600 a 7660 zni\u017euj\u00fa n\u00e1klady na opravy karos\u00e9ri\u00ed, ke\u010f\u017ee pri oprav\u00e1ch nie je potrebn\u00e9 odstra\u0148ova\u0165 interi\u00e9r auta alebo in\u00e9 vybavenie. Umo\u017e\u0148uje vyrovna\u0165 jednoducho odstr\u00e1nite\u013en\u00e9 deform\u00e1cie karos\u00e9rii. Pomocou nahrievacej elektr\u00f3dy sa vyrovn\u00e1vaj\u00fa v\u00e4\u010d\u0161ie deform\u00e1cie. Spotter je mo\u017en\u00e9 pou\u017ei\u0165 aj na r\u00fdchle privarenie skrutiek, nitov a podlo\u017eiek. Taktie\u017e ho s ob\u013eubou vyu\u017e\u00edvaj\u00fa firmy, ktor\u00e9 montuj\u00fa klimatiz\u00e1cie.<\/p>\n<ul>\n<li id=\"u189116-5\">Priv\u00e1ranie klincov, z\u00e1vitov\u00fdch svorn\u00edkov a podlo\u017eiek pri rovnan\u00ed plechov.<\/li>\n<li>Lok\u00e1lne nahrievanie plechov.<\/li>\n<li>Prin\u00e1\u0161a zn\u00ed\u017eenie n\u00e1kladov a \u00a0ur\u00fdch\u013euje pr\u00e1cu.<\/li>\n<li>Zariadenie je dostupn\u00e9 v dvoch verzi\u00e1ch: 7600 &#8211; bez \u010dasova\u010da a 7660 &#8211; s \u010dasova\u010dom.<\/li>\n<\/ul>\n","protected":false},"excerpt":{"rendered":"<p>Jednostrann\u00e1 bodovacia pi\u0161to\u013e &#8211; SPOTTER s v\u00fdkonom 0,8 kVA.<\/p>\n","protected":false},"featured_media":1186,"template":"","meta":{"_monsterinsights_skip_tracking":false,"_monsterinsights_sitenote_active":false,"_monsterinsights_sitenote_note":"","_monsterinsights_sitenote_category":0},"product_brand":[],"product_cat":[47,56],"product_tag":[48],"yst_prominent_words":[],"class_list":{"0":"post-1185","1":"product","2":"type-product","3":"status-publish","4":"has-post-thumbnail","6":"product_cat-odporove-zvaracie-zariadenia-tecna","7":"product_cat-autokarosarske-bodovacky","8":"product_tag-tecna","10":"first","11":"onbackorder","12":"taxable","13":"shipping-taxable","14":"product-type-simple"},"acf":[],"_links":{"self":[{"href":"https:\/\/www.robotec.sk\/welding\/wp-json\/wp\/v2\/product\/1185","targetHints":{"allow":["GET"]}}],"collection":[{"href":"https:\/\/www.robotec.sk\/welding\/wp-json\/wp\/v2\/product"}],"about":[{"href":"https:\/\/www.robotec.sk\/welding\/wp-json\/wp\/v2\/types\/product"}],"wp:featuredmedia":[{"embeddable":true,"href":"https:\/\/www.robotec.sk\/welding\/wp-json\/wp\/v2\/media\/1186"}],"wp:attachment":[{"href":"https:\/\/www.robotec.sk\/welding\/wp-json\/wp\/v2\/media?parent=1185"}],"wp:term":[{"taxonomy":"product_brand","embeddable":true,"href":"https:\/\/www.robotec.sk\/welding\/wp-json\/wp\/v2\/product_brand?post=1185"},{"taxonomy":"product_cat","embeddable":true,"href":"https:\/\/www.robotec.sk\/welding\/wp-json\/wp\/v2\/product_cat?post=1185"},{"taxonomy":"product_tag","embeddable":true,"href":"https:\/\/www.robotec.sk\/welding\/wp-json\/wp\/v2\/product_tag?post=1185"},{"taxonomy":"yst_prominent_words","embeddable":true,"href":"https:\/\/www.robotec.sk\/welding\/wp-json\/wp\/v2\/yst_prominent_words?post=1185"}],"curies":[{"name":"wp","href":"https:\/\/api.w.org\/{rel}","templated":true}]}}