{"id":1180,"date":"2019-03-18T13:00:04","date_gmt":"2019-03-18T12:00:04","guid":{"rendered":"https:\/\/www.robotec.sk\/welding\/?post_type=product&#038;p=1180"},"modified":"2020-05-21T10:02:48","modified_gmt":"2020-05-21T08:02:48","slug":"modularne-systemy-tecna","status":"publish","type":"product","link":"https:\/\/www.robotec.sk\/welding\/produkt\/modularne-systemy-tecna\/","title":{"rendered":"Modul\u00e1rne syt\u00e9my TECNA"},"content":{"rendered":"<p>\u0160irok\u00e1 ponuka modul\u00e1rnych zv\u00e1rac\u00edch strojov, ktor\u00e9 s\u00fa ur\u010den\u00e9 pre integr\u00e1ciu do zv\u00e1rac\u00edch zost\u00e1v. Tieto stroje s\u00fa navrhnut\u00e9 pre zjednodu\u0161enie pr\u00e1ce a pre zn\u00ed\u017eenie \u010dasovej n\u00e1ro\u010dnosti pri zv\u00e1ran\u00ed \u0161peci\u00e1lnych zv\u00e1rac\u00edch zost\u00e1v. Tento rad v\u00fdrobkov je zlo\u017een\u00fd zo \u0161irok\u00e9ho mno\u017estva modulov, ktor\u00e9 s\u00fa vyu\u017eite\u013en\u00e9 v r\u00f4znych zostav\u00e1ch: dvojbodka, bodova\u010dka s kyvn\u00fdm ramenom alebo s line\u00e1rnym pohybom. Kompaktn\u00e9 rozmery t\u00fdchto zv\u00e1rac\u00edch zariaden\u00ed umo\u017e\u0148uj\u00fa ich integr\u00e1ciu do r\u00f4znych zv\u00e1rac\u00edch zost\u00e1v. Zv\u00e1racie stroje s\u00fa riaden\u00e9 digit\u00e1lnymi riadiacimi jednotkami. Ka\u017ed\u00fd stroj m\u00f4\u017ee pracova\u0165 nez\u00e1visle, ale zv\u00e1racie stroje m\u00f4\u017eu by\u0165 zapojen\u00e9 do kask\u00e1dy a vykon\u00e1va\u0165 pr\u00e1cu jeden po druhom.<\/p>\n<h3>PR\u00cdKLAD ZAPOJENIA VIACER\u00ddCH MODUL\u00c1RNYCH ZV\u00c1RAC\u00cdCH STROJOV DO ZOSTAVY<\/h3>\n<p><img decoding=\"async\" class=\" wp-image-1181\" src=\"https:\/\/www.robotec.sk\/welding\/wp-content\/uploads\/2019\/03\/modconn.jpg\" alt=\"Modul\u00e1rne bodovacie zariadenia\" width=\"606\" height=\"283\" srcset=\"https:\/\/www.robotec.sk\/welding\/wp-content\/uploads\/2019\/03\/modconn-200x93.jpg 200w, https:\/\/www.robotec.sk\/welding\/wp-content\/uploads\/2019\/03\/modconn-300x140.jpg 300w, https:\/\/www.robotec.sk\/welding\/wp-content\/uploads\/2019\/03\/modconn-400x187.jpg 400w, https:\/\/www.robotec.sk\/welding\/wp-content\/uploads\/2019\/03\/modconn-500x234.jpg 500w, https:\/\/www.robotec.sk\/welding\/wp-content\/uploads\/2019\/03\/modconn-600x280.jpg 600w, https:\/\/www.robotec.sk\/welding\/wp-content\/uploads\/2019\/03\/modconn.jpg 700w\" sizes=\"(max-width: 606px) 100vw, 606px\" \/><\/p>\n<ul>\n<li id=\"u189116-5\">\u0160irok\u00e1 ponuka modul\u00e1rnych zv\u00e1rac\u00edch strojov ur\u010den\u00fdch na vytvorenie bodov\u00fdch odporov\u00fdch zv\u00e1rac\u00edch liniek.<\/li>\n<li>Tieto stroje s\u00fa ur\u010den\u00e9 na zjednodu\u0161enie pr\u00e1ce a na zn\u00ed\u017eenie n\u00e1ro\u010dnosti pri zostavovan\u00ed \u0161peci\u00e1lnych zv\u00e1rac\u00edch zost\u00e1v.<\/li>\n<li>Tento rad v\u00fdrobkov je zlo\u017een\u00fd zo \u0161irok\u00e9ho mno\u017estva modulov, ktor\u00e9 s\u00fa vyu\u017eite\u013en\u00e9 v r\u00f4znych zostav\u00e1ch: jednostrann\u00e9 bodovanie, k\u00fdvne rameno a line\u00e1rny chod.\u00a0 \u0160irok\u00e1 ponuka doplnkov a elektr\u00f3d umo\u017e\u0148uje prisp\u00f4sobi\u0165 zv\u00e1raciu zostavu pod\u013ea r\u00f4znych po\u017eiadaviek a n\u00e1rokov.<\/li>\n<li>Kompaktn\u00e9 rozmery t\u00fdchto zv\u00e1rac\u00edch strojov s transform\u00e1tormi, elektronick\u00fdm riaden\u00edm, SCR, valcami, pneumatick\u00fdm okruhom a chladiacim obvodom, dovo\u013euj\u00fa vytvorenie r\u00f4znych zost\u00e1v, ktor\u00fdch modifik\u00e1cia v bud\u00facnosti je jednoduch\u00e1, r\u00fdchla a s minim\u00e1lnymi n\u00e1kladmi.<\/li>\n<li>Pou\u017eitie t\u00fdchto integrovan\u00fdch komponentov umo\u017en\u00ed zjednodu\u0161i\u0165 projekty a zni\u017euje \u010das na vytvorenie \u0161peci\u00e1lnych zv\u00e1rac\u00edch strojov. Tieto zv\u00e1racie stroje s\u00fa vybaven\u00e9 kontroln\u00fdmi jednotkami vhodne navrhnut\u00fdmi pre tento rad v\u00fdrobkov.<\/li>\n<li>Ka\u017ed\u00fd zv\u00e1rac\u00ed stroj m\u00f4\u017ee pracova\u0165 nez\u00e1visle, av\u0161ak zv\u00e1racie stroje m\u00f4\u017eu by\u0165 zapojen\u00e9 aj do kask\u00e1dy. \u00a0Nastaven\u00edm zv\u00e1rania v postupnej sekvencii je mo\u017en\u00e9 vytvori\u0165 zv\u00e1racie zostavy s vysokou produktivitou a minim\u00e1lnym za\u0165a\u017een\u00edm elektrickej nap\u00e1jacej siete.<\/li>\n<li>Tieto produkty s\u00fa komponenty, ktor\u00e9 musia by\u0165 pou\u017eit\u00e9 iba v\u00fdrobcom alebo integr\u00e1torom, ktor\u00fd z nich zostav\u00ed odporov\u00fd<br \/>\nzv\u00e1rac\u00ed syst\u00e9m. Nie s\u00fa ur\u010den\u00e9 pre pou\u017eitie kone\u010dn\u00fdm spotrebite\u013eom.<\/li>\n<\/ul>\n","protected":false},"excerpt":{"rendered":"<p>\u0160irok\u00e1 ponuka modul\u00e1rnych zv\u00e1rac\u00edch strojov, ktor\u00e9 s\u00fa ur\u010den\u00e9 pre integr\u00e1ciu do zv\u00e1rac\u00edch zost\u00e1v.<\/p>\n","protected":false},"featured_media":1179,"template":"","meta":{"_monsterinsights_skip_tracking":false,"_monsterinsights_sitenote_active":false,"_monsterinsights_sitenote_note":"","_monsterinsights_sitenote_category":0},"product_brand":[],"product_cat":[47,55],"product_tag":[48],"yst_prominent_words":[],"class_list":{"0":"post-1180","1":"product","2":"type-product","3":"status-publish","4":"has-post-thumbnail","6":"product_cat-odporove-zvaracie-zariadenia-tecna","7":"product_cat-modularne-bodovacky","8":"product_tag-tecna","10":"first","11":"onbackorder","12":"taxable","13":"shipping-taxable","14":"product-type-simple"},"acf":[],"_links":{"self":[{"href":"https:\/\/www.robotec.sk\/welding\/wp-json\/wp\/v2\/product\/1180","targetHints":{"allow":["GET"]}}],"collection":[{"href":"https:\/\/www.robotec.sk\/welding\/wp-json\/wp\/v2\/product"}],"about":[{"href":"https:\/\/www.robotec.sk\/welding\/wp-json\/wp\/v2\/types\/product"}],"wp:featuredmedia":[{"embeddable":true,"href":"https:\/\/www.robotec.sk\/welding\/wp-json\/wp\/v2\/media\/1179"}],"wp:attachment":[{"href":"https:\/\/www.robotec.sk\/welding\/wp-json\/wp\/v2\/media?parent=1180"}],"wp:term":[{"taxonomy":"product_brand","embeddable":true,"href":"https:\/\/www.robotec.sk\/welding\/wp-json\/wp\/v2\/product_brand?post=1180"},{"taxonomy":"product_cat","embeddable":true,"href":"https:\/\/www.robotec.sk\/welding\/wp-json\/wp\/v2\/product_cat?post=1180"},{"taxonomy":"product_tag","embeddable":true,"href":"https:\/\/www.robotec.sk\/welding\/wp-json\/wp\/v2\/product_tag?post=1180"},{"taxonomy":"yst_prominent_words","embeddable":true,"href":"https:\/\/www.robotec.sk\/welding\/wp-json\/wp\/v2\/yst_prominent_words?post=1180"}],"curies":[{"name":"wp","href":"https:\/\/api.w.org\/{rel}","templated":true}]}}