{"id":1178,"date":"2019-03-18T12:00:21","date_gmt":"2019-03-18T11:00:21","guid":{"rendered":"https:\/\/www.robotec.sk\/welding\/?post_type=product&#038;p=1178"},"modified":"2020-05-21T10:02:48","modified_gmt":"2020-05-21T08:02:48","slug":"tecna-2131d-2144d","status":"publish","type":"product","link":"https:\/\/www.robotec.sk\/welding\/produkt\/tecna-2131d-2144d\/","title":{"rendered":"TECNA 2131D-2144D"},"content":{"rendered":"<p>Bodov\u00e9 odporov\u00e9 zv\u00e1racie zdroje TECNA rady 21 s\u00fa vhodn\u00e9 pre pou\u017eitie v r\u00f4znych v\u00fdrobn\u00fdch podnikoch, v ktor\u00fdch sa kladie d\u00f4raz na kvalitu preveden\u00fdch zvarov s minim\u00e1lnymi energetick\u00fdmi n\u00e1rokmi\u00a0 a maxim\u00e1lnou spo\u013eahlivos\u0165ou. Zv\u00e1racie zariadenia s\u00fa prim\u00e1rne ur\u010den\u00e9 pre umiestnenie na pracovnom stole alebo stojane. M\u00f4\u017eu v\u0161ak by\u0165 zabudovan\u00e9 do r\u00f4znych zv\u00e1rac\u00edch liniek alebo automatov. V\u0161etky typy s\u00fa vybaven\u00e9 mikroprocesorovou jednotkou, ktor\u00e1 m\u00f4\u017ee by\u0165 vybaven\u00e1 rozhran\u00edm RS232 pre pripojenie k be\u017en\u00e9mu PC za \u00fa\u010delom monitorovania prev\u00e1dzky a nastavenia zariadenia.<\/p>\n<ul>\n<li id=\"u189116-5\">mikroprocesorov\u00e1 riadiaca jednotka s priamym meran\u00edm zv\u00e1racieho pr\u00fadu<\/li>\n<li id=\"u189116-7\">chromovan\u00fd piest pneumatick\u00e9ho valca s dlhou \u017eivotnos\u0165ou<\/li>\n<li id=\"u189116-9\">bezolejov\u00e9 pneumatick\u00e9 komponenty chr\u00e1niace \u010distotou pracovn\u00e9ho prostredia<\/li>\n<li id=\"u189116-11\">integrovan\u00fd filtre stla\u010den\u00e9ho vzduchu a regul\u00e1tor tlaku<\/li>\n<li id=\"u189116-13\">zabudovan\u00fd ventil pr\u00edvodu stla\u010den\u00e9ho vzduchu<\/li>\n<li id=\"u189116-15\">ventil ovl\u00e1daj\u00faci r\u00fdchlos\u0165 pohybu elektr\u00f3d, n\u00e1razn\u00edk na konci zdvihu<\/li>\n<li id=\"u189116-17\">tlmi\u010de vyfukovan\u00e9ho vzduchu<\/li>\n<li id=\"u189116-19\">dvojstup\u0148ov\u00fd elektrick\u00fd ped\u00e1l<\/li>\n<li id=\"u189116-21\">vodou chladen\u00fd transform\u00e1tor, dosky, dr\u017eiaky elektr\u00f3d a elektr\u00f3dy, transform\u00e1tor s izol\u00e1ciou epoxidovou \u017eivicou<\/li>\n<li id=\"u189116-23\">synchr\u00f3nny SCR sp\u00edna\u010d izolovan\u00fd od chladenia vody ochrann\u00fdm termostatom<\/li>\n<li id=\"u189116-25\">obojru\u010dn\u00e9 bezpe\u010dnostn\u00e9 ovl\u00e1danie pre maxim\u00e1lnu bezpe\u010dnos\u0165 pri pr\u00e1ci a voli\u010d s vyberate\u013en\u00fdm k\u013e\u00fa\u010dom. Obojru\u010dn\u00e9 ovl\u00e1danie je \u0161tandardnom iba pri zv\u00e1rac\u00edch lisov (v\u00fdstupkov\u00fdch zv\u00e1ra\u010dk\u00e1ch)<\/li>\n<\/ul>\n<p><strong>RIADIACA JEDNOTKA TE550<\/strong><\/p>\n<p><img decoding=\"async\" class=\" wp-image-1132\" src=\"https:\/\/www.robotec.sk\/welding\/wp-content\/uploads\/2019\/03\/te550.jpg\" alt=\"TE550\" width=\"316\" height=\"187\" srcset=\"https:\/\/www.robotec.sk\/welding\/wp-content\/uploads\/2019\/03\/te550-200x118.jpg 200w, https:\/\/www.robotec.sk\/welding\/wp-content\/uploads\/2019\/03\/te550.jpg 250w\" sizes=\"(max-width: 316px) 100vw, 316px\" \/><\/p>\n","protected":false},"excerpt":{"rendered":"<p>Stolov\u00e9 bodova\u010dky s v\u00fdkonom 63 &#8211; 150 kVA.<\/p>\n","protected":false},"featured_media":1177,"template":"","meta":{"_monsterinsights_skip_tracking":false,"_monsterinsights_sitenote_active":false,"_monsterinsights_sitenote_note":"","_monsterinsights_sitenote_category":0},"product_brand":[],"product_cat":[47,54],"product_tag":[48],"yst_prominent_words":[],"class_list":{"0":"post-1178","1":"product","2":"type-product","3":"status-publish","4":"has-post-thumbnail","6":"product_cat-odporove-zvaracie-zariadenia-tecna","7":"product_cat-stolove-bodovacky","8":"product_tag-tecna","10":"first","11":"onbackorder","12":"taxable","13":"shipping-taxable","14":"product-type-simple"},"acf":[],"_links":{"self":[{"href":"https:\/\/www.robotec.sk\/welding\/wp-json\/wp\/v2\/product\/1178","targetHints":{"allow":["GET"]}}],"collection":[{"href":"https:\/\/www.robotec.sk\/welding\/wp-json\/wp\/v2\/product"}],"about":[{"href":"https:\/\/www.robotec.sk\/welding\/wp-json\/wp\/v2\/types\/product"}],"wp:featuredmedia":[{"embeddable":true,"href":"https:\/\/www.robotec.sk\/welding\/wp-json\/wp\/v2\/media\/1177"}],"wp:attachment":[{"href":"https:\/\/www.robotec.sk\/welding\/wp-json\/wp\/v2\/media?parent=1178"}],"wp:term":[{"taxonomy":"product_brand","embeddable":true,"href":"https:\/\/www.robotec.sk\/welding\/wp-json\/wp\/v2\/product_brand?post=1178"},{"taxonomy":"product_cat","embeddable":true,"href":"https:\/\/www.robotec.sk\/welding\/wp-json\/wp\/v2\/product_cat?post=1178"},{"taxonomy":"product_tag","embeddable":true,"href":"https:\/\/www.robotec.sk\/welding\/wp-json\/wp\/v2\/product_tag?post=1178"},{"taxonomy":"yst_prominent_words","embeddable":true,"href":"https:\/\/www.robotec.sk\/welding\/wp-json\/wp\/v2\/yst_prominent_words?post=1178"}],"curies":[{"name":"wp","href":"https:\/\/api.w.org\/{rel}","templated":true}]}}