{"id":1155,"date":"2019-03-12T14:57:18","date_gmt":"2019-03-12T13:57:18","guid":{"rendered":"https:\/\/www.robotec.sk\/welding\/?post_type=product&#038;p=1155"},"modified":"2020-05-21T10:02:47","modified_gmt":"2020-05-21T08:02:47","slug":"tecna-6022d-6023d","status":"publish","type":"product","link":"https:\/\/www.robotec.sk\/welding\/produkt\/tecna-6022d-6023d\/","title":{"rendered":"TECNA 6022D-6023D"},"content":{"rendered":"<p>Stredofrekven\u010dn\u00e9 invertorov\u00e9 bodovacie zv\u00e1racie stroje s line\u00e1rnym pohybom ramena a s v\u00fdkonom 30 kVA. Kon\u0161trukcia pre pohodln\u00e9 ovl\u00e1danie sp\u013a\u0148a najn\u00e1ro\u010dnej\u0161ie po\u017eiadavky kladen\u00e9 na bodov\u00e9 odporov\u00e9 zv\u00e1racie stroje. T\u00e1to nov\u00e1 pevn\u00e1 ergonomick\u00e1 kon\u0161trukcia je kon\u0161truovan\u00e1 v\u00fdrobcom na z\u00e1klade dlhoro\u010dn\u00fdch sk\u00fasenost\u00ed. Riadiaca jednotka je umiestnen\u00e1 vpredu, aby oper\u00e1tor videl na zv\u00e1racie parametre po\u010das pracovn\u00e9ho cyklu.<\/p>\n<ul>\n<li id=\"u187123-5\">Stredofrekven\u010dn\u00e9 zv\u00e1racie zariadenia s\u00fa ur\u010den\u00e9 pre zv\u00e1ranie vysokokvalitn\u00fdch zvarov.<\/li>\n<li id=\"u187123-7\">Chr\u00f3m-meden\u00e9 dr\u017eiaky elektr\u00f3d pre ve\u013ek\u00fa pracovn\u00fa z\u00e1\u0165a\u017e a dlh\u00fa \u017eivotnos\u0165, pre priamu i \u0161ikm\u00fa mont\u00e1\u017e.<\/li>\n<li id=\"u187123-9\">Vodou chladen\u00fd transform\u00e1tor s vinut\u00edm zaliatym epoxidovou \u017eivicou.<\/li>\n<li id=\"u187123-11\">Vodou chladen\u00e9 ramen\u00e1, dr\u017eiaky elektr\u00f3d a elektr\u00f3dy.<\/li>\n<li id=\"u187123-13\">Riadiaca jednotka TE 751 s ve\u013ek\u00fdm displejom.<\/li>\n<li id=\"u187123-15\">USB port pre ukladanie d\u00e1t (volite\u013en\u00e9 pr\u00edslu\u0161enstvo).<\/li>\n<li id=\"u187123-17\">Bezolejov\u00fd vzduchov\u00fd valec.<\/li>\n<li id=\"u187123-19\">Vstavan\u00fd ochrann\u00fd filter stla\u010den\u00e9ho vzduchu s tlakomerom a s poloautomatick\u00fdm odstra\u0148ovan\u00edm vlhkosti.<\/li>\n<li id=\"u187123-21\">Dvojstup\u0148ov\u00e9 no\u017en\u00e9 elektrick\u00e9 ovl\u00e1danie pre zovretie kusov iba ak s\u00fa spr\u00e1vne umiestnen\u00e9.<\/li>\n<li id=\"u187123-23\">Pr\u00edprava pre pripojenie druh\u00e9ho no\u017en\u00e9ho dvojstup\u0148ov\u00e9ho elektrick\u00e9ho ovl\u00e1da\u010da pre priamu vo\u013ebu druh\u00e9ho zv\u00e1racieho programu (vhodn\u00e9 pre zv\u00e1ranie dvoch r\u00f4znych zvarov na jednom kuse materi\u00e1lu).<\/li>\n<\/ul>\n<p><strong>RIADIACA JEDNOTKA TE751<\/strong><\/p>\n<p><img decoding=\"async\" class=\"size-400 wp-image-1138\" src=\"https:\/\/www.robotec.sk\/welding\/wp-content\/uploads\/2019\/03\/te751.jpg\" alt=\"TE751\" width=\"400\" height=\"235\" srcset=\"https:\/\/www.robotec.sk\/welding\/wp-content\/uploads\/2019\/03\/te751-200x118.jpg 200w, https:\/\/www.robotec.sk\/welding\/wp-content\/uploads\/2019\/03\/te751-300x176.jpg 300w, https:\/\/www.robotec.sk\/welding\/wp-content\/uploads\/2019\/03\/te751.jpg 400w\" sizes=\"(max-width: 400px) 100vw, 400px\" \/><\/p>\n<h3><strong>V\u00ddHODY STREDOFREKVEN\u010cN\u00ddCH BODOVAC\u00cdCH ZARIADEN\u00cd<\/strong><\/h3>\n<ul>\n<li>Sterdofrekven\u010dn\u00fd zdroj vyu\u017e\u00edva technol\u00f3giu slu\u010dky. T\u00e1 umo\u017e\u0148uje plynul\u00e9 nastavovanie prim\u00e1rneho aj sekund\u00e1rneho pr\u00fadu tak, aby sa vyrovn\u00e1valo ak\u00e9ko\u013evek kol\u00edsanie nap\u00e1jacieho nap\u00e4tia alebo r\u00f4znorodos\u0165 zv\u00e1ran\u00e9ho materi\u00e1lu, \u010d\u00edm sa dosahuje opakovate\u013en\u00e1 vysok\u00e1 kvalita zvarov.<\/li>\n<li>Vysok\u00e1 presnos\u0165 riadenia pr\u00fadu v\u010faka dvojitej sp\u00e4tnej v\u00e4zbe na prim\u00e1rnom i sekund\u00e1rnom okruhu.<\/li>\n<li>Zn\u00ed\u017eenie n\u00e1kladov na prev\u00e1dzku a \u00fadr\u017ebu. Aby sa dosiahol rovnak\u00fd v\u00fdsledok zv\u00e1rania, tradi\u010dn\u00fd syst\u00e9m striedav\u00e9ho pr\u00fadu by si vy\u017eadoval vy\u0161\u0161\u00ed in\u0161talovan\u00fd v\u00fdkon a sie\u0165ov\u00fd pr\u00fad. Okrem toho, kv\u00f4li krat\u0161\u00edm \u010dasom zv\u00e1rania a\u00a0zni\u017euje opotrebovanie elektr\u00f3d a\u00a0zvy\u0161uje produktivita pr\u00e1ce.<\/li>\n<li>Stredofrekven\u010dn\u00e9 zv\u00e1racie zdroje sa vyzna\u010duj\u00fa flexibilitou pou\u017eitia a\u00a0technol\u00f3giu je mo\u017en\u00e9 pou\u017ei\u0165 pre bodov\u00e9 zv\u00e1ranie \u0161irok\u00e9ho spektra materi\u00e1lov.<\/li>\n<li>Invertorov\u00fd stredofrekven\u010dn\u00fd zv\u00e1rac\u00ed zdroj m\u00e1 efekt\u00edvnej\u0161\u00ed tepeln\u00fd v\u00fdkon v porovnan\u00ed s\u00a0klasick\u00fdm zv\u00e1rac\u00edm zdrojom na zv\u00e1ranie sriedav\u00fdm pr\u00fadom. To umo\u017e\u0148uje dosiahnu\u0165 rovnak\u00fd v\u00fdsledok zv\u00e1rania v krat\u0161om \u010dase a zn\u00ed\u017ei\u0165 rozpt\u00fdlenie tepla okolo zvarov\u00e9ho nugetu, \u010d\u00edm sa zmen\u0161uje tepelne ovplyvnen\u00e1 z\u00f3na zv\u00e1ran\u00e9ho materi\u00e1lu.<\/li>\n<li>V\u010faka invertorovej technol\u00f3gii je mo\u017en\u00e9 dosiahnu\u0165 kompaktn\u00e9 rozmery zariaden\u00ed, ke\u010f\u017ee transform\u00e1tory s\u00fa takmer o\u00a050% men\u0161ie v\u00a0porovnan\u00ed s\u00a0AC technol\u00f3giu zv\u00e1rania.<\/li>\n<\/ul>\n","protected":false},"excerpt":{"rendered":"<p>Stredofrekven\u010dn\u00e9 pneumaticky ovl\u00e1dan\u00e9 stojanov\u00e9 bodova\u010dky s v\u00fdkyvn\u00fdmi ramenami, vodn\u00fdm chladen\u00edm a s v\u00fdkonom 30 kVA.<\/p>\n","protected":false},"featured_media":1156,"template":"","meta":{"_monsterinsights_skip_tracking":false,"_monsterinsights_sitenote_active":false,"_monsterinsights_sitenote_note":"","_monsterinsights_sitenote_category":0},"product_brand":[],"product_cat":[47,53],"product_tag":[48],"yst_prominent_words":[],"class_list":{"0":"post-1155","1":"product","2":"type-product","3":"status-publish","4":"has-post-thumbnail","6":"product_cat-odporove-zvaracie-zariadenia-tecna","7":"product_cat-zvaracie-lisy","8":"product_tag-tecna","10":"first","11":"onbackorder","12":"taxable","13":"shipping-taxable","14":"product-type-simple"},"acf":[],"_links":{"self":[{"href":"https:\/\/www.robotec.sk\/welding\/wp-json\/wp\/v2\/product\/1155","targetHints":{"allow":["GET"]}}],"collection":[{"href":"https:\/\/www.robotec.sk\/welding\/wp-json\/wp\/v2\/product"}],"about":[{"href":"https:\/\/www.robotec.sk\/welding\/wp-json\/wp\/v2\/types\/product"}],"wp:featuredmedia":[{"embeddable":true,"href":"https:\/\/www.robotec.sk\/welding\/wp-json\/wp\/v2\/media\/1156"}],"wp:attachment":[{"href":"https:\/\/www.robotec.sk\/welding\/wp-json\/wp\/v2\/media?parent=1155"}],"wp:term":[{"taxonomy":"product_brand","embeddable":true,"href":"https:\/\/www.robotec.sk\/welding\/wp-json\/wp\/v2\/product_brand?post=1155"},{"taxonomy":"product_cat","embeddable":true,"href":"https:\/\/www.robotec.sk\/welding\/wp-json\/wp\/v2\/product_cat?post=1155"},{"taxonomy":"product_tag","embeddable":true,"href":"https:\/\/www.robotec.sk\/welding\/wp-json\/wp\/v2\/product_tag?post=1155"},{"taxonomy":"yst_prominent_words","embeddable":true,"href":"https:\/\/www.robotec.sk\/welding\/wp-json\/wp\/v2\/yst_prominent_words?post=1155"}],"curies":[{"name":"wp","href":"https:\/\/api.w.org\/{rel}","templated":true}]}}