{"id":1146,"date":"2019-03-12T10:33:34","date_gmt":"2019-03-12T09:33:34","guid":{"rendered":"https:\/\/www.robotec.sk\/welding\/?post_type=product&#038;p=1146"},"modified":"2020-05-21T10:02:47","modified_gmt":"2020-05-21T08:02:47","slug":"tecna-8001d-8009d","status":"publish","type":"product","link":"https:\/\/www.robotec.sk\/welding\/produkt\/tecna-8001d-8009d\/","title":{"rendered":"TECNA 8001D-8009D"},"content":{"rendered":"<p>Zariadenie pre bodov\u00e9 odporov\u00e9 zv\u00e1ranie s line\u00e1rnym pohybom ramena a pre v\u00fdstupkov\u00e9 zv\u00e1ranie. Nomin\u00e1lny v\u00fdkon pri 50% za\u0165a\u017een\u00ed od 35 do 80 kVA. Mikroprocesorom riaden\u00fd cyklus pomocou jednotky TE 550.<\/p>\n<ul>\n<li id=\"u187662-5\">Modul\u00e1rna kon\u0161trukcia stroja, ramien, valcov s mo\u017enos\u0165ou modifik\u00e1cie.<\/li>\n<li id=\"u187662-7\">Chr\u00f3m-meden\u00e9 dr\u017eiaky elektr\u00f3d pre ve\u013ek\u00fa pracovn\u00fa z\u00e1\u0165a\u017e a dlh\u00fa \u017eivotnos\u0165, pre priamu i \u0161ikm\u00fa mont\u00e1\u017e.<\/li>\n<li id=\"u187662-9\">Vodou chladen\u00fd transform\u00e1tor s vinut\u00edm zaliatym epoxidovou \u017eivicou.<\/li>\n<li id=\"u187662-11\">Vodou chladen\u00e9 ramen\u00e1, dr\u017eiaky elektr\u00f3d a elektr\u00f3dy.<\/li>\n<li id=\"u187662-13\">Bezolejov\u00e9 pneumatick\u00e9 komponenty.<\/li>\n<li id=\"u187662-15\">Dvojstup\u0148ov\u00fd valec s k\u013e\u00fa\u010dom.<\/li>\n<li id=\"u187662-17\">Vstaven\u00fd filter stla\u010den\u00e9ho vzduchu, tlakov\u00e1 n\u00e1dr\u017e a ventil, tlmi\u010de stla\u010den\u00e9ho vzduchu.<\/li>\n<li id=\"u187662-19\">Ventil ovl\u00e1daj\u00faci r\u00fdchlos\u0165 pohybu elektr\u00f3d a doraz na konci zdvihu.<\/li>\n<li id=\"u187662-21\">Dvojstup\u0148ov\u00fd ovl\u00e1dac\u00ed ped\u00e1l, zovretie kusov len ke\u010f s\u00fa spr\u00e1vne vlo\u017een\u00e9.<\/li>\n<li id=\"u187662-23\">Pr\u00edprava pre pripojenie druh\u00e9ho no\u017en\u00e9ho dvojstup\u0148ov\u00e9ho elektrick\u00e9ho ovl\u00e1da\u010da pre priamu vo\u013ebu druh\u00e9ho zv\u00e1racieho programu (vhodn\u00e9 pre zv\u00e1ranie dvoch r\u00f4znych zvarov na jednom kuse materi\u00e1lu).<\/li>\n<li id=\"u187662-25\">Synchr\u00f3nny SCR st\u00fdka\u010d izolovan\u00fd od chladiacej vody.<\/li>\n<li id=\"u187662-27\">Dvojru\u010dn\u00e9 bezpe\u010dnostn\u00e9 ovl\u00e1danie s \u010dasova\u010dom pre maxim\u00e1lnu bezpe\u010dnos\u0165 pr\u00e1ce a uzamknute\u013en\u00fd riadiaci panel. (Dvojru\u010dn\u00e9 ovl\u00e1danie je \u0161tandard iba pri v\u00fdstupkov\u00fdch zv\u00e1ra\u010dk\u00e1ch.)<\/li>\n<li id=\"u187662-29\">N\u00fadzov\u00e9 vypnutie stroja jedn\u00fdm tla\u010didlom.<\/li>\n<li id=\"u187662-31\">Digit\u00e1lna riadiaca jednotka TE550.<\/li>\n<\/ul>\n<p><strong>RIADIACA JEDNOTKA TE550<\/strong><\/p>\n<p><img decoding=\"async\" class=\" wp-image-1132\" src=\"https:\/\/www.robotec.sk\/welding\/wp-content\/uploads\/2019\/03\/te550.jpg\" alt=\"TE550\" width=\"394\" height=\"233\" srcset=\"https:\/\/www.robotec.sk\/welding\/wp-content\/uploads\/2019\/03\/te550-200x118.jpg 200w, https:\/\/www.robotec.sk\/welding\/wp-content\/uploads\/2019\/03\/te550.jpg 250w\" sizes=\"(max-width: 394px) 100vw, 394px\" \/><\/p>\n<p>&nbsp;<\/p>\n","protected":false},"excerpt":{"rendered":"<p>Zv\u00e1rac\u00ed stroj pre bodov\u00e9 odporov\u00e9 zv\u00e1ranie s line\u00e1rnym pohybom ramena a v\u00fdstupkov\u00e9 zv\u00e1ranie s v\u00fdkonom 35 &#8211; 80 kVA.<\/p>\n","protected":false},"featured_media":1145,"template":"","meta":{"_monsterinsights_skip_tracking":false,"_monsterinsights_sitenote_active":false,"_monsterinsights_sitenote_note":"","_monsterinsights_sitenote_category":0},"product_brand":[],"product_cat":[47,53],"product_tag":[48],"yst_prominent_words":[],"class_list":{"0":"post-1146","1":"product","2":"type-product","3":"status-publish","4":"has-post-thumbnail","6":"product_cat-odporove-zvaracie-zariadenia-tecna","7":"product_cat-zvaracie-lisy","8":"product_tag-tecna","10":"first","11":"onbackorder","12":"taxable","13":"shipping-taxable","14":"product-type-simple"},"acf":[],"_links":{"self":[{"href":"https:\/\/www.robotec.sk\/welding\/wp-json\/wp\/v2\/product\/1146","targetHints":{"allow":["GET"]}}],"collection":[{"href":"https:\/\/www.robotec.sk\/welding\/wp-json\/wp\/v2\/product"}],"about":[{"href":"https:\/\/www.robotec.sk\/welding\/wp-json\/wp\/v2\/types\/product"}],"wp:featuredmedia":[{"embeddable":true,"href":"https:\/\/www.robotec.sk\/welding\/wp-json\/wp\/v2\/media\/1145"}],"wp:attachment":[{"href":"https:\/\/www.robotec.sk\/welding\/wp-json\/wp\/v2\/media?parent=1146"}],"wp:term":[{"taxonomy":"product_brand","embeddable":true,"href":"https:\/\/www.robotec.sk\/welding\/wp-json\/wp\/v2\/product_brand?post=1146"},{"taxonomy":"product_cat","embeddable":true,"href":"https:\/\/www.robotec.sk\/welding\/wp-json\/wp\/v2\/product_cat?post=1146"},{"taxonomy":"product_tag","embeddable":true,"href":"https:\/\/www.robotec.sk\/welding\/wp-json\/wp\/v2\/product_tag?post=1146"},{"taxonomy":"yst_prominent_words","embeddable":true,"href":"https:\/\/www.robotec.sk\/welding\/wp-json\/wp\/v2\/yst_prominent_words?post=1146"}],"curies":[{"name":"wp","href":"https:\/\/api.w.org\/{rel}","templated":true}]}}