{"id":1141,"date":"2019-03-12T09:58:20","date_gmt":"2019-03-12T08:58:20","guid":{"rendered":"https:\/\/www.robotec.sk\/welding\/?post_type=product&#038;p=1141"},"modified":"2020-05-21T10:02:42","modified_gmt":"2020-05-21T08:02:42","slug":"tecna-4665n-4668n","status":"publish","type":"product","link":"https:\/\/www.robotec.sk\/welding\/produkt\/tecna-4665n-4668n\/","title":{"rendered":"TECNA 4665N-4668N"},"content":{"rendered":"<p>Bodov\u00e9 zv\u00e1racie stroje rady 466X predstavuj\u00fa prepracovan\u00e9 rie\u0161enie pre v\u00fdstupkov\u00e9 a bodov\u00e9 odporov\u00e9 zv\u00e1ranie vo v\u00fdrobnom podniku. V\u0161etky stroje s\u00fa vybaven\u00e9 digit\u00e1lnou riadiacou jednotkou TE 101, ktor\u00e1 umo\u017e\u0148uje presn\u00e9 nastavenie a\u017e 12 parametrov. Riadiaca jednotka je umiestnen\u00e1 na boku zv\u00e1racieho stroja vo v\u00fd\u0161ke o\u010d\u00ed pre \u013eah\u0161iu obsluhu a kontrolu po\u010das pracovn\u00e9ho cyklu.<\/p>\n<ul>\n<li id=\"u187511-5\">Nov\u00e1 ergonomick\u00e1 kon\u0161trukcia s riadiacou jednotkou na boku zariadenia vo v\u00fd\u0161ke o\u010d\u00ed pre lep\u0161ie ovl\u00e1danie a kontrolu po\u010das pracovn\u00e9ho cyklu.<\/li>\n<li id=\"u187511-7\">Chr\u00f3m-meden\u00e9 dr\u017eiaky elektr\u00f3d pre ve\u013ek\u00fa pracovn\u00fa z\u00e1\u0165a\u017e a dlh\u00fa \u017eivotnos\u0165, pre priamu i \u0161ikm\u00fa mont\u00e1\u017e.<\/li>\n<li id=\"u187511-9\">Vodou chladen\u00fd transform\u00e1tor s vinut\u00edm zaliatym epoxidovou \u017eivicou.<\/li>\n<li id=\"u187511-11\">Vodou chladen\u00e9 ramen\u00e1, dr\u017eiaky elektr\u00f3d a elektr\u00f3dy.<\/li>\n<li id=\"u187511-13\">Riadiaca jednotka TE 101 alebo TE 550.<\/li>\n<li id=\"u187511-15\">USB port pre ukladanie d\u00e1t (len u riadiacej jednotky TE 550).<\/li>\n<li id=\"u187511-17\">Bezolejov\u00fd vzduchov\u00fd valec.<\/li>\n<li id=\"u187511-19\">Vstavan\u00fd ochrann\u00fd filter stla\u010den\u00e9ho vzduchu s tlakomerom a s poloautomatick\u00fdm odstra\u0148ovan\u00edm vlhkosti.<\/li>\n<li id=\"u187511-21\">Dvojstup\u0148ov\u00e9 no\u017en\u00e9 elektrick\u00e9 ovl\u00e1danie pre zovretie kusov iba ak s\u00fa spr\u00e1vne umiestnen\u00e9.<\/li>\n<li id=\"u187511-23\">Pr\u00edprava pre pripojenie druh\u00e9ho no\u017en\u00e9ho dvojstup\u0148ov\u00e9ho elektrick\u00e9ho ovl\u00e1da\u010da pre priamu vo\u013ebu druh\u00e9ho zv\u00e1racieho programu (vhodn\u00e9 pre zv\u00e1ranie dvoch r\u00f4znych zvarov na jednom kuse materi\u00e1lu).<\/li>\n<li id=\"u187511-25\">Ramen\u00e1: vzdialenos\u0165 280 mm, nastavite\u013en\u00e1 d\u013a\u017eka do 400 resp. 500 mm.<\/li>\n<li id=\"u187511-27\">Valec s dvojit\u00fdm zdvihom s ru\u010dnou kontrolou.<\/li>\n<\/ul>\n<p><strong>RIADIACA JEDNOTKA TE101<\/strong><\/p>\n<p><img decoding=\"async\" class=\"size-400 wp-image-1126\" src=\"https:\/\/www.robotec.sk\/welding\/wp-content\/uploads\/2019\/03\/te101.jpg\" alt=\"TE101\" width=\"400\" height=\"238\" srcset=\"https:\/\/www.robotec.sk\/welding\/wp-content\/uploads\/2019\/03\/te101-200x119.jpg 200w, https:\/\/www.robotec.sk\/welding\/wp-content\/uploads\/2019\/03\/te101-300x179.jpg 300w, https:\/\/www.robotec.sk\/welding\/wp-content\/uploads\/2019\/03\/te101.jpg 400w\" sizes=\"(max-width: 400px) 100vw, 400px\" \/><\/p>\n<p><strong>RIADIACA JEDNOTKA TE550<\/strong><\/p>\n<p><img decoding=\"async\" class=\" wp-image-1132\" src=\"https:\/\/www.robotec.sk\/welding\/wp-content\/uploads\/2019\/03\/te550.jpg\" alt=\"TE550\" width=\"394\" height=\"233\" srcset=\"https:\/\/www.robotec.sk\/welding\/wp-content\/uploads\/2019\/03\/te550-200x118.jpg 200w, https:\/\/www.robotec.sk\/welding\/wp-content\/uploads\/2019\/03\/te550.jpg 250w\" sizes=\"(max-width: 394px) 100vw, 394px\" \/><\/p>\n<p>&nbsp;<\/p>\n","protected":false},"excerpt":{"rendered":"<p>Pneumaticky ovl\u00e1dan\u00e9 jednof\u00e1zov\u00e9 stojanov\u00e9 bodova\u010dky s line\u00e1rnym pohybom ramena, vodn\u00fdm chladen\u00edm a s v\u00fdkonom 35 &#8211; 50 kVA.<\/p>\n","protected":false},"featured_media":1142,"template":"","meta":{"_monsterinsights_skip_tracking":false,"_monsterinsights_sitenote_active":false,"_monsterinsights_sitenote_note":"","_monsterinsights_sitenote_category":0},"product_brand":[],"product_cat":[47,53],"product_tag":[48],"yst_prominent_words":[],"class_list":{"0":"post-1141","1":"product","2":"type-product","3":"status-publish","4":"has-post-thumbnail","6":"product_cat-odporove-zvaracie-zariadenia-tecna","7":"product_cat-zvaracie-lisy","8":"product_tag-tecna","10":"first","11":"onbackorder","12":"taxable","13":"shipping-taxable","14":"product-type-simple"},"acf":[],"_links":{"self":[{"href":"https:\/\/www.robotec.sk\/welding\/wp-json\/wp\/v2\/product\/1141","targetHints":{"allow":["GET"]}}],"collection":[{"href":"https:\/\/www.robotec.sk\/welding\/wp-json\/wp\/v2\/product"}],"about":[{"href":"https:\/\/www.robotec.sk\/welding\/wp-json\/wp\/v2\/types\/product"}],"wp:featuredmedia":[{"embeddable":true,"href":"https:\/\/www.robotec.sk\/welding\/wp-json\/wp\/v2\/media\/1142"}],"wp:attachment":[{"href":"https:\/\/www.robotec.sk\/welding\/wp-json\/wp\/v2\/media?parent=1141"}],"wp:term":[{"taxonomy":"product_brand","embeddable":true,"href":"https:\/\/www.robotec.sk\/welding\/wp-json\/wp\/v2\/product_brand?post=1141"},{"taxonomy":"product_cat","embeddable":true,"href":"https:\/\/www.robotec.sk\/welding\/wp-json\/wp\/v2\/product_cat?post=1141"},{"taxonomy":"product_tag","embeddable":true,"href":"https:\/\/www.robotec.sk\/welding\/wp-json\/wp\/v2\/product_tag?post=1141"},{"taxonomy":"yst_prominent_words","embeddable":true,"href":"https:\/\/www.robotec.sk\/welding\/wp-json\/wp\/v2\/yst_prominent_words?post=1141"}],"curies":[{"name":"wp","href":"https:\/\/api.w.org\/{rel}","templated":true}]}}