{"id":1131,"date":"2019-03-12T08:00:48","date_gmt":"2019-03-12T07:00:48","guid":{"rendered":"https:\/\/www.robotec.sk\/welding\/?post_type=product&#038;p=1131"},"modified":"2020-05-21T10:02:42","modified_gmt":"2020-05-21T08:02:42","slug":"tecna-4660n-4663n","status":"publish","type":"product","link":"https:\/\/www.robotec.sk\/welding\/produkt\/tecna-4660n-4663n\/","title":{"rendered":"TECNA 4660N-4663N"},"content":{"rendered":"<p>Bodov\u00e9 zv\u00e1racie zariadenia Tecna 4660N &#8211; 4663N pon\u00fakaj\u00fa v\u00fdkonov\u00fd rozsah 35-50 kVA. S\u00fa vybaven\u00e9 s v\u00fdkyvn\u00fdmi ramenami, ktor\u00e9 s\u00fa ovl\u00e1dan\u00e9 pneumaticky. Nov\u00e1 kon\u0161trukcia pre pohodln\u00e9 ovl\u00e1danie sp\u013a\u0148a najn\u00e1ro\u010dnej\u0161ie po\u017eiadavky kladen\u00e9 na bodov\u00e9 odporov\u00e9 zv\u00e1racie stroje. T\u00e1to nov\u00e1 pevn\u00e1 ergonomick\u00e1 kon\u0161trukcia je kon\u0161truovan\u00e1 v\u00fdrobcom na z\u00e1klade dlhoro\u010dn\u00fdch sk\u00fasenost\u00ed. Riadiaca jednotka je umiestnen\u00e1 vpredu, aby oper\u00e1tor videl na zv\u00e1racie parametre po\u010das pracovn\u00e9ho cyklu.<\/p>\n<ul>\n<li id=\"u186927-5\">Chr\u00f3m-meden\u00e9 dr\u017eiaky elektr\u00f3d pre ve\u013ek\u00fa pracovn\u00fa z\u00e1\u0165a\u017e a dlh\u00fa \u017eivotnos\u0165, pre priamu i \u0161ikm\u00fa mont\u00e1\u017e.<\/li>\n<li id=\"u186927-7\">Vodou chladen\u00fd transform\u00e1tor s vinut\u00edm zaliatym epoxidovou \u017eivicou.<\/li>\n<li id=\"u186927-9\">Vodou chladen\u00e9 ramen\u00e1, dr\u017eiaky elektr\u00f3d a elektr\u00f3dy.<\/li>\n<li id=\"u186927-11\">Riadiaca jednotka TE 101 alebo TE 550.<\/li>\n<li id=\"u186927-13\">USB port pre ukladanie d\u00e1t (len u riadiacej jednotky TE 550).<\/li>\n<li id=\"u186927-15\">Bezolejov\u00fd vzduchov\u00fd valec.<\/li>\n<li id=\"u186927-17\">Vstavan\u00fd ochrann\u00fd filter stla\u010den\u00e9ho vzduchu s tlakomerom a s poloautomatick\u00fdm odstra\u0148ovan\u00edm vlhkosti.<\/li>\n<li id=\"u186927-19\">Dvojstup\u0148ov\u00e9 no\u017en\u00e9 elektrick\u00e9 ovl\u00e1danie pre zovretie kusov iba ak s\u00fa spr\u00e1vne umiestnen\u00e9.<\/li>\n<li id=\"u186927-21\">Pr\u00edprava pre pripojenie druh\u00e9ho no\u017en\u00e9ho dvojstup\u0148ov\u00e9ho elektrick\u00e9ho ovl\u00e1da\u010da pre priamu vo\u013ebu druh\u00e9ho zv\u00e1racieho programu (vhodn\u00e9 pre zv\u00e1ranie dvoch r\u00f4znych zvarov na jednom kuse materi\u00e1lu).<\/li>\n<li id=\"u186927-23\">Ramen\u00e1: vzdialenos\u0165 280 mm, nastavite\u013en\u00e1 d\u013a\u017eka do 320 mm.<\/li>\n<li id=\"u186927-25\">Nastavite\u013en\u00fd zdvih elektr\u00f3dy pre maxim\u00e1lne zv\u00fd\u0161enie pracovn\u00e9ho taktu.<\/li>\n<\/ul>\n<p><strong>RIADIACA JEDNOTKA TE101<\/strong><\/p>\n<p><img decoding=\"async\" class=\"size-400 wp-image-1126\" src=\"https:\/\/www.robotec.sk\/welding\/wp-content\/uploads\/2019\/03\/te101.jpg\" alt=\"TE101\" width=\"400\" height=\"238\" srcset=\"https:\/\/www.robotec.sk\/welding\/wp-content\/uploads\/2019\/03\/te101-200x119.jpg 200w, https:\/\/www.robotec.sk\/welding\/wp-content\/uploads\/2019\/03\/te101-300x179.jpg 300w, https:\/\/www.robotec.sk\/welding\/wp-content\/uploads\/2019\/03\/te101.jpg 400w\" sizes=\"(max-width: 400px) 100vw, 400px\" \/><\/p>\n<p><strong>RIADIACA JEDNOTKA TE550<\/strong><\/p>\n<p><img decoding=\"async\" class=\" wp-image-1132\" src=\"https:\/\/www.robotec.sk\/welding\/wp-content\/uploads\/2019\/03\/te550.jpg\" alt=\"TE550\" width=\"394\" height=\"233\" srcset=\"https:\/\/www.robotec.sk\/welding\/wp-content\/uploads\/2019\/03\/te550-200x118.jpg 200w, https:\/\/www.robotec.sk\/welding\/wp-content\/uploads\/2019\/03\/te550.jpg 250w\" sizes=\"(max-width: 394px) 100vw, 394px\" \/><\/p>\n<p>&nbsp;<\/p>\n","protected":false},"excerpt":{"rendered":"<p>Pneumaticky ovl\u00e1dan\u00e9 stojanov\u00e9 bodova\u010dky s v\u00fdkyvn\u00fdmi ramenami, vodn\u00fdm chladen\u00edm a s v\u00fdkonom 35 &#8211; 50 kVA.<\/p>\n","protected":false},"featured_media":1123,"template":"","meta":{"_monsterinsights_skip_tracking":false,"_monsterinsights_sitenote_active":false,"_monsterinsights_sitenote_note":"","_monsterinsights_sitenote_category":0},"product_brand":[],"product_cat":[47,52],"product_tag":[48],"yst_prominent_words":[],"class_list":{"0":"post-1131","1":"product","2":"type-product","3":"status-publish","4":"has-post-thumbnail","6":"product_cat-odporove-zvaracie-zariadenia-tecna","7":"product_cat-stojanove-bodovacky","8":"product_tag-tecna","10":"first","11":"onbackorder","12":"taxable","13":"shipping-taxable","14":"product-type-simple"},"acf":[],"_links":{"self":[{"href":"https:\/\/www.robotec.sk\/welding\/wp-json\/wp\/v2\/product\/1131","targetHints":{"allow":["GET"]}}],"collection":[{"href":"https:\/\/www.robotec.sk\/welding\/wp-json\/wp\/v2\/product"}],"about":[{"href":"https:\/\/www.robotec.sk\/welding\/wp-json\/wp\/v2\/types\/product"}],"wp:featuredmedia":[{"embeddable":true,"href":"https:\/\/www.robotec.sk\/welding\/wp-json\/wp\/v2\/media\/1123"}],"wp:attachment":[{"href":"https:\/\/www.robotec.sk\/welding\/wp-json\/wp\/v2\/media?parent=1131"}],"wp:term":[{"taxonomy":"product_brand","embeddable":true,"href":"https:\/\/www.robotec.sk\/welding\/wp-json\/wp\/v2\/product_brand?post=1131"},{"taxonomy":"product_cat","embeddable":true,"href":"https:\/\/www.robotec.sk\/welding\/wp-json\/wp\/v2\/product_cat?post=1131"},{"taxonomy":"product_tag","embeddable":true,"href":"https:\/\/www.robotec.sk\/welding\/wp-json\/wp\/v2\/product_tag?post=1131"},{"taxonomy":"yst_prominent_words","embeddable":true,"href":"https:\/\/www.robotec.sk\/welding\/wp-json\/wp\/v2\/yst_prominent_words?post=1131"}],"curies":[{"name":"wp","href":"https:\/\/api.w.org\/{rel}","templated":true}]}}