{"id":1125,"date":"2019-03-11T14:15:48","date_gmt":"2019-03-11T13:15:48","guid":{"rendered":"https:\/\/www.robotec.sk\/welding\/?post_type=product&#038;p=1125"},"modified":"2020-05-21T10:02:41","modified_gmt":"2020-05-21T08:02:41","slug":"tecna-4640-4644","status":"publish","type":"product","link":"https:\/\/www.robotec.sk\/welding\/produkt\/tecna-4640-4644\/","title":{"rendered":"TECNA 4640N-4644N"},"content":{"rendered":"<p>Bodov\u00e9 zv\u00e1racie zariadenia Tecna 4640N &#8211; 4644N pon\u00fakaj\u00fa v\u00fdkonov\u00fd rozsah 16-25 kVA. S\u00fa vybaven\u00e9 s v\u00fdkyvn\u00fdmi ramenami s no\u017en\u00fdm mechanick\u00fdm ovl\u00e1dan\u00edm. Nov\u00e1 kon\u0161trukcia pre pohodln\u00e9 ovl\u00e1danie sp\u013a\u0148a najn\u00e1ro\u010dnej\u0161ie po\u017eiadavky kladen\u00e9 na bodov\u00e9 odporov\u00e9 zv\u00e1racie stroje. T\u00e1to nov\u00e1 pevn\u00e1 ergonomick\u00e1 kon\u0161trukcia je kon\u0161truovan\u00e1 v\u00fdrobcom na z\u00e1klade dlhoro\u010dn\u00fdch sk\u00fasenost\u00ed. Riadiaca jednotka je umiestnen\u00e1 vpredu, aby oper\u00e1tor videl na zv\u00e1racie parametre po\u010das pracovn\u00e9ho cyklu.<\/p>\n<ul>\n<li id=\"u186643-5\">Nastavite\u013en\u00e1 d\u013a\u017eka ramien pod\u013ea druhu pr\u00e1ce.<\/li>\n<li id=\"u186643-7\">Elektr\u00f3dov\u00fd dr\u017eiak, ktor\u00fd je vyroben\u00fd zo zliatiny chr\u00f3mu a medi m\u00e1 dlh\u00fa \u017eivotnos\u0165, m\u00f4\u017ee by\u0165 v ramen\u00e1ch namontovan\u00fd kolmo alebo \u0161ikmo.<\/li>\n<li id=\"u186643-9\">V\u00fd\u0161ka zdvihu elektr\u00f3d je nastavite\u013en\u00e1.<\/li>\n<li id=\"u186643-11\">Epoxidov\u00e1 izol\u00e1cia transform\u00e1torov.<\/li>\n<li id=\"u186643-13\">Transform\u00e1tor, ramen\u00e1 a elektr\u00f3dov\u00fd dr\u017eiak s\u00fa chladen\u00e9 vodou.<\/li>\n<li id=\"u186643-15\">Mikroprocesorov\u00e1 riadiaca jednotka TECNA TE 101.<\/li>\n<\/ul>\n<p><strong>RIADIACA JEDNOTKA TE101<\/strong><\/p>\n<p><img decoding=\"async\" class=\"size-400 wp-image-1126\" src=\"https:\/\/www.robotec.sk\/welding\/wp-content\/uploads\/2019\/03\/te101.jpg\" alt=\"TE101\" width=\"400\" height=\"238\" srcset=\"https:\/\/www.robotec.sk\/welding\/wp-content\/uploads\/2019\/03\/te101-200x119.jpg 200w, https:\/\/www.robotec.sk\/welding\/wp-content\/uploads\/2019\/03\/te101-300x179.jpg 300w, https:\/\/www.robotec.sk\/welding\/wp-content\/uploads\/2019\/03\/te101.jpg 400w\" sizes=\"(max-width: 400px) 100vw, 400px\" \/><\/p>\n<p>&nbsp;<\/p>\n","protected":false},"excerpt":{"rendered":"<p>Mechanicky ovl\u00e1dan\u00e9 stojanov\u00e9 bodova\u010dky s v\u00fdkyvn\u00fdmi ramenami, vodn\u00fdm chladen\u00edm a s v\u00fdkonom 16 &#8211; 25 kVA.<\/p>\n","protected":false},"featured_media":1121,"template":"","meta":{"_monsterinsights_skip_tracking":false,"_monsterinsights_sitenote_active":false,"_monsterinsights_sitenote_note":"","_monsterinsights_sitenote_category":0},"product_brand":[],"product_cat":[47,52],"product_tag":[48],"yst_prominent_words":[],"class_list":{"0":"post-1125","1":"product","2":"type-product","3":"status-publish","4":"has-post-thumbnail","6":"product_cat-odporove-zvaracie-zariadenia-tecna","7":"product_cat-stojanove-bodovacky","8":"product_tag-tecna","10":"first","11":"onbackorder","12":"taxable","13":"shipping-taxable","14":"product-type-simple"},"acf":[],"_links":{"self":[{"href":"https:\/\/www.robotec.sk\/welding\/wp-json\/wp\/v2\/product\/1125","targetHints":{"allow":["GET"]}}],"collection":[{"href":"https:\/\/www.robotec.sk\/welding\/wp-json\/wp\/v2\/product"}],"about":[{"href":"https:\/\/www.robotec.sk\/welding\/wp-json\/wp\/v2\/types\/product"}],"wp:featuredmedia":[{"embeddable":true,"href":"https:\/\/www.robotec.sk\/welding\/wp-json\/wp\/v2\/media\/1121"}],"wp:attachment":[{"href":"https:\/\/www.robotec.sk\/welding\/wp-json\/wp\/v2\/media?parent=1125"}],"wp:term":[{"taxonomy":"product_brand","embeddable":true,"href":"https:\/\/www.robotec.sk\/welding\/wp-json\/wp\/v2\/product_brand?post=1125"},{"taxonomy":"product_cat","embeddable":true,"href":"https:\/\/www.robotec.sk\/welding\/wp-json\/wp\/v2\/product_cat?post=1125"},{"taxonomy":"product_tag","embeddable":true,"href":"https:\/\/www.robotec.sk\/welding\/wp-json\/wp\/v2\/product_tag?post=1125"},{"taxonomy":"yst_prominent_words","embeddable":true,"href":"https:\/\/www.robotec.sk\/welding\/wp-json\/wp\/v2\/yst_prominent_words?post=1125"}],"curies":[{"name":"wp","href":"https:\/\/api.w.org\/{rel}","templated":true}]}}