{"id":1103,"date":"2019-03-08T15:26:58","date_gmt":"2019-03-08T14:26:58","guid":{"rendered":"https:\/\/www.robotec.sk\/welding\/?post_type=product&#038;p=1103"},"modified":"2020-05-21T10:02:41","modified_gmt":"2020-05-21T08:02:41","slug":"tecna-3230-3233","status":"publish","type":"product","link":"https:\/\/www.robotec.sk\/welding\/produkt\/tecna-3230-3233\/","title":{"rendered":"TECNA 3230-3233"},"content":{"rendered":"<p>Bodov\u00e9 odporov\u00e9 zv\u00e1racie klie\u0161te typu 3230 \u2013 3233 s\u00fa najmodernej\u0161ie zv\u00e1racie klie\u0161te, ktor\u00e9 s\u00fa skon\u0161truovan\u00e9 pre dosiahnutie maxim\u00e1lnej kvality zvaru, vy\u0161\u0161ej produktivity pr\u00e1ce a efektivity prev\u00e1dzky. Tieto vlastnosti sa dosahuj\u00fa v\u010faka pou\u017eitiu technol\u00f3gie stredofrekven\u010dn\u00e9ho zv\u00e1rania. Zv\u00e1racie klie\u0161te maj\u00fa extern\u00fa riadiacu jednotku TE770.<\/p>\n<h3><strong>V\u00ddHODY STREDOFREKVEN\u010cN\u00ddCH BODOVAC\u00cdCH ZARIADEN\u00cd<\/strong><\/h3>\n<ul>\n<li>Sterdofrekven\u010dn\u00fd zdroj vyu\u017e\u00edva technol\u00f3giu slu\u010dky. T\u00e1 umo\u017e\u0148uje plynul\u00e9 nastavovanie prim\u00e1rneho aj sekund\u00e1rneho pr\u00fadu tak, aby sa vyrovn\u00e1valo ak\u00e9ko\u013evek kol\u00edsanie nap\u00e1jacieho nap\u00e4tia alebo r\u00f4znorodos\u0165 zv\u00e1ran\u00e9ho materi\u00e1lu, \u010d\u00edm sa dosahuje opakovate\u013en\u00e1 vysok\u00e1 kvalita zvarov.<\/li>\n<li>Vysok\u00e1 presnos\u0165 riadenia pr\u00fadu v\u010faka dvojitej sp\u00e4tnej v\u00e4zbe na prim\u00e1rnom i sekund\u00e1rnom okruhu.<\/li>\n<li>Zn\u00ed\u017eenie n\u00e1kladov na prev\u00e1dzku a \u00fadr\u017ebu. Aby sa dosiahol rovnak\u00fd v\u00fdsledok zv\u00e1rania, tradi\u010dn\u00fd syst\u00e9m striedav\u00e9ho pr\u00fadu by si vy\u017eadoval vy\u0161\u0161\u00ed in\u0161talovan\u00fd v\u00fdkon a sie\u0165ov\u00fd pr\u00fad. Okrem toho, kv\u00f4li krat\u0161\u00edm \u010dasom zv\u00e1rania a\u00a0zni\u017euje opotrebovanie elektr\u00f3d a\u00a0zvy\u0161uje produktivita pr\u00e1ce.<\/li>\n<li>Stredofrekven\u010dn\u00e9 zv\u00e1racie zdroje sa vyzna\u010duj\u00fa flexibilitou pou\u017eitia a\u00a0technol\u00f3giu je mo\u017en\u00e9 pou\u017ei\u0165 pre bodov\u00e9 zv\u00e1ranie \u0161irok\u00e9ho spektra materi\u00e1lov.<\/li>\n<li>Invertorov\u00fd stredofrekven\u010dn\u00fd zv\u00e1rac\u00ed zdroj m\u00e1 efekt\u00edvnej\u0161\u00ed tepeln\u00fd v\u00fdkon v porovnan\u00ed s\u00a0klasick\u00fdm zv\u00e1rac\u00edm zdrojom na zv\u00e1ranie sriedav\u00fdm pr\u00fadom. To umo\u017e\u0148uje dosiahnu\u0165 rovnak\u00fd v\u00fdsledok zv\u00e1rania v krat\u0161om \u010dase a zn\u00ed\u017ei\u0165 rozpt\u00fdlenie tepla okolo zvarov\u00e9ho nugetu, \u010d\u00edm sa zmen\u0161uje tepelne ovplyvnen\u00e1 z\u00f3na zv\u00e1ran\u00e9ho materi\u00e1lu.<\/li>\n<li>V\u010faka invertorovej technol\u00f3gii je mo\u017en\u00e9 dosiahnu\u0165 kompaktn\u00e9 rozmery zariaden\u00ed, ke\u010f\u017ee transform\u00e1tory s\u00fa takmer o\u00a050% men\u0161ie v\u00a0porovnan\u00ed s\u00a0AC technol\u00f3giu zv\u00e1rania.<\/li>\n<\/ul>\n","protected":false},"excerpt":{"rendered":"<p>Stredofrekven\u010dn\u00e9 pneumatick\u00e9 z\u00e1vesn\u00e9 bodovacie klie\u0161te s vodn\u00fdm chladen\u00edm a s v\u00fdkonom 50 kVA.<\/p>\n","protected":false},"featured_media":1107,"template":"","meta":{"_monsterinsights_skip_tracking":false,"_monsterinsights_sitenote_active":false,"_monsterinsights_sitenote_note":"","_monsterinsights_sitenote_category":0},"product_brand":[],"product_cat":[47,49,51],"product_tag":[48],"yst_prominent_words":[],"class_list":{"0":"post-1103","1":"product","2":"type-product","3":"status-publish","4":"has-post-thumbnail","6":"product_cat-odporove-zvaracie-zariadenia-tecna","7":"product_cat-bodovacie-klieste","8":"product_cat-zavesne-bodovacie-klieste","9":"product_tag-tecna","11":"first","12":"onbackorder","13":"taxable","14":"shipping-taxable","15":"product-type-simple"},"acf":[],"_links":{"self":[{"href":"https:\/\/www.robotec.sk\/welding\/wp-json\/wp\/v2\/product\/1103","targetHints":{"allow":["GET"]}}],"collection":[{"href":"https:\/\/www.robotec.sk\/welding\/wp-json\/wp\/v2\/product"}],"about":[{"href":"https:\/\/www.robotec.sk\/welding\/wp-json\/wp\/v2\/types\/product"}],"wp:featuredmedia":[{"embeddable":true,"href":"https:\/\/www.robotec.sk\/welding\/wp-json\/wp\/v2\/media\/1107"}],"wp:attachment":[{"href":"https:\/\/www.robotec.sk\/welding\/wp-json\/wp\/v2\/media?parent=1103"}],"wp:term":[{"taxonomy":"product_brand","embeddable":true,"href":"https:\/\/www.robotec.sk\/welding\/wp-json\/wp\/v2\/product_brand?post=1103"},{"taxonomy":"product_cat","embeddable":true,"href":"https:\/\/www.robotec.sk\/welding\/wp-json\/wp\/v2\/product_cat?post=1103"},{"taxonomy":"product_tag","embeddable":true,"href":"https:\/\/www.robotec.sk\/welding\/wp-json\/wp\/v2\/product_tag?post=1103"},{"taxonomy":"yst_prominent_words","embeddable":true,"href":"https:\/\/www.robotec.sk\/welding\/wp-json\/wp\/v2\/yst_prominent_words?post=1103"}],"curies":[{"name":"wp","href":"https:\/\/api.w.org\/{rel}","templated":true}]}}