{"id":1096,"date":"2019-03-05T14:15:57","date_gmt":"2019-03-05T13:15:57","guid":{"rendered":"https:\/\/www.robotec.sk\/welding\/?post_type=product&#038;p=1096"},"modified":"2020-05-21T10:02:41","modified_gmt":"2020-05-21T08:02:41","slug":"tecna-3020-3168","status":"publish","type":"product","link":"https:\/\/www.robotec.sk\/welding\/produkt\/tecna-3020-3168\/","title":{"rendered":"TECNA 3020-3168"},"content":{"rendered":"<p>Bodov\u00e9 odporov\u00e9 zv\u00e1racie klie\u0161te typu 3020 \u2013 3168 predstavuj\u00fa optim\u00e1lnu vo\u013ebu pre ve\u013emi n\u00e1ro\u010dn\u00fa prev\u00e1dzku, v ktorej s\u00fa z r\u00f4znych d\u00f4vodov preferovan\u00e9 klie\u0161te s klasick\u00fdm transform\u00e1torom pred klie\u0161\u0165ami s invertorovou technol\u00f3giou. Tieto typy maj\u00fa v\u00fdkon pri 50% za\u0165a\u017een\u00ed 32 a\u017e 75 kVA a pr\u00edtlak elektr\u00f3d a\u017e 855 daN (kg). Riadiaca jednotka je integrovan\u00e1 do zv\u00e1racieho zdroja, na \u017eelanie z\u00e1kazn\u00edka je mo\u017en\u00e9 doda\u0165 zariadenie aj s externou riadiacou jednotkou. Maxim\u00e1lna d\u013a\u017eka ramien je 1030 mm.<\/p>\n<ul>\n<li id=\"u182862-5\">\n<p id=\"u185385-5\">v\u00fdkon 32 \u2013 75 KVA, pr\u00edtlak elektr\u00f3d a\u017e 855 daN (kg)<\/p>\n<\/li>\n<li>\n<p id=\"u185385-5\">d\u013a\u017eka ramien 190 \u2013 1030 mm<\/p>\n<\/li>\n<li>\n<p id=\"u185385-5\">\u0161tandardn\u00fd transform\u00e1tor pod\u013ea ISO 5826<\/p>\n<\/li>\n<li>\n<p id=\"u185385-5\">vodou chladen\u00fd cel\u00fd sekund\u00e1rny okruh<\/p>\n<\/li>\n<li>\n<p id=\"u185385-5\">ergonomick\u00e1 rukov\u00e4\u0165 s poistkou proti n\u00e1hodn\u00e9mu spusteniu a s prep\u00edna\u010dom programov<\/p>\n<\/li>\n<li>\n<p id=\"u185385-5\">lo\u017eisko pre zavesenie na balanc\u00e9r<\/p>\n<\/li>\n<li>\n<p id=\"u185385-5\">jednoduch\u00e1 \u00fadr\u017eba a dlh\u00e1 \u017eivotnos\u0165 zariadenia<\/p>\n<\/li>\n<\/ul>\n","protected":false},"excerpt":{"rendered":"<p>Pneumatick\u00e9 z\u00e1vesn\u00e9 bodovacie klie\u0161te s vodn\u00fdm chladen\u00edm a s v\u00fdkonom 32 &#8211; 75 kVA.<\/p>\n","protected":false},"featured_media":1100,"template":"","meta":{"_monsterinsights_skip_tracking":false,"_monsterinsights_sitenote_active":false,"_monsterinsights_sitenote_note":"","_monsterinsights_sitenote_category":0},"product_brand":[],"product_cat":[47,49,51],"product_tag":[48],"yst_prominent_words":[],"class_list":{"0":"post-1096","1":"product","2":"type-product","3":"status-publish","4":"has-post-thumbnail","6":"product_cat-odporove-zvaracie-zariadenia-tecna","7":"product_cat-bodovacie-klieste","8":"product_cat-zavesne-bodovacie-klieste","9":"product_tag-tecna","11":"first","12":"onbackorder","13":"taxable","14":"shipping-taxable","15":"product-type-simple"},"acf":[],"_links":{"self":[{"href":"https:\/\/www.robotec.sk\/welding\/wp-json\/wp\/v2\/product\/1096","targetHints":{"allow":["GET"]}}],"collection":[{"href":"https:\/\/www.robotec.sk\/welding\/wp-json\/wp\/v2\/product"}],"about":[{"href":"https:\/\/www.robotec.sk\/welding\/wp-json\/wp\/v2\/types\/product"}],"wp:featuredmedia":[{"embeddable":true,"href":"https:\/\/www.robotec.sk\/welding\/wp-json\/wp\/v2\/media\/1100"}],"wp:attachment":[{"href":"https:\/\/www.robotec.sk\/welding\/wp-json\/wp\/v2\/media?parent=1096"}],"wp:term":[{"taxonomy":"product_brand","embeddable":true,"href":"https:\/\/www.robotec.sk\/welding\/wp-json\/wp\/v2\/product_brand?post=1096"},{"taxonomy":"product_cat","embeddable":true,"href":"https:\/\/www.robotec.sk\/welding\/wp-json\/wp\/v2\/product_cat?post=1096"},{"taxonomy":"product_tag","embeddable":true,"href":"https:\/\/www.robotec.sk\/welding\/wp-json\/wp\/v2\/product_tag?post=1096"},{"taxonomy":"yst_prominent_words","embeddable":true,"href":"https:\/\/www.robotec.sk\/welding\/wp-json\/wp\/v2\/yst_prominent_words?post=1096"}],"curies":[{"name":"wp","href":"https:\/\/api.w.org\/{rel}","templated":true}]}}