{"id":1092,"date":"2019-03-05T13:03:23","date_gmt":"2019-03-05T12:03:23","guid":{"rendered":"https:\/\/www.robotec.sk\/welding\/?post_type=product&#038;p=1092"},"modified":"2020-05-21T10:02:41","modified_gmt":"2020-05-21T08:02:41","slug":"tecna-3321-3328","status":"publish","type":"product","link":"https:\/\/www.robotec.sk\/welding\/produkt\/tecna-3321-3328\/","title":{"rendered":"TECNA 3321-3328"},"content":{"rendered":"<p>Tieto pneumaticky ovl\u00e1dan\u00e9 z\u00e1vesn\u00e9 bodovacie klie\u0161te s integrovanou riadiacou jednotkou s\u00fa ur\u010den\u00e9 pre n\u00e1ro\u010dn\u00e9 nasadenie vo v\u00fdrobn\u00fdch prev\u00e1dzkach. Oproti konkurencii vynikaj\u00fa predov\u0161etk\u00fdm vysok\u00fdm v\u00fdkonom, kompaktn\u00fdmi rozmermi a n\u00edzkou hmotnos\u0165ou, \u010do u\u013eah\u010duje zv\u00e1ranie komplikovanej\u0161\u00edch dielov na men\u0161om pracovnom priestore. D\u00e1 sa s nimi \u013eahko manipulova\u0165, pr\u00e1ca je presnej\u0161ia a produkt\u00edvnej\u0161ia.<\/p>\n<ul>\n<li id=\"u182862-5\">v\u00fdkon 16 \u2013 38 kVA, pr\u00edtlak a\u017e 695 daN (Kg)<\/li>\n<li>vysok\u00e1 produktivita, \u00fa\u010deln\u00fd design, kompaktn\u00e9 rozmery a vysok\u00fd zv\u00e1rac\u00ed v\u00fdkon<\/li>\n<li>integrovan\u00e1 riadiaca jednotka\u00a0 \u2013 \u00faspora miesta na pracovisku, r\u00fdchla in\u0161tal\u00e1cia<\/li>\n<li>jednoduch\u00e1 in\u0161tal\u00e1cia a pr\u00edprava pre pr\u00e1cu<\/li>\n<li id=\"u182862-13\">vodou chladen\u00e9 s\u00fa dr\u00e1\u017eky elektr\u00f3d, ramen\u00e1, transform\u00e1tor a SCR st\u00fdka\u010d<\/li>\n<li id=\"u182862-15\">z\u00e1ves na balanc\u00e9r<\/li>\n<li id=\"u182862-17\">nastavite\u013en\u00e1 vzdialenos\u0165 elektr\u00f3d<\/li>\n<li id=\"u182862-19\">mo\u017enos\u0165 dvojit\u00e9ho zdvihu &#8211; vy\u0161\u0161ia produktivita<\/li>\n<li id=\"u182862-21\">integrovan\u00e9 tla\u010d\u00edtko n\u00fadzov\u00e9ho vypnutie na zadnej strane zariadenia<\/li>\n<li id=\"u182862-23\">bezolejov\u00fd chr\u00f3movan\u00fd valec a piest dimenzovan\u00fd pre vysok\u00e9 za\u0165a\u017eenie a dlh\u00fa \u017eivotnos\u0165<\/li>\n<li id=\"u182862-25\">mo\u017enos\u0165 vo\u013eby riadiacej jednotky pod\u013ea po\u017eadovan\u00fdch parametrov \u2013 TE 300 alebo TE 450<\/li>\n<li id=\"u182862-27\">bezpe\u010dnostn\u00e9 dvojit\u00e9 tla\u010d\u00edtko na rukov\u00e4ti zabra\u0148uj\u00face n\u00e1hodn\u00e9mu stla\u010deniu<\/li>\n<\/ul>\n","protected":false},"excerpt":{"rendered":"<p>Pneumatick\u00e9 z\u00e1vesn\u00e9 bodovacie klie\u0161te s vodn\u00fdm chladen\u00edm a s v\u00fdkonom 16 &#8211; 38 kVA.<\/p>\n","protected":false},"featured_media":1069,"template":"","meta":{"_monsterinsights_skip_tracking":false,"_monsterinsights_sitenote_active":false,"_monsterinsights_sitenote_note":"","_monsterinsights_sitenote_category":0},"product_brand":[],"product_cat":[47,49,51],"product_tag":[48],"yst_prominent_words":[],"class_list":{"0":"post-1092","1":"product","2":"type-product","3":"status-publish","4":"has-post-thumbnail","6":"product_cat-odporove-zvaracie-zariadenia-tecna","7":"product_cat-bodovacie-klieste","8":"product_cat-zavesne-bodovacie-klieste","9":"product_tag-tecna","11":"first","12":"onbackorder","13":"taxable","14":"shipping-taxable","15":"product-type-simple"},"acf":[],"_links":{"self":[{"href":"https:\/\/www.robotec.sk\/welding\/wp-json\/wp\/v2\/product\/1092","targetHints":{"allow":["GET"]}}],"collection":[{"href":"https:\/\/www.robotec.sk\/welding\/wp-json\/wp\/v2\/product"}],"about":[{"href":"https:\/\/www.robotec.sk\/welding\/wp-json\/wp\/v2\/types\/product"}],"wp:featuredmedia":[{"embeddable":true,"href":"https:\/\/www.robotec.sk\/welding\/wp-json\/wp\/v2\/media\/1069"}],"wp:attachment":[{"href":"https:\/\/www.robotec.sk\/welding\/wp-json\/wp\/v2\/media?parent=1092"}],"wp:term":[{"taxonomy":"product_brand","embeddable":true,"href":"https:\/\/www.robotec.sk\/welding\/wp-json\/wp\/v2\/product_brand?post=1092"},{"taxonomy":"product_cat","embeddable":true,"href":"https:\/\/www.robotec.sk\/welding\/wp-json\/wp\/v2\/product_cat?post=1092"},{"taxonomy":"product_tag","embeddable":true,"href":"https:\/\/www.robotec.sk\/welding\/wp-json\/wp\/v2\/product_tag?post=1092"},{"taxonomy":"yst_prominent_words","embeddable":true,"href":"https:\/\/www.robotec.sk\/welding\/wp-json\/wp\/v2\/yst_prominent_words?post=1092"}],"curies":[{"name":"wp","href":"https:\/\/api.w.org\/{rel}","templated":true}]}}