{"id":1090,"date":"2019-03-01T16:10:25","date_gmt":"2019-03-01T15:10:25","guid":{"rendered":"https:\/\/www.robotec.sk\/welding\/?post_type=product&#038;p=1090"},"modified":"2020-05-21T10:02:41","modified_gmt":"2020-05-21T08:02:41","slug":"tecna-7915","status":"publish","type":"product","link":"https:\/\/www.robotec.sk\/welding\/produkt\/tecna-7915\/","title":{"rendered":"TECNA 7915"},"content":{"rendered":"<p>Klie\u0161te s\u00fa ur\u010den\u00e9 pre vysok\u00e9 nasadenie v autooprav\u00e1renstve. \u013dahk\u00e1 v\u00fdroba v priemyseln\u00fdch a dielensk\u00fdch prev\u00e1dzkach. Integrovan\u00fd synchronizovan\u00fd \u010dasov\u00fd sp\u00edna\u010d 2 &#8211; 65 cyklov a kontaktory SCR.Kompenza\u010dn\u00fd obvod spust\u00ed \u010dasov\u00fd sp\u00edna\u010d len vtedy, ke\u010f nie je mo\u017en\u00fd \u017eiadny prechod zv\u00e1racieho pr\u00fadu, tak\u017ee zabezpe\u010d\u00ed kvalitn\u00fd bod aj na oxidovan\u00fdch ploch\u00e1ch a ploch\u00e1ch so zvy\u0161kami farieb.\u00a0 Kontrola pr\u00fadu a vyrovnanie f\u00e1z pri \u0165a\u017ekom zv\u00e1ran\u00ed ve\u013emi tenk\u00fdch plechov, tenk\u00fdch dr\u00f4tov a plechov z u\u0161\u013eachtilej ocele.\u00a0 Podlo\u017eka pre stabiln\u00e9 ulo\u017eenie na pracovnom stole.\u00a0 Tlakov\u00fd sp\u00edna\u010d v klie\u0161\u0165ach prispieva k \u00faspore \u010dasu, akon\u00e1hle je dan\u00fd spr\u00e1vny pracovn\u00fd tlak medzi elektr\u00f3dami, zopne.\u00a0 V\u0161etky transform\u00e1tory maj\u00fa izol\u00e1ciu vinutia triedy F.\u00a0 Test je vykonan\u00fd prilo\u017een\u00fdm nap\u00e4t\u00edm 4000 V.\u00a0 Ramen\u00e1 7512\/7513\/7514\/7515 na objedn\u00e1vku.\u00a0 Mo\u017enos\u0165 pulzn\u00e9ho zv\u00e1ranie na objedn\u00e1vku (typy P).<\/p>\n","protected":false},"excerpt":{"rendered":"<p>Pneumatick\u00e9 prenosn\u00e9 bodovacie klie\u0161te s vodn\u00fdm chladen\u00edm &#8211; 6 KVA. D\u013a\u017eka ramien : 150 &#8211; 500 mm. Maxim\u00e1lny pr\u00edtlak elektr\u00f3d : 40 &#8211; 120 daN. Zdvih elektr\u00f3d : 35 &#8211; 90 mm.<\/p>\n","protected":false},"featured_media":1087,"template":"","meta":{"_monsterinsights_skip_tracking":false,"_monsterinsights_sitenote_active":false,"_monsterinsights_sitenote_note":"","_monsterinsights_sitenote_category":0},"product_brand":[],"product_cat":[47,49,50],"product_tag":[48],"yst_prominent_words":[],"class_list":{"0":"post-1090","1":"product","2":"type-product","3":"status-publish","4":"has-post-thumbnail","6":"product_cat-odporove-zvaracie-zariadenia-tecna","7":"product_cat-bodovacie-klieste","8":"product_cat-prenosne-bodovacie-klieste","9":"product_tag-tecna","11":"first","12":"onbackorder","13":"taxable","14":"shipping-taxable","15":"product-type-simple"},"acf":[],"_links":{"self":[{"href":"https:\/\/www.robotec.sk\/welding\/wp-json\/wp\/v2\/product\/1090","targetHints":{"allow":["GET"]}}],"collection":[{"href":"https:\/\/www.robotec.sk\/welding\/wp-json\/wp\/v2\/product"}],"about":[{"href":"https:\/\/www.robotec.sk\/welding\/wp-json\/wp\/v2\/types\/product"}],"wp:featuredmedia":[{"embeddable":true,"href":"https:\/\/www.robotec.sk\/welding\/wp-json\/wp\/v2\/media\/1087"}],"wp:attachment":[{"href":"https:\/\/www.robotec.sk\/welding\/wp-json\/wp\/v2\/media?parent=1090"}],"wp:term":[{"taxonomy":"product_brand","embeddable":true,"href":"https:\/\/www.robotec.sk\/welding\/wp-json\/wp\/v2\/product_brand?post=1090"},{"taxonomy":"product_cat","embeddable":true,"href":"https:\/\/www.robotec.sk\/welding\/wp-json\/wp\/v2\/product_cat?post=1090"},{"taxonomy":"product_tag","embeddable":true,"href":"https:\/\/www.robotec.sk\/welding\/wp-json\/wp\/v2\/product_tag?post=1090"},{"taxonomy":"yst_prominent_words","embeddable":true,"href":"https:\/\/www.robotec.sk\/welding\/wp-json\/wp\/v2\/yst_prominent_words?post=1090"}],"curies":[{"name":"wp","href":"https:\/\/api.w.org\/{rel}","templated":true}]}}