{"id":1084,"date":"2019-03-01T14:56:29","date_gmt":"2019-03-01T13:56:29","guid":{"rendered":"https:\/\/www.robotec.sk\/welding\/?post_type=product&#038;p=1084"},"modified":"2020-05-21T10:02:40","modified_gmt":"2020-05-21T08:02:40","slug":"7903","status":"publish","type":"product","link":"https:\/\/www.robotec.sk\/welding\/produkt\/7903\/","title":{"rendered":"TECNA 7903"},"content":{"rendered":"<p>Prenosn\u00e1 plne vodou chladen\u00e1 zv\u00e1ra\u010dka, mo\u017eno ju pou\u017ei\u0165 s chladen\u00fdmi ramenami 7512, 7513, 7514 a 7515 (ako volite\u013en\u00e9 pr\u00edslu\u0161enstvo).\u00a0\u00a0 Je ur\u010den\u00e1 pre kvalitn\u00fa pr\u00e1cu pri oprav\u00e1ch automobilov a v\u00fdrobu \u013eahk\u00fdch oce\u013eov\u00fdch kon\u0161trukci\u00ed.\u00a0 Vybaven\u00e1 vstavan\u00fdm synchr\u00f3nnym elektronick\u00fdm \u010dasova\u010dom od 2 do 65 cyklov ASCR st\u00fdka\u010dom.\u00a0\u00a0 Zv\u00e1ranie pulzn\u00fdm pr\u00fadom (pri type 7903P).\u00a0\u00a0 Kompenza\u010dn\u00fd okruh umo\u017e\u0148uje kvalitn\u00e9 zv\u00e1ra\u0165 aj zoxidovan\u00e9 plechy alebo plechy so zvy\u0161kami farby &#8211; kontroluje skuto\u010dn\u00fd priechod pr\u00fadu.\u00a0\u00a0 Riadenie pr\u00fadu s posunom f\u00e1zy pre zv\u00e1ranie n\u00e1ro\u010dn\u00fdch zvarov u ve\u013emi slab\u00fdch plechov, tenk\u00fdch dr\u00f4tov, na nerezovej oceli alebo podobn\u00fdch materi\u00e1loch.\u00a0 Nastavenie cos fi.\u00a0\u00a0 Nastavenie pr\u00edtlaku pod\u013ea stupnice v daN (kg).\u00a0\u00a0 Druh\u00e1 pr\u00edruba ramena umo\u017e\u0148uj\u00face v\u00e4\u010d\u0161\u00ed rozostup medzi ramenami.\u00a0\u00a0 V\u0161etky transform\u00e1tory s\u00fa pokryt\u00e9 izola\u010dn\u00fdm materi\u00e1lom triedy F.\u00a0\u00a0 Test je vykonan\u00fd nap\u00e4t\u00edm 4000 V.<\/p>\n","protected":false},"excerpt":{"rendered":"<p>Ru\u010dn\u00e9 bodovacie klie\u0161te chladen\u00e9 vodou &#8211; 6 KVA. D\u013a\u017eka ramien : 150 &#8211; 500 mm. Maxim\u00e1lny pr\u00edtlak elektr\u00f3d : 40 &#8211; 120 daN. Zdvih elektr\u00f3d : 55 &#8211; 190 mm.<\/p>\n","protected":false},"featured_media":1072,"template":"","meta":{"_monsterinsights_skip_tracking":false,"_monsterinsights_sitenote_active":false,"_monsterinsights_sitenote_note":"","_monsterinsights_sitenote_category":0},"product_brand":[],"product_cat":[47,49,50],"product_tag":[48],"yst_prominent_words":[],"class_list":{"0":"post-1084","1":"product","2":"type-product","3":"status-publish","4":"has-post-thumbnail","6":"product_cat-odporove-zvaracie-zariadenia-tecna","7":"product_cat-bodovacie-klieste","8":"product_cat-prenosne-bodovacie-klieste","9":"product_tag-tecna","11":"first","12":"onbackorder","13":"taxable","14":"shipping-taxable","15":"product-type-simple"},"acf":[],"_links":{"self":[{"href":"https:\/\/www.robotec.sk\/welding\/wp-json\/wp\/v2\/product\/1084","targetHints":{"allow":["GET"]}}],"collection":[{"href":"https:\/\/www.robotec.sk\/welding\/wp-json\/wp\/v2\/product"}],"about":[{"href":"https:\/\/www.robotec.sk\/welding\/wp-json\/wp\/v2\/types\/product"}],"wp:featuredmedia":[{"embeddable":true,"href":"https:\/\/www.robotec.sk\/welding\/wp-json\/wp\/v2\/media\/1072"}],"wp:attachment":[{"href":"https:\/\/www.robotec.sk\/welding\/wp-json\/wp\/v2\/media?parent=1084"}],"wp:term":[{"taxonomy":"product_brand","embeddable":true,"href":"https:\/\/www.robotec.sk\/welding\/wp-json\/wp\/v2\/product_brand?post=1084"},{"taxonomy":"product_cat","embeddable":true,"href":"https:\/\/www.robotec.sk\/welding\/wp-json\/wp\/v2\/product_cat?post=1084"},{"taxonomy":"product_tag","embeddable":true,"href":"https:\/\/www.robotec.sk\/welding\/wp-json\/wp\/v2\/product_tag?post=1084"},{"taxonomy":"yst_prominent_words","embeddable":true,"href":"https:\/\/www.robotec.sk\/welding\/wp-json\/wp\/v2\/yst_prominent_words?post=1084"}],"curies":[{"name":"wp","href":"https:\/\/api.w.org\/{rel}","templated":true}]}}