{"id":1079,"date":"2019-03-01T12:20:28","date_gmt":"2019-03-01T11:20:28","guid":{"rendered":"https:\/\/www.robotec.sk\/welding\/?post_type=product&#038;p=1079"},"modified":"2020-05-21T10:02:40","modified_gmt":"2020-05-21T08:02:40","slug":"7900","status":"publish","type":"product","link":"https:\/\/www.robotec.sk\/welding\/produkt\/7900\/","title":{"rendered":"TECNA 7900"},"content":{"rendered":"<p>\u013dahk\u00e9 bodovacie klie\u0161te na mnohostrann\u00e9 pou\u017eitie.\u00a0 Zariadenie m\u00e1 integrovan\u00fd synchronizovan\u00fd elektronick\u00fd \u010dasov\u00fd sp\u00edna\u010d s SCR od 2 do 65 cyklov.\u00a0\u00a0 Kompenza\u010dn\u00fd obvod spust\u00ed \u010dasov\u00fd sp\u00edna\u010d len vtedy, ke\u010f nie je mo\u017en\u00fd \u017eiadny prechod zv\u00e1racieho pr\u00fadu, tak\u017ee zabezpe\u010d\u00ed kvalitn\u00fd bod aj na oxidovan\u00fdch ploch\u00e1ch a ploch\u00e1ch so zvy\u0161kami farieb.\u00a0\u00a0 Nastavovanie pr\u00edtlaku elektr\u00f3d so stupnicou v daN. Ovl\u00e1dacia p\u00e1ka zais\u0165uje ve\u013ek\u00e9 roztvorenie medzi ramenami.\u00a0\u00a0 V\u0161etky transform\u00e1tory maj\u00fa izol\u00e1ciu vinutia triedy F.\u00a0\u00a0 Test je vykonan\u00fd prilo\u017een\u00fdm nap\u00e4t\u00edm 4000 V.\u00a0\u00a0 Kontrola pr\u00fadu a vyrovnanie f\u00e1z pri \u0165a\u017ekom zv\u00e1ran\u00ed ve\u013emi tenk\u00fdch plechov, tenk\u00fdch dr\u00f4tov a plechov z u\u0161\u013eachtilej ocele.<\/p>\n","protected":false},"excerpt":{"rendered":"<p>Ru\u010dn\u00e9 bodovacie klie\u0161te &#8211; 2 KVA. D\u013a\u017eka ramien : 125 &#8211; 500 mm. Maxim\u00e1lny pr\u00edtlak elektr\u00f3d : 38 &#8211; 120 daN. Zdvih elektr\u00f3d : 55 &#8211; 185 mm.<\/p>\n","protected":false},"featured_media":1070,"template":"","meta":{"_monsterinsights_skip_tracking":false,"_monsterinsights_sitenote_active":false,"_monsterinsights_sitenote_note":"","_monsterinsights_sitenote_category":0},"product_brand":[],"product_cat":[47,49,50],"product_tag":[48],"yst_prominent_words":[],"class_list":{"0":"post-1079","1":"product","2":"type-product","3":"status-publish","4":"has-post-thumbnail","6":"product_cat-odporove-zvaracie-zariadenia-tecna","7":"product_cat-bodovacie-klieste","8":"product_cat-prenosne-bodovacie-klieste","9":"product_tag-tecna","11":"first","12":"onbackorder","13":"taxable","14":"shipping-taxable","15":"product-type-simple"},"acf":[],"_links":{"self":[{"href":"https:\/\/www.robotec.sk\/welding\/wp-json\/wp\/v2\/product\/1079","targetHints":{"allow":["GET"]}}],"collection":[{"href":"https:\/\/www.robotec.sk\/welding\/wp-json\/wp\/v2\/product"}],"about":[{"href":"https:\/\/www.robotec.sk\/welding\/wp-json\/wp\/v2\/types\/product"}],"wp:featuredmedia":[{"embeddable":true,"href":"https:\/\/www.robotec.sk\/welding\/wp-json\/wp\/v2\/media\/1070"}],"wp:attachment":[{"href":"https:\/\/www.robotec.sk\/welding\/wp-json\/wp\/v2\/media?parent=1079"}],"wp:term":[{"taxonomy":"product_brand","embeddable":true,"href":"https:\/\/www.robotec.sk\/welding\/wp-json\/wp\/v2\/product_brand?post=1079"},{"taxonomy":"product_cat","embeddable":true,"href":"https:\/\/www.robotec.sk\/welding\/wp-json\/wp\/v2\/product_cat?post=1079"},{"taxonomy":"product_tag","embeddable":true,"href":"https:\/\/www.robotec.sk\/welding\/wp-json\/wp\/v2\/product_tag?post=1079"},{"taxonomy":"yst_prominent_words","embeddable":true,"href":"https:\/\/www.robotec.sk\/welding\/wp-json\/wp\/v2\/yst_prominent_words?post=1079"}],"curies":[{"name":"wp","href":"https:\/\/api.w.org\/{rel}","templated":true}]}}