{"id":1058,"date":"2019-02-27T11:32:30","date_gmt":"2019-02-27T10:32:30","guid":{"rendered":"https:\/\/www.robotec.sk\/welding\/?post_type=product&#038;p=1058"},"modified":"2020-05-21T10:02:40","modified_gmt":"2020-05-21T08:02:40","slug":"airtracker-nano","status":"publish","type":"product","link":"https:\/\/www.robotec.sk\/welding\/produkt\/airtracker-nano\/","title":{"rendered":"AIRTRACKER NANO"},"content":{"rendered":"<p>Airtracker Nano je zariadenie ur\u010den\u00e9 na monitorovanie \u010distoty vzduchu, teploty, vlhkosti a obsahu CO2 v miestnostiach. Svoje uplatnenie nach\u00e1dza napr\u00edklad v \u00faradoch, \u0161kol\u00e1ch, laborat\u00f3ri\u00e1ch \u010di nemocniciach.<\/p>\n<p id=\"u173218-5\">Zariadenia Aitracker Nano sa vyr\u00e1baj\u00fa v troch prevedeniach prevedeniach. Odli\u0161uj\u00fa sa od seba len v sp\u00f4sobe prenosu z\u00edskan\u00fdch d\u00e1t. Airtracker Nano Blue pren\u00e1\u0161a z\u00edskan\u00e9 d\u00e1ta prostredn\u00edctvom rozhrania Bluetooth do aplik\u00e1cie v telef\u00f3ne alebo tablete. Verzia Airtracker Nano Pro pren\u00e1\u0161a d\u00e1ta prostredn\u00edctvom Wi-Fi, \u010do umo\u017e\u0148uje jeho integr\u00e1ciu do lok\u00e1lnej siete a pristupova\u0165 k z\u00edskan\u00fdm inform\u00e1ci\u00e1m centr\u00e1lne na jednom po\u010d\u00edta\u010di. Tre\u0165ou verziu je Airtracker Nano Pro Business taktie\u017e pren\u00e1\u0161a d\u00e1ta prostredn\u00edctvom Wi-Fi, av\u0161ak naviac je vybaven\u00fd aj senzorom na meranie koncentr\u00e1cie CO2.<\/p>\n<p id=\"u173218-8\">Zariadenia Airtracker Nano sa vyzna\u010duj\u00fa vysokou spo\u013eahlivos\u0165ou a kr\u00e1tkym \u010dasom odozvy, \u010do sa prejavuje na ich vysokej efektivite \u00fa\u010dinnosti. Senzory zariadenia kontinu\u00e1lne a ve\u013emi prec\u00edzne sleduj\u00fa mno\u017estvo prachov\u00fdch \u010dast\u00edc, teplotu, vlhkos\u0165, popr\u00edpade koncentr\u00e1ciu CO2. Pomocou anal\u00fdzy d\u00e1t z\u00edskan\u00fdch z t\u00fdchto zariaden\u00ed je mo\u017en\u00e9 presne ur\u010di\u0165 zdroje zne\u010distenia na miestach, kde doch\u00e1dza k zdravotn\u00fdm probl\u00e9mom. Pre meranie koncentr\u00e1cie prachov\u00fdch \u010dast\u00edc sa pou\u017e\u00edva laserov\u00e1 technol\u00f3gia. Zariadenia nie s\u00fa vybaven\u00e9 ventil\u00e1torom, tak\u017ee ich prev\u00e1dzka je tich\u00e1 a neru\u0161ia okolit\u00e9 prostredie.<\/p>\n<h3>AIRTRACKER NANO BLUE<\/h3>\n<p>Airtracker Nano Blue umo\u017e\u0148uje v\u010faka svojmu laserov\u00e9mu senzoru presne mera\u0165 \u00farove\u0148 zne\u010distenia v miestnostiach. Tento elegantn\u00fd senzor sa uplat\u0148uje v kancel\u00e1ri\u00e1ch \u00faradov, spolo\u010dnost\u00ed, laborat\u00f3ri\u00e1ch \u010di v \u0161kol\u00e1ch. Okrem senzoru pre meranie zne\u010distenia pevn\u00fdmi \u010dasticami je zariadenie vybaven\u00e9 aj senzormi pre meranie teploty a vlhkosti. Z\u00edskan\u00e9 d\u00e1ta s\u00fa pren\u00e1\u0161an\u00e9 do aplik\u00e1cie v mobilnom telef\u00f3ne alebo tablete s opera\u010dn\u00fdm syst\u00e9mom Android alebo iOS.<\/p>\n<p><img decoding=\"async\" class=\"wp-image-1059 size-600\" src=\"https:\/\/www.robotec.sk\/welding\/wp-content\/uploads\/2019\/02\/airtracker_nano_blue.jpg\" alt=\"AirTracker Nano Blue\" width=\"600\" height=\"392\" srcset=\"https:\/\/www.robotec.sk\/welding\/wp-content\/uploads\/2019\/02\/airtracker_nano_blue-200x131.jpg 200w, https:\/\/www.robotec.sk\/welding\/wp-content\/uploads\/2019\/02\/airtracker_nano_blue-300x196.jpg 300w, https:\/\/www.robotec.sk\/welding\/wp-content\/uploads\/2019\/02\/airtracker_nano_blue-400x262.jpg 400w, https:\/\/www.robotec.sk\/welding\/wp-content\/uploads\/2019\/02\/airtracker_nano_blue-500x327.jpg 500w, https:\/\/www.robotec.sk\/welding\/wp-content\/uploads\/2019\/02\/airtracker_nano_blue-600x392.jpg 600w, https:\/\/www.robotec.sk\/welding\/wp-content\/uploads\/2019\/02\/airtracker_nano_blue-700x458.jpg 700w, https:\/\/www.robotec.sk\/welding\/wp-content\/uploads\/2019\/02\/airtracker_nano_blue-768x502.jpg 768w, https:\/\/www.robotec.sk\/welding\/wp-content\/uploads\/2019\/02\/airtracker_nano_blue-800x523.jpg 800w, https:\/\/www.robotec.sk\/welding\/wp-content\/uploads\/2019\/02\/airtracker_nano_blue.jpg 873w\" sizes=\"(max-width: 600px) 100vw, 600px\" \/><\/p>\n<h3>AIRTRACKER NANO PRO<\/h3>\n<p>Airtracker Mini Pro je multi u\u017e\u00edvate\u013esk\u00e9 rie\u0161enie, ktor\u00e9 nach\u00e1dza uplatnenie napr\u00edklad pri monitorovan\u00ed ventila\u010dn\u00fdch veden\u00ed v spolo\u010dnostiach \u010di pri spravovan\u00ed budov. V\u010faka prenosu d\u00e1t prostredn\u00edctvom Wi-Fi je do jedn\u00e9ho kontroln\u00e9ho syst\u00e9mu mo\u017en\u00e9 integrova\u0165 viacero t\u00fdchto jednotiek na r\u00f4znych merac\u00edch miestach. Vysoko presn\u00e9 meranie laserovou technol\u00f3giou umo\u017e\u0148uje monitorova\u0165 kritick\u00e9 miesta a z\u00edskan\u00e9 d\u00e1ta m\u00f4\u017eu sl\u00fa\u017ei\u0165 na prevenciu pred vzniknut\u00edm nebezpe\u010dnej situ\u00e1cie a na skor\u00e9 odstr\u00e1nenie probl\u00e9mov.<\/p>\n<p><img decoding=\"async\" class=\"wp-image-1060 size-600\" src=\"https:\/\/www.robotec.sk\/welding\/wp-content\/uploads\/2019\/02\/airtracker_nano_pro.jpg\" alt=\"AirTracker Nano Pro\" width=\"600\" height=\"458\" srcset=\"https:\/\/www.robotec.sk\/welding\/wp-content\/uploads\/2019\/02\/airtracker_nano_pro-200x153.jpg 200w, https:\/\/www.robotec.sk\/welding\/wp-content\/uploads\/2019\/02\/airtracker_nano_pro-300x229.jpg 300w, https:\/\/www.robotec.sk\/welding\/wp-content\/uploads\/2019\/02\/airtracker_nano_pro-400x305.jpg 400w, https:\/\/www.robotec.sk\/welding\/wp-content\/uploads\/2019\/02\/airtracker_nano_pro-500x382.jpg 500w, https:\/\/www.robotec.sk\/welding\/wp-content\/uploads\/2019\/02\/airtracker_nano_pro-600x458.jpg 600w, https:\/\/www.robotec.sk\/welding\/wp-content\/uploads\/2019\/02\/airtracker_nano_pro-700x534.jpg 700w, https:\/\/www.robotec.sk\/welding\/wp-content\/uploads\/2019\/02\/airtracker_nano_pro-768x586.jpg 768w, https:\/\/www.robotec.sk\/welding\/wp-content\/uploads\/2019\/02\/airtracker_nano_pro-800x611.jpg 800w, https:\/\/www.robotec.sk\/welding\/wp-content\/uploads\/2019\/02\/airtracker_nano_pro.jpg 850w\" sizes=\"(max-width: 600px) 100vw, 600px\" \/><\/p>\n<p>&nbsp;<\/p>\n<h3>AIRTRACKER NANO PRO BUSINESS<\/h3>\n<p id=\"u173393-2\">Airtracker Nano Pro Business je vyspel\u00e9 senzorick\u00e9 zariadenie, ktor\u00e9 okrem monitorovanie koncentr\u00e1cie prachov\u00fdch \u010dast\u00edc, teploty a vlhkosti umo\u017e\u0148uje aj sledovanie CO2 v miestnosti. Za zhor\u0161en\u00e9 ovzdu\u0161ie v miestnosti sa pova\u017euje, ak hladina koncentr\u00e1cie CO2 prekro\u010d\u00ed \u00farove\u0148 400 ppm (CO2). Maxim\u00e1lna dovolen\u00e1 hodnota je stanoven\u00e1 na 1000 ppm (CO2). Ned\u00e1vne \u0161t\u00fadie preuk\u00e1zali, \u017ee zv\u00fd\u0161enie mno\u017estva CO2 vedie k zn\u00ed\u017eeniu koncentr\u00e1cie \u013eud\u00ed nach\u00e1dzaj\u00facich sa v miestnosti. Meranie a kontrola koncentr\u00e1cie CO2, preto nach\u00e1dza uplatnenie aj tam, kde je potrebn\u00e9 zaisti\u0165 vysok\u00fa koncentr\u00e1ciu \u013eud\u00ed pri pr\u00e1ci, na semin\u00e1roch, konferenci\u00e1ch a podobne.<\/p>\n<p id=\"u173393-5\">V\u010faka Wi-Fi technol\u00f3gii je mo\u017en\u00e9 zariadenia integrova\u0165 do existuj\u00facej Wi-Fi siete a z\u00edskava\u0165 d\u00e1ta z viacer\u00fdch merac\u00edch miest s\u00fa\u010dasne.\u00a0 Nameran\u00e9 hodnoty s\u00fa zobrazen\u00e9 na displeji po\u010d\u00edta\u010da alebo tabletu. Senzor CO2 po nameran\u00ed kritickej hodnoty aktivuje rozsvietenie \u010dervenej LED kontrolky. T\u00fdm d\u00e1va sign\u00e1l, \u017ee je potrebn\u00e9 miestnos\u0165 vyvetra\u0165 alebo spravi\u0165 prest\u00e1vku a miestnos\u0165 vypr\u00e1zdni\u0165.<\/p>\n<p><img decoding=\"async\" class=\"wp-image-1064 size-600\" src=\"https:\/\/www.robotec.sk\/welding\/wp-content\/uploads\/2019\/02\/airtracker_nano_pro_business-1.jpg\" alt=\"AirTracker Nano Pro Business\" width=\"600\" height=\"405\" srcset=\"https:\/\/www.robotec.sk\/welding\/wp-content\/uploads\/2019\/02\/airtracker_nano_pro_business-1-200x135.jpg 200w, https:\/\/www.robotec.sk\/welding\/wp-content\/uploads\/2019\/02\/airtracker_nano_pro_business-1-300x203.jpg 300w, https:\/\/www.robotec.sk\/welding\/wp-content\/uploads\/2019\/02\/airtracker_nano_pro_business-1-400x270.jpg 400w, https:\/\/www.robotec.sk\/welding\/wp-content\/uploads\/2019\/02\/airtracker_nano_pro_business-1-500x338.jpg 500w, https:\/\/www.robotec.sk\/welding\/wp-content\/uploads\/2019\/02\/airtracker_nano_pro_business-1-600x405.jpg 600w, https:\/\/www.robotec.sk\/welding\/wp-content\/uploads\/2019\/02\/airtracker_nano_pro_business-1-700x473.jpg 700w, https:\/\/www.robotec.sk\/welding\/wp-content\/uploads\/2019\/02\/airtracker_nano_pro_business-1-768x519.jpg 768w, https:\/\/www.robotec.sk\/welding\/wp-content\/uploads\/2019\/02\/airtracker_nano_pro_business-1-800x540.jpg 800w, https:\/\/www.robotec.sk\/welding\/wp-content\/uploads\/2019\/02\/airtracker_nano_pro_business-1-1024x692.jpg 1024w, https:\/\/www.robotec.sk\/welding\/wp-content\/uploads\/2019\/02\/airtracker_nano_pro_business-1.jpg 1156w\" sizes=\"(max-width: 600px) 100vw, 600px\" \/><\/p>\n<p>&nbsp;<\/p>\n","protected":false},"excerpt":{"rendered":"<p>Zariadenie zariadenie ur\u010den\u00e9\u00a0na monitorovanie \u010distoty vzduchu, teploty, vlhkosti a obsahu CO2 v miestnostiach. Svoje uplatnenie nach\u00e1dza napr\u00edklad v \u00faradoch, \u0161kol\u00e1ch, laborat\u00f3ri\u00e1ch \u010di nemocniciach.<\/p>\n","protected":false},"featured_media":1045,"template":"","meta":{"_monsterinsights_skip_tracking":false,"_monsterinsights_sitenote_active":false,"_monsterinsights_sitenote_note":"","_monsterinsights_sitenote_category":0},"product_brand":[],"product_cat":[85,46],"product_tag":[38],"yst_prominent_words":[],"class_list":{"0":"post-1058","1":"product","2":"type-product","3":"status-publish","4":"has-post-thumbnail","6":"product_cat-odsavacie-a-filtracne-zariadenia-teka","7":"product_cat-senzory-teka","8":"product_tag-teka","10":"first","11":"onbackorder","12":"taxable","13":"shipping-taxable","14":"product-type-simple"},"acf":[],"_links":{"self":[{"href":"https:\/\/www.robotec.sk\/welding\/wp-json\/wp\/v2\/product\/1058","targetHints":{"allow":["GET"]}}],"collection":[{"href":"https:\/\/www.robotec.sk\/welding\/wp-json\/wp\/v2\/product"}],"about":[{"href":"https:\/\/www.robotec.sk\/welding\/wp-json\/wp\/v2\/types\/product"}],"wp:featuredmedia":[{"embeddable":true,"href":"https:\/\/www.robotec.sk\/welding\/wp-json\/wp\/v2\/media\/1045"}],"wp:attachment":[{"href":"https:\/\/www.robotec.sk\/welding\/wp-json\/wp\/v2\/media?parent=1058"}],"wp:term":[{"taxonomy":"product_brand","embeddable":true,"href":"https:\/\/www.robotec.sk\/welding\/wp-json\/wp\/v2\/product_brand?post=1058"},{"taxonomy":"product_cat","embeddable":true,"href":"https:\/\/www.robotec.sk\/welding\/wp-json\/wp\/v2\/product_cat?post=1058"},{"taxonomy":"product_tag","embeddable":true,"href":"https:\/\/www.robotec.sk\/welding\/wp-json\/wp\/v2\/product_tag?post=1058"},{"taxonomy":"yst_prominent_words","embeddable":true,"href":"https:\/\/www.robotec.sk\/welding\/wp-json\/wp\/v2\/yst_prominent_words?post=1058"}],"curies":[{"name":"wp","href":"https:\/\/api.w.org\/{rel}","templated":true}]}}