{"id":1053,"date":"2019-02-27T10:05:12","date_gmt":"2019-02-27T09:05:12","guid":{"rendered":"https:\/\/www.robotec.sk\/welding\/?post_type=product&#038;p=1053"},"modified":"2020-05-21T10:02:39","modified_gmt":"2020-05-21T08:02:39","slug":"airtracker-mini","status":"publish","type":"product","link":"https:\/\/www.robotec.sk\/welding\/produkt\/airtracker-mini\/","title":{"rendered":"AIRTRACKER MINI"},"content":{"rendered":"<p>Airtracker Mini je zariadenie ur\u010den\u00e9 na monitorovanie \u010distoty vzduchu, teploty a vlhkosti na v\u00fdstupe z filtra\u010dn\u00fdch ods\u00e1vac\u00edch jednotiek, v spiropotrubiach, klimatiza\u010dn\u00fdch potrubiach \u010di rozvodoch vzduchu v budov\u00e1ch.<\/p>\n<p>Zariadenia Aitracker Mini sa vyr\u00e1baj\u00fa v dvoch prevedeniach. Odli\u0161uj\u00fa sa od seba len v sp\u00f4sobe prenosu z\u00edskan\u00fdch d\u00e1t. Airtracker Mini Blue pren\u00e1\u0161a z\u00edskan\u00e9 d\u00e1ta prostredn\u00edctvom rozhrania Bluetooth do aplik\u00e1cie v telef\u00f3ne alebo tablete, zatia\u013e \u010do verzia Airtracker Mini Pro pren\u00e1\u0161a d\u00e1ta prostredn\u00edctvom Wi-Fi, \u010do umo\u017e\u0148uje jeho integr\u00e1ciu do lok\u00e1lnej siete a pristupova\u0165 k z\u00edskan\u00fdm inform\u00e1ci\u00e1m centr\u00e1lne na jednom po\u010d\u00edta\u010di.<\/p>\n<p>Cel\u00fd syst\u00e9m sa vyzna\u010duje vysokou spo\u013eahlivos\u0165ou a kr\u00e1tkym \u010dasom odozvy, \u010do sa prejavuje na vysokej efektivite \u00fa\u010dinnosti zariadenia. Senzory zariadenia kontinu\u00e1lne a ve\u013emi prec\u00edzne sleduj\u00fa mno\u017estvo prachov\u00fdch \u010dast\u00edc v cirkuluj\u00facom vzduchu v potrub\u00ed alebo vzduchu na v\u00fdstupe z filtra\u010dnej a ods\u00e1vacej jednotky.<\/p>\n<h3>AIRTRACKER MINI BLUE<\/h3>\n<p>Pr\u00edkladom vyu\u017eitia zariadenia Airtrac Mini Blue je jeho integr\u00e1cia do filtra\u010dno-ventila\u010dnej jednotky CleanAir Cube, kde meria koncentr\u00e1ciu prachu PM 2,5, \u010do kore\u0161ponduje monitorovaniu prachov\u00fdch \u010dast\u00edc triedy A. Meranie sa uskuto\u010d\u0148uje v re\u00e1lnom \u010dase pomocou laserov\u00e9ho meracieho syst\u00e9mu na v\u00fdstupe vzduchu zo zariadenia. V\u010faka tomuto zariadeniu je mo\u017en\u00e9 kontrolova\u0165, \u010di vzduch vh\u00e1\u0148an\u00fd nasp\u00e4\u0165 do pracoviska je dokonale vy\u010disten\u00fd. Z\u00edskan\u00e9 d\u00e1ta sa pren\u00e1\u0161aj\u00fa cez Bluetooth a zobrazuj\u00fa v aplik\u00e1cii v mobilnom telef\u00f3ne.<\/p>\n<div id=\"attachment_1054\" style=\"width: 610px\" class=\"wp-caption alignnone\"><img decoding=\"async\" aria-describedby=\"caption-attachment-1054\" class=\"wp-image-1054\" src=\"https:\/\/www.robotec.sk\/welding\/wp-content\/uploads\/2019\/02\/Airtracker-Mini-Blue_aplikacia-e1551260707546.jpg\" alt=\"Airtracker Mini Blue\" width=\"600\" height=\"513\" srcset=\"https:\/\/www.robotec.sk\/welding\/wp-content\/uploads\/2019\/02\/Airtracker-Mini-Blue_aplikacia-e1551260707546-200x171.jpg 200w, https:\/\/www.robotec.sk\/welding\/wp-content\/uploads\/2019\/02\/Airtracker-Mini-Blue_aplikacia-e1551260707546-300x256.jpg 300w, https:\/\/www.robotec.sk\/welding\/wp-content\/uploads\/2019\/02\/Airtracker-Mini-Blue_aplikacia-e1551260707546-400x342.jpg 400w, https:\/\/www.robotec.sk\/welding\/wp-content\/uploads\/2019\/02\/Airtracker-Mini-Blue_aplikacia-e1551260707546-500x427.jpg 500w, https:\/\/www.robotec.sk\/welding\/wp-content\/uploads\/2019\/02\/Airtracker-Mini-Blue_aplikacia-e1551260707546-600x513.jpg 600w, https:\/\/www.robotec.sk\/welding\/wp-content\/uploads\/2019\/02\/Airtracker-Mini-Blue_aplikacia-e1551260707546-700x598.jpg 700w, https:\/\/www.robotec.sk\/welding\/wp-content\/uploads\/2019\/02\/Airtracker-Mini-Blue_aplikacia-e1551260707546-768x657.jpg 768w, https:\/\/www.robotec.sk\/welding\/wp-content\/uploads\/2019\/02\/Airtracker-Mini-Blue_aplikacia-e1551260707546-800x684.jpg 800w, https:\/\/www.robotec.sk\/welding\/wp-content\/uploads\/2019\/02\/Airtracker-Mini-Blue_aplikacia-e1551260707546.jpg 868w\" sizes=\"(max-width: 600px) 100vw, 600px\" \/><p id=\"caption-attachment-1054\" class=\"wp-caption-text\">Integr\u00e1cia do filtra\u010dno-ventila\u010dnej jednotky CleanAir Cube.<\/p><\/div>\n<h3>AIRTRACKER MINI PRO<\/h3>\n<p>Airtracker Mini Pro je multi u\u017e\u00edvate\u013esk\u00e9 rie\u0161enie, ktor\u00e9 nach\u00e1dza uplatnenie napr\u00edklad pri monitorovan\u00ed ventila\u010dn\u00fdch veden\u00ed v spolo\u010dnostiach \u010di pri spravovan\u00ed budov. V\u010faka prenosu d\u00e1t prostredn\u00edctvom Wi-Fi je do jedn\u00e9ho kontroln\u00e9ho syst\u00e9mu mo\u017en\u00e9 integrova\u0165 viacero t\u00fdchto jednotiek na r\u00f4znych merac\u00edch miestach. Vysoko presn\u00e9 meranie laserovou technol\u00f3giou umo\u017e\u0148uje monitorova\u0165 kritick\u00e9 miesta a z\u00edskan\u00e9 d\u00e1ta m\u00f4\u017eu sl\u00fa\u017ei\u0165 na prevenciu pred vzniknut\u00edm nebezpe\u010dnej situ\u00e1cie a na skor\u00e9 odstr\u00e1nenie probl\u00e9mov.<\/p>\n<p><img decoding=\"async\" class=\"wp-image-1055\" src=\"https:\/\/www.robotec.sk\/welding\/wp-content\/uploads\/2019\/02\/Airtracker-Mini-Pro_aplikacia-e1551260605827.jpg\" alt=\"AirTracker Mini Pro\" width=\"600\" height=\"422\" srcset=\"https:\/\/www.robotec.sk\/welding\/wp-content\/uploads\/2019\/02\/Airtracker-Mini-Pro_aplikacia-e1551260605827-200x141.jpg 200w, https:\/\/www.robotec.sk\/welding\/wp-content\/uploads\/2019\/02\/Airtracker-Mini-Pro_aplikacia-e1551260605827-300x211.jpg 300w, https:\/\/www.robotec.sk\/welding\/wp-content\/uploads\/2019\/02\/Airtracker-Mini-Pro_aplikacia-e1551260605827-400x281.jpg 400w, https:\/\/www.robotec.sk\/welding\/wp-content\/uploads\/2019\/02\/Airtracker-Mini-Pro_aplikacia-e1551260605827-500x352.jpg 500w, https:\/\/www.robotec.sk\/welding\/wp-content\/uploads\/2019\/02\/Airtracker-Mini-Pro_aplikacia-e1551260605827-600x422.jpg 600w, https:\/\/www.robotec.sk\/welding\/wp-content\/uploads\/2019\/02\/Airtracker-Mini-Pro_aplikacia-e1551260605827-700x492.jpg 700w, https:\/\/www.robotec.sk\/welding\/wp-content\/uploads\/2019\/02\/Airtracker-Mini-Pro_aplikacia-e1551260605827-768x540.jpg 768w, https:\/\/www.robotec.sk\/welding\/wp-content\/uploads\/2019\/02\/Airtracker-Mini-Pro_aplikacia-e1551260605827-800x563.jpg 800w, https:\/\/www.robotec.sk\/welding\/wp-content\/uploads\/2019\/02\/Airtracker-Mini-Pro_aplikacia-e1551260605827.jpg 877w\" sizes=\"(max-width: 600px) 100vw, 600px\" \/><\/p>\n<p>Integr\u00e1cia AirTracker Mini Pro.<\/p>\n<p><img decoding=\"async\" class=\"alignleft wp-image-1056 size-600\" src=\"https:\/\/www.robotec.sk\/welding\/wp-content\/uploads\/2019\/02\/Airtracker-Mini-Pro_monitoring.jpg\" alt=\" width=\" height=\"416\" srcset=\"https:\/\/www.robotec.sk\/welding\/wp-content\/uploads\/2019\/02\/Airtracker-Mini-Pro_monitoring-200x139.jpg 200w, https:\/\/www.robotec.sk\/welding\/wp-content\/uploads\/2019\/02\/Airtracker-Mini-Pro_monitoring-300x208.jpg 300w, https:\/\/www.robotec.sk\/welding\/wp-content\/uploads\/2019\/02\/Airtracker-Mini-Pro_monitoring-400x277.jpg 400w, https:\/\/www.robotec.sk\/welding\/wp-content\/uploads\/2019\/02\/Airtracker-Mini-Pro_monitoring-500x347.jpg 500w, https:\/\/www.robotec.sk\/welding\/wp-content\/uploads\/2019\/02\/Airtracker-Mini-Pro_monitoring-600x416.jpg 600w, https:\/\/www.robotec.sk\/welding\/wp-content\/uploads\/2019\/02\/Airtracker-Mini-Pro_monitoring-700x486.jpg 700w, https:\/\/www.robotec.sk\/welding\/wp-content\/uploads\/2019\/02\/Airtracker-Mini-Pro_monitoring-768x533.jpg 768w, https:\/\/www.robotec.sk\/welding\/wp-content\/uploads\/2019\/02\/Airtracker-Mini-Pro_monitoring-800x555.jpg 800w, https:\/\/www.robotec.sk\/welding\/wp-content\/uploads\/2019\/02\/Airtracker-Mini-Pro_monitoring.jpg 966w\" sizes=\"(max-width: 966px) 100vw, 966px\" \/><\/p>\n<p>&nbsp;<\/p>\n<p>&nbsp;<\/p>\n<p>&nbsp;<\/p>\n<p>&nbsp;<\/p>\n<p>&nbsp;<\/p>\n<p>&nbsp;<\/p>\n<p>&nbsp;<\/p>\n<p>&nbsp;<\/p>\n<p>&nbsp;<\/p>\n<p>&nbsp;<\/p>\n<p>&nbsp;<\/p>\n<p>Monitorovanie meran\u00fdch parametrov.<\/p>\n","protected":false},"excerpt":{"rendered":"<p>Zariadenie zariadenie ur\u010den\u00e9 na monitorovanie \u010distoty vzduchu, teploty a vlhkosti na v\u00fdstupe z filtra\u010dn\u00fdch ods\u00e1vac\u00edch jednotiek, v spiropotrubiach, klimatiza\u010dn\u00fdch potrubiach \u010di rozvodoch vzduchu v budov\u00e1ch.<\/p>\n","protected":false},"featured_media":1044,"template":"","meta":{"_monsterinsights_skip_tracking":false,"_monsterinsights_sitenote_active":false,"_monsterinsights_sitenote_note":"","_monsterinsights_sitenote_category":0},"product_brand":[],"product_cat":[85,46],"product_tag":[38],"yst_prominent_words":[],"class_list":{"0":"post-1053","1":"product","2":"type-product","3":"status-publish","4":"has-post-thumbnail","6":"product_cat-odsavacie-a-filtracne-zariadenia-teka","7":"product_cat-senzory-teka","8":"product_tag-teka","10":"first","11":"onbackorder","12":"taxable","13":"shipping-taxable","14":"product-type-simple"},"acf":[],"_links":{"self":[{"href":"https:\/\/www.robotec.sk\/welding\/wp-json\/wp\/v2\/product\/1053","targetHints":{"allow":["GET"]}}],"collection":[{"href":"https:\/\/www.robotec.sk\/welding\/wp-json\/wp\/v2\/product"}],"about":[{"href":"https:\/\/www.robotec.sk\/welding\/wp-json\/wp\/v2\/types\/product"}],"wp:featuredmedia":[{"embeddable":true,"href":"https:\/\/www.robotec.sk\/welding\/wp-json\/wp\/v2\/media\/1044"}],"wp:attachment":[{"href":"https:\/\/www.robotec.sk\/welding\/wp-json\/wp\/v2\/media?parent=1053"}],"wp:term":[{"taxonomy":"product_brand","embeddable":true,"href":"https:\/\/www.robotec.sk\/welding\/wp-json\/wp\/v2\/product_brand?post=1053"},{"taxonomy":"product_cat","embeddable":true,"href":"https:\/\/www.robotec.sk\/welding\/wp-json\/wp\/v2\/product_cat?post=1053"},{"taxonomy":"product_tag","embeddable":true,"href":"https:\/\/www.robotec.sk\/welding\/wp-json\/wp\/v2\/product_tag?post=1053"},{"taxonomy":"yst_prominent_words","embeddable":true,"href":"https:\/\/www.robotec.sk\/welding\/wp-json\/wp\/v2\/yst_prominent_words?post=1053"}],"curies":[{"name":"wp","href":"https:\/\/api.w.org\/{rel}","templated":true}]}}