{"id":1038,"date":"2019-02-26T14:30:33","date_gmt":"2019-02-26T13:30:33","guid":{"rendered":"https:\/\/www.robotec.sk\/welding\/?post_type=product&#038;p=1038"},"modified":"2020-05-21T10:02:39","modified_gmt":"2020-05-21T08:02:39","slug":"blowtec","status":"publish","type":"product","link":"https:\/\/www.robotec.sk\/welding\/produkt\/blowtec\/","title":{"rendered":"BLOWTEC"},"content":{"rendered":"<p>BlowTec je samostatne stojaci filtra\u010dno-ventila\u010dn\u00fd syst\u00e9m. Uplatnenie nach\u00e1dza najm\u00e4 v priemyselnej v\u00fdrobe a vo zv\u00e1rac\u00edch prev\u00e1dzkach, kde nie je mo\u017en\u00e9 nain\u0161talova\u0165 ods\u00e1vanie priamo pri zdroji zne\u010distenia alebo tam, kde je nutn\u00e9 vyu\u017ei\u0165 jednotku BlowTec na dodato\u010dn\u00fa filtr\u00e1ciu vzduchu vo v\u00fdrobn\u00fdch priestoroch. Jednotky s\u00fa certifikovan\u00e9 IFA pre triedu W3.<\/p>\n<p id=\"u171992-2\">Syst\u00e9m BlowTec patr\u00ed medzi novo vyvinut\u00e9 syst\u00e9my ods\u00e1vania a filtr\u00e1cie od spolo\u010dnosti TEKA. Je ide\u00e1lnym rie\u0161en\u00edm pre r\u00f4zne aplik\u00e1cie, ktor\u00e9 okrem ods\u00e1vania priamo pri zdroji vy\u017eaduj\u00fa aj dodato\u010dn\u00e9 \u010distenie vzduchu takouto filtra\u010dno-ventila\u010dnou jednotkou.<\/p>\n<p>Medzi najv\u00e4\u010d\u0161ie v\u00fdhody tohto syst\u00e9mu patr\u00ed efekt\u00edvne vyu\u017e\u00edvanie energi\u00ed a zn\u00ed\u017eenie prev\u00e1dzkov\u00fdch n\u00e1kladov. Po\u010das vykurovacej sez\u00f3ny je mo\u017en\u00e9 v\u010faka recykl\u00e1cii vy\u010disten\u00e9ho vzduchu a jeho op\u00e4tovn\u00e9mu vracaniu do pracoviska v\u00fdrazne u\u0161etri\u0165 n\u00e1klady na k\u00farenie. Alternat\u00edvne je mo\u017en\u00e9 vy\u010disten\u00fd vzduch vyp\u00fa\u0161\u0165a\u0165 aj mimo halu, \u010do nach\u00e1dza vyu\u017eitie zase v hor\u00facich letn\u00fdch mesiacoch.<\/p>\n<p id=\"u171992-9\">Modul\u00e1rny syst\u00e9m BlowTec je mo\u017en\u00e9 jednoducho adaptova\u0165 pre konkr\u00e9tne podmienky vo v\u00fdrobnej hale. Zne\u010disten\u00fd vzduch je nas\u00e1van\u00fd cez mrie\u017eky nas\u00e1vac\u00edch otvorov a veden\u00fd potrub\u00edm do filtra\u010dno-ventila\u010dnej jednotky, kde je prefiltrovan\u00fd a op\u00e4\u0165 sa vracia do haly cez nastavite\u013en\u00e9 smerov\u00e9 d\u00fdzy, tak aby bola zaisten\u00e1 prirodzen\u00e1 ventil\u00e1cia a pr\u00fadenie nasmerovalo zne\u010disten\u00fd vzduch k nas\u00e1vac\u00edm otvorom.<\/p>\n<p><strong>\u0160tandardn\u00e1 dod\u00e1vka:<\/strong><\/p>\n<ul id=\"u168366-42\" class=\"list0 nls-None\">\n<li id=\"u171992-18\">stabiln\u00e1 a odoln\u00e1 kon\u0161trukcia<\/li>\n<li id=\"u171992-20\">plne automatick\u00e9 \u010distenie syst\u00e9mom POWER SPRAY-SYSTEM<\/li>\n<li id=\"u171992-22\">ventil\u00e1tor vo zvukovo izolovanej sekcii<\/li>\n<li id=\"u171992-24\">filtra\u010dn\u00e9 patr\u00f3ny kateg\u00f3rie BGIA M<\/li>\n<li id=\"u171992-26\">\u010dasticov\u00fd senzor<\/li>\n<li id=\"u171992-28\">riadiaca jednotka<\/li>\n<li id=\"u171992-30\">\u010dasticov\u00fd senzor<\/li>\n<li id=\"u171992-32\">hlava s v\u00fdstupn\u00fdmi smerov\u00fdmi d\u00fdzami<\/li>\n<li id=\"u171992-34\">tlmi\u010d<\/li>\n<li id=\"u171992-36\">potrubie pre prepojenie hlavy s d\u00fdzami a filtra\u010dnou jednotkou<\/li>\n<li id=\"u171992-38\">PE vrecko v z\u00e1sobn\u00edku na zbieranie prachu<\/li>\n<\/ul>\n<p><strong>Volite\u013en\u00e9 pr\u00edslu\u0161enstvo:<\/strong><\/p>\n<ul>\n<li>ods\u00e1vacie potrubie<\/li>\n<li>frekven\u010dn\u00fd meni\u010d<\/li>\n<\/ul>\n","protected":false},"excerpt":{"rendered":"<p>Samostatne stojace ods\u00e1vacie a filtra\u010dn\u00e9 zariadenie, ktor\u00e9 je vybaven\u00e9 patr\u00f3nov\u00fdmi filtrami s \u00fa\u010dinnos\u0165ou filtr\u00e1cie \u226599% a automatick\u00fdm \u010disten\u00edm. Filtra\u010dn\u00e1 kapacita je 7.500 alebo 10.000 m3 vzduchu za hodinu. Jednotky s\u00fa certifikovan\u00e9 IFA pre triedu W3.<\/p>\n","protected":false},"featured_media":1473,"template":"","meta":{"_monsterinsights_skip_tracking":false,"_monsterinsights_sitenote_active":false,"_monsterinsights_sitenote_note":"","_monsterinsights_sitenote_category":0},"product_brand":[],"product_cat":[85,44],"product_tag":[38],"yst_prominent_words":[],"class_list":{"0":"post-1038","1":"product","2":"type-product","3":"status-publish","4":"has-post-thumbnail","6":"product_cat-odsavacie-a-filtracne-zariadenia-teka","7":"product_cat-systemy-pre-priestorove-vetranie-filtraciu","8":"product_tag-teka","10":"first","11":"onbackorder","12":"taxable","13":"shipping-taxable","14":"product-type-simple"},"acf":[],"_links":{"self":[{"href":"https:\/\/www.robotec.sk\/welding\/wp-json\/wp\/v2\/product\/1038","targetHints":{"allow":["GET"]}}],"collection":[{"href":"https:\/\/www.robotec.sk\/welding\/wp-json\/wp\/v2\/product"}],"about":[{"href":"https:\/\/www.robotec.sk\/welding\/wp-json\/wp\/v2\/types\/product"}],"wp:featuredmedia":[{"embeddable":true,"href":"https:\/\/www.robotec.sk\/welding\/wp-json\/wp\/v2\/media\/1473"}],"wp:attachment":[{"href":"https:\/\/www.robotec.sk\/welding\/wp-json\/wp\/v2\/media?parent=1038"}],"wp:term":[{"taxonomy":"product_brand","embeddable":true,"href":"https:\/\/www.robotec.sk\/welding\/wp-json\/wp\/v2\/product_brand?post=1038"},{"taxonomy":"product_cat","embeddable":true,"href":"https:\/\/www.robotec.sk\/welding\/wp-json\/wp\/v2\/product_cat?post=1038"},{"taxonomy":"product_tag","embeddable":true,"href":"https:\/\/www.robotec.sk\/welding\/wp-json\/wp\/v2\/product_tag?post=1038"},{"taxonomy":"yst_prominent_words","embeddable":true,"href":"https:\/\/www.robotec.sk\/welding\/wp-json\/wp\/v2\/yst_prominent_words?post=1038"}],"curies":[{"name":"wp","href":"https:\/\/api.w.org\/{rel}","templated":true}]}}