{"id":1035,"date":"2019-02-25T15:16:28","date_gmt":"2019-02-25T14:16:28","guid":{"rendered":"https:\/\/www.robotec.sk\/welding\/?post_type=product&#038;p=1035"},"modified":"2020-05-21T10:02:36","modified_gmt":"2020-05-21T08:02:36","slug":"airtech-p10","status":"publish","type":"product","link":"https:\/\/www.robotec.sk\/welding\/produkt\/airtech-p10\/","title":{"rendered":"AIRTECH P10"},"content":{"rendered":"<div>\n<p>Airtech P10 je samostatne stojaci filtra\u010dno-ventila\u010dn\u00fd syst\u00e9m. Uplatnenie nach\u00e1dza najm\u00e4 v priemyselnej v\u00fdrobe a vo zv\u00e1rac\u00edch prev\u00e1dzkach, kde nie je mo\u017en\u00e9 nain\u0161talova\u0165 ods\u00e1vanie priamo pri zdroji zne\u010distenia alebo tam, kde je nutn\u00e9 vyu\u017ei\u0165 jednotku AIRTECH na dodato\u010dn\u00fa filtr\u00e1ciu vzduchu vo v\u00fdrobn\u00fdch priestoroch.<\/p>\n<p id=\"u168181-2\">Zne\u010disten\u00fd vzduch je nasat\u00fd cez ods\u00e1vacie kan\u00e1ly, ktor\u00e9 sa nach\u00e1dzaj\u00fa po oboch stran\u00e1ch jednotky vo v\u00fd\u0161ke 3 m nad zemou. N\u00e1sledne je tento vzduch veden\u00fd cez filtre zariadenia, kde sa ne\u010distoty zachyt\u00e1vaj\u00fa na povrchu patr\u00f3nov\u00e9ho filtra.<\/p>\n<p>Patr\u00f3nov\u00e9 filtre s\u00fa automaticky \u010disten\u00e9 pomocou technol\u00f3gie POWER SPRAY, v prednastaven\u00fdch intervaloch. Zachyten\u00e9 \u010dastice s\u00fa z povrchu filtra uvo\u013enen\u00e9 pomocou stla\u010den\u00e9ho vzduchu a padaj\u00fa do zbern\u00e9ho kontajnera jednotky AIRTECH. Vy\u010disten\u00fd vzduch je vh\u00e1\u0148an\u00fd sp\u00e4\u0165 do miestnosti prostredn\u00edctvom smerov\u00fdch d\u00fdz, ktor\u00e9 sa nach\u00e1dzaj\u00fa v hornej \u010dasti jednotky. Smerov\u00fdmi d\u00fdzami sa nastavuje vyfukovanie vyfiltrovan\u00e9ho vzduchu tak, aby pr\u00fadenie napom\u00e1halo vh\u00e1\u0148a\u0165 zne\u010disten\u00fd vzduch smerom k ods\u00e1vac\u00edm kan\u00e1lom zariadenia.<\/p>\n<p>Prev\u00e1dzka zariadenia je monitorovan\u00e1 a jednotka je vybaven\u00e1 \u010dasticov\u00fdm senzorom, ktor\u00fd upozorn\u00ed na nedostato\u010dn\u00fa nepriepustnos\u0165 patr\u00f3nov\u00e9ho filtra. V pr\u00edpade detekcie nedostato\u010dn\u00e9ho filtrovania sa jednotka automaticky zastav\u00ed a opticky a zvukovo signalizuje probl\u00e9m.<\/p>\n<p>AIRTECH je certifikovan\u00fd pod\u013ea normy DIN EN ISO 15012-1 a schv\u00e1len\u00fd in\u0161tit\u00fatom IFA pre ods\u00e1vanie plynov vznikaj\u00facich pri zv\u00e1ran\u00ed, ktor\u00e9 spadaj\u00fa do kateg\u00f3rie W3 \u2013 zv\u00e1ranie vysoko legovan\u00fdch ocel\u00ed a vz\u00e1cnych kovov.<\/p>\n<p>Pri pou\u017eit\u00ed tejto jednotky je nutn\u00e9 zaisti\u0165, aby do nej neboli nasat\u00e9 \u017eiadne iskri alebo in\u00e9 \u010dastice, ktor\u00e9 by mohli sp\u00f4sobi\u0165 vznietenie. Ak m\u00e1 jednotka pracova\u0165 v prostred\u00ed, v ktorom hroz\u00ed nasatie v\u00fdbu\u0161n\u00e9ho prachu, je nutn\u00e9 pou\u017ei\u0165 modifik\u00e1ciu jednotky, ktor\u00e1 vyhovuje nariadeniam ATEX.<\/p>\n<p>Pou\u017e\u00edvan\u00edm t\u00fdchto jednotiek neodpad\u00e1 pracovn\u00edkom povinnos\u0165 pou\u017e\u00edva\u0165 osobn\u00e9 ochrann\u00e9 pom\u00f4cky. Pri ods\u00e1van\u00ed plynov vznikaj\u00facich pri zv\u00e1ran\u00ed antikorovej ocele je v\u017edy nutn\u00e9 pou\u017e\u00edva\u0165 aj lok\u00e1lne ods\u00e1vanie s vyu\u017eit\u00edm ods\u00e1vac\u00edch ramien.<\/p>\n<\/div>\n","protected":false},"excerpt":{"rendered":"<p>Samostatne stojaca filtra\u010dno-ventila\u010dn\u00e1 jednotka s patr\u00f3nov\u00fdmi filtrami. Nach\u00e1dza vyu\u017eitie tam, kde nie je mo\u017en\u00e9 pou\u017ei\u0165 ods\u00e1vanie priamo pri zdroji zne\u010distenia alebo na dodato\u010dn\u00fa filtr\u00e1ciu vzduchu v hale. \u00da\u010dinnos\u0165 filtr\u00e1cie \u226599%, automatick\u00e9 \u010distenie, filtra\u010dn\u00e1 kapacita 10.000 m3 vzduchu za hodinu.<\/p>\n","protected":false},"featured_media":1454,"template":"","meta":{"_monsterinsights_skip_tracking":false,"_monsterinsights_sitenote_active":false,"_monsterinsights_sitenote_note":"","_monsterinsights_sitenote_category":0},"product_brand":[],"product_cat":[85,44],"product_tag":[38],"yst_prominent_words":[],"class_list":{"0":"post-1035","1":"product","2":"type-product","3":"status-publish","4":"has-post-thumbnail","6":"product_cat-odsavacie-a-filtracne-zariadenia-teka","7":"product_cat-systemy-pre-priestorove-vetranie-filtraciu","8":"product_tag-teka","10":"first","11":"onbackorder","12":"taxable","13":"shipping-taxable","14":"product-type-simple"},"acf":[],"_links":{"self":[{"href":"https:\/\/www.robotec.sk\/welding\/wp-json\/wp\/v2\/product\/1035","targetHints":{"allow":["GET"]}}],"collection":[{"href":"https:\/\/www.robotec.sk\/welding\/wp-json\/wp\/v2\/product"}],"about":[{"href":"https:\/\/www.robotec.sk\/welding\/wp-json\/wp\/v2\/types\/product"}],"wp:featuredmedia":[{"embeddable":true,"href":"https:\/\/www.robotec.sk\/welding\/wp-json\/wp\/v2\/media\/1454"}],"wp:attachment":[{"href":"https:\/\/www.robotec.sk\/welding\/wp-json\/wp\/v2\/media?parent=1035"}],"wp:term":[{"taxonomy":"product_brand","embeddable":true,"href":"https:\/\/www.robotec.sk\/welding\/wp-json\/wp\/v2\/product_brand?post=1035"},{"taxonomy":"product_cat","embeddable":true,"href":"https:\/\/www.robotec.sk\/welding\/wp-json\/wp\/v2\/product_cat?post=1035"},{"taxonomy":"product_tag","embeddable":true,"href":"https:\/\/www.robotec.sk\/welding\/wp-json\/wp\/v2\/product_tag?post=1035"},{"taxonomy":"yst_prominent_words","embeddable":true,"href":"https:\/\/www.robotec.sk\/welding\/wp-json\/wp\/v2\/yst_prominent_words?post=1035"}],"curies":[{"name":"wp","href":"https:\/\/api.w.org\/{rel}","templated":true}]}}