{"id":1027,"date":"2019-02-25T12:55:23","date_gmt":"2019-02-25T11:55:23","guid":{"rendered":"https:\/\/www.robotec.sk\/welding\/?post_type=product&#038;p=1027"},"modified":"2020-05-21T10:02:36","modified_gmt":"2020-05-21T08:02:36","slug":"zpf-9h","status":"publish","type":"product","link":"https:\/\/www.robotec.sk\/welding\/produkt\/zpf-9h\/","title":{"rendered":"ZPF 9H"},"content":{"rendered":"<p>ZPF 9H je centr\u00e1lne ods\u00e1vacie a filtra\u010dn\u00e9 zariadenie, ktor\u00e9 je vybaven\u00e9 9 patr\u00f3nov\u00fdmi filtrami s automatick\u00fdm \u010disten\u00edm. Zariadenie je ur\u010den\u00e9 na ods\u00e1vanie a filtr\u00e1ciu splod\u00edn z viacer\u00fdch pracov\u00edsk s\u00fa\u010dasne a umo\u017e\u0148uje prefiltrovanie ve\u013ek\u00fdch objemov vzduchu s\u00fa\u010dasne. Jednotka je certifikovan\u00e1 IFA pre triedu W3, teda dlhodob\u00e9 ods\u00e1vanie a filtr\u00e1ciu splod\u00edn vznikaj\u00facich pri zv\u00e1ran\u00ed legovan\u00fdch aj nelegovan\u00fdch ocel\u00ed.<\/p>\n<p>ZPF 9H je centr\u00e1lne ods\u00e1vacie a filtra\u010dn\u00e9 zariadenie s patr\u00f3nov\u00fdm filtrom a plne automatick\u00fdm \u010disten\u00edm. Je certifikovan\u00e9 IFA v kateg\u00f3rii W3 pre ods\u00e1vanie splod\u00edn vznikaj\u00facich pri zv\u00e1ran\u00ed vysokolegovan\u00fdch ocel\u00ed. Splodiny s\u00fa zachyten\u00e9 prostredn\u00edctvom ods\u00e1vac\u00edch ramien a s\u00fa veden\u00e9 spiro potrub\u00edm k filtra\u010dnej jednotke. Hrub\u00e9 \u010dastice s\u00fa zachyten\u00e9 na ve\u013ekom deflektore, ktor\u00fd sl\u00fa\u017ei ako predsepar\u00e1tor, a okam\u017eite spadn\u00fa do z\u00e1sobn\u00edka. N\u00e1sledne s\u00fa splodiny veden\u00e9 cez patr\u00f3nov\u00fd filter so \u0161peci\u00e1lnou povrchovou \u00fapravou, ktor\u00e1 zvy\u0161uje jeho \u017eivotnos\u0165.<\/p>\n<p>Jednotka je vybaven\u00e1 9 z\u00e1vesn\u00fdmi patr\u00f3nov\u00fdmi filtrami s efektivitou separ\u00e1cie \u2265 99%. Filtre s\u00fa umiestnen\u00e9 po bokoch a \u0165a\u017ek\u00e9 \u010dastice padn\u00fa do zbernej n\u00e1doby. Patr\u00f3nov\u00e9 filtre s\u00fa povrchovo upraven\u00e9 \u0161peci\u00e1lnym m\u00e9diom, ktor\u00e9 predl\u017euje ich \u017eivotnos\u0165.<\/p>\n<p>V\u00fdhodou plno automatick\u00e9ho \u010distiaceho syst\u00e9mu je zaistenie optim\u00e1lneho v\u00fdkonu, zachovaniu dlhej \u017eivotnosti filtrov, vysok\u00e9ho stup\u0148a oddelenia, jednoduchosti a nen\u00e1ro\u010dnosti prev\u00e1dzky. Proces automatick\u00e9ho \u010distenia je riaden\u00fd mikroprocesorom a ovl\u00e1dan\u00fd prostredn\u00edctvom ovl\u00e1dacieho panelu jednotky. Automatick\u00fd \u010distiaci syst\u00e9m vyu\u017e\u00edva technol\u00f3giu POWER SPRAY.<\/p>\n<p>Ods\u00e1vacia a filtra\u010dn\u00e1 jednotka m\u00f4\u017ee by\u0165 umiestnen\u00e1 vonku alebo vo vn\u00fatri haly. V\u010faka modul\u00e1rnej kon\u0161trukcii je ju mo\u017en\u00e9 kedyko\u013evek roz\u0161\u00edri\u0165, ak bude potrebn\u00e9 zv\u00e4\u010d\u0161i\u0165 plochu filtrov pre zv\u00fd\u0161enie kapacity. Mo\u017enos\u0165 vyu\u017ei\u0165 rekuper\u00e1ciu \u2013 vracanie prefiltrovan\u00e9ho vzduchu sp\u00e4\u0165 do pracoviska, v\u00fdrazne zni\u017euje, najm\u00e4 v zimnom obdob\u00ed, n\u00e1klady na vykurovanie pracovn\u00fdch priestorov. V lete je naopak mo\u017en\u00e9 odfiltrovan\u00fd vzduch vyv\u00e1dza\u0165 von z haly a zlep\u0161i\u0165 tak ventil\u00e1ciu v hale.<\/p>\n<p><strong>\u0160tandardn\u00e1 dod\u00e1vka:<\/strong><\/p>\n<ul style=\"list-style-type: square;\">\n<li id=\"u167543-17\">plne automatick\u00e9 \u010distenie syst\u00e9mom POWER SPRAY-SYSTEM<\/li>\n<li id=\"u167543-19\">ovl\u00e1dac\u00ed panel s displejom<\/li>\n<li id=\"u167543-21\">9 patr\u00f3nov\u00fdch filtrov, ka\u017ed\u00fd s plochou 15 m2<\/li>\n<li id=\"u167543-23\">utesnen\u00fd z\u00e1sobn\u00edk na oddelen\u00e9 prachov\u00e9 \u010dastice<\/li>\n<li id=\"u167543-25\">v\u00fdkonn\u00fd ventil\u00e1tor<\/li>\n<li id=\"u167543-27\">servisn\u00e9 dvere pre pohodln\u00fd pr\u00edstup k d\u00f4le\u017eit\u00fdm \u010dastiam<\/li>\n<li id=\"u167543-29\">PE vrecko v z\u00e1sobn\u00edku na zbieranie prachu<\/li>\n<\/ul>\n<p><strong>Volite\u013en\u00e9 pr\u00edslu\u0161enstvo:<\/strong><\/p>\n<ul style=\"list-style-type: square;\">\n<li id=\"u167543-36\">tlmi\u010d<\/li>\n<li id=\"u167543-38\">lapa\u010d iskier<\/li>\n<li id=\"u167543-40\">\u010dasticov\u00fd\u00a0 senzor<\/li>\n<li id=\"u167543-42\">protipo\u017eiarny syst\u00e9m<\/li>\n<li id=\"u167543-44\">frekven\u010dn\u00fd meni\u010d<\/li>\n<\/ul>\n","protected":false},"excerpt":{"rendered":"<p>ZPF 9H s\u00fa centr\u00e1lne ods\u00e1vacie a filtra\u010dn\u00e9 zariadenia, ktor\u00e9 s\u00fa vybaven\u00e9 6 patr\u00f3nov\u00fdmi filtrami s automatick\u00fdm \u010disten\u00edm. Zariadenia s\u00fa ur\u010den\u00e9 na ods\u00e1vanie a filtr\u00e1ciu splod\u00edn vznikaj\u00facich pri zv\u00e1ran\u00ed legovan\u00fdch aj nelegovan\u00fdch ocel\u00ed na viacer\u00fdch pracovisk\u00e1ch s\u00fa\u010dasne. Jednotky s\u00fa certifikovan\u00e9 IFA pre triedu W3.<\/p>\n","protected":false},"featured_media":1453,"template":"","meta":{"_monsterinsights_skip_tracking":false,"_monsterinsights_sitenote_active":false,"_monsterinsights_sitenote_note":"","_monsterinsights_sitenote_category":0},"product_brand":[],"product_cat":[85,43],"product_tag":[38],"yst_prominent_words":[],"class_list":{"0":"post-1027","1":"product","2":"type-product","3":"status-publish","4":"has-post-thumbnail","6":"product_cat-odsavacie-a-filtracne-zariadenia-teka","7":"product_cat-centralne-odsavacie-zariadenia","8":"product_tag-teka","10":"first","11":"onbackorder","12":"taxable","13":"shipping-taxable","14":"product-type-simple"},"acf":[],"_links":{"self":[{"href":"https:\/\/www.robotec.sk\/welding\/wp-json\/wp\/v2\/product\/1027","targetHints":{"allow":["GET"]}}],"collection":[{"href":"https:\/\/www.robotec.sk\/welding\/wp-json\/wp\/v2\/product"}],"about":[{"href":"https:\/\/www.robotec.sk\/welding\/wp-json\/wp\/v2\/types\/product"}],"wp:featuredmedia":[{"embeddable":true,"href":"https:\/\/www.robotec.sk\/welding\/wp-json\/wp\/v2\/media\/1453"}],"wp:attachment":[{"href":"https:\/\/www.robotec.sk\/welding\/wp-json\/wp\/v2\/media?parent=1027"}],"wp:term":[{"taxonomy":"product_brand","embeddable":true,"href":"https:\/\/www.robotec.sk\/welding\/wp-json\/wp\/v2\/product_brand?post=1027"},{"taxonomy":"product_cat","embeddable":true,"href":"https:\/\/www.robotec.sk\/welding\/wp-json\/wp\/v2\/product_cat?post=1027"},{"taxonomy":"product_tag","embeddable":true,"href":"https:\/\/www.robotec.sk\/welding\/wp-json\/wp\/v2\/product_tag?post=1027"},{"taxonomy":"yst_prominent_words","embeddable":true,"href":"https:\/\/www.robotec.sk\/welding\/wp-json\/wp\/v2\/yst_prominent_words?post=1027"}],"curies":[{"name":"wp","href":"https:\/\/api.w.org\/{rel}","templated":true}]}}