{"id":1000,"date":"2019-02-15T14:49:05","date_gmt":"2019-02-15T13:49:05","guid":{"rendered":"https:\/\/www.robotec.sk\/welding\/?post_type=product&#038;p=1000"},"modified":"2020-05-21T10:02:35","modified_gmt":"2020-05-21T08:02:35","slug":"caremaster-1-wall","status":"publish","type":"product","link":"https:\/\/www.robotec.sk\/welding\/produkt\/caremaster-1-wall\/","title":{"rendered":"CAREMASTER &#8211; stacion\u00e1rny, 1 rameno"},"content":{"rendered":"<div>\n<p>Caremaster je stacion\u00e1rne ods\u00e1vacie a filtra\u010dn\u00e9 zariadenie, ktor\u00e9 vybaven\u00e9\u00a0 jednor\u00e1zov\u00fdm viacstup\u0148ov\u00fdm kazetov\u00fdm filtrom. Je ur\u010den\u00e9 na ods\u00e1vanie a filtr\u00e1ciu splod\u00edn vznikaj\u00facich pri zv\u00e1ran\u00ed.<\/p>\n<p id=\"u163057-2\">Caremster je stacion\u00e1rne ods\u00e1vacie a filtra\u010dn\u00e9 zariadenie, ku ktor\u00e9mu je mo\u017en\u00e9 pou\u017ei\u0165 v\u0161etky dostupn\u00e9 ods\u00e1vacie ramen\u00e1 TEKA s priemerom 150 mm. \u00da\u010dinnos\u0165 separ\u00e1cie dosahuje \u2265 99%.<\/p>\n<p id=\"u163057-8\">Zariadenie sa vyzna\u010duje stabilnou kon\u0161trukciou a vy\u017eaduje minim\u00e1lnu \u00fadr\u017ebu aj pri pou\u017eit\u00ed v n\u00e1ro\u010dn\u00fdch podmienkach.<\/p>\n<p id=\"u163057-11\">Hrub\u00e9 \u010dastice s\u00fa zachyt\u00e1van\u00e9 v predfiltri. Vzduch je n\u00e1sledn\u00e9 veden\u00fd cez \u010dasticov\u00fd filter, kde d\u00f4jde k zachyteniu aj t\u00fdch najmen\u0161\u00edch pevn\u00fdch a plynn\u00fdch \u010dast\u00edc. \u0160peci\u00e1lny mechanizmus zais\u0165uje tesnos\u0165 doliehania filtra\u010dn\u00fdch kaziet, \u010d\u00edm sa dosahuje vysok\u00e1 efekt\u00edvnos\u0165 filtra\u010dnej jednotiek.<\/p>\n<p id=\"u163057-14\">Vy\u010disten\u00fd vzduch je vyfukovan\u00fd v zadnej \u010dasti jednotky a st\u00fapa nahor, tak\u017ee u\u017e vo vzdialenosti 1 m a v\u00e4\u010d\u0161ej nie je c\u00edti\u0165 \u017eiadne ru\u0161iv\u00e9 pr\u00fadenie vzduchu. Zariadenie je vybaven\u00e9 v\u00fdkonn\u00fdm ventil\u00e1torom, ktor\u00fd vyv\u00edja ve\u013ek\u00fd podtlak, ktor\u00fd zaru\u010duje vysok\u00fd volumetrick\u00fd prietok aj pri zanesen\u00ed filtra\u010dn\u00fdch kaziet.<\/p>\n<\/div>\n<p><strong>\u0160tandardn\u00e1 dod\u00e1vka:<\/strong><\/p>\n<ul style=\"list-style-type: square;\">\n<li id=\"u163057-20\">ve\u013ek\u00fd predfilter<\/li>\n<li id=\"u163057-22\">\u010dasticov\u00fd filter s efektivitou separ\u00e1cie \u226599%<\/li>\n<li id=\"u163057-24\">optick\u00e1 kontrola a akustick\u00e1 signaliz\u00e1cia zanesenia filtra<\/li>\n<li id=\"u163057-26\">utesnenie jednotky<\/li>\n<li id=\"u163057-28\">po\u010d\u00edtadlo prev\u00e1dzkov\u00fdch hod\u00edn<\/li>\n<li id=\"u163057-30\">extern\u00e9 riadenie<\/li>\n<li id=\"u163057-32\">zostava pre mont\u00e1\u017e na stenu<\/li>\n<li id=\"u163057-34\">1 rameno s \u00d8150 mm alebo ods\u00e1vac\u00ed \u017eeriav \u00d8 160mm<\/li>\n<li id=\"u163057-36\">d\u013a\u017eka ods\u00e1vacieho ramena \/ hadice 2, 3, 4, 5, 6, 7 alebo m<\/li>\n<li id=\"u163057-38\">5 m sie\u0165ov\u00fd k\u00e1bel<\/li>\n<\/ul>\n<p><strong>Volite\u013en\u00e9 pr\u00edslu\u0161enstvo:<\/strong><\/p>\n<ul style=\"list-style-type: square;\">\n<li id=\"u163057-45\">syst\u00e9m automatick\u00e9ho \u0161tartu\/vypnutia<\/li>\n<li id=\"u163057-47\">hlavn\u00fd vyp\u00edna\u010d zariadenia na ods\u00e1vacej hubici<\/li>\n<li id=\"u163057-49\">hlin\u00edkov\u00e9 sitko ako predfilter<\/li>\n<li id=\"u163057-51\">sitko do hubice pre zachyt\u00e1vanie iskier<\/li>\n<li id=\"u163057-53\">filter s akt\u00edvnym uhl\u00edm<\/li>\n<\/ul>\n","protected":false},"excerpt":{"rendered":"<p>Stacion\u00e1rne ods\u00e1vacie a filtra\u010dn\u00e9 zariadenie s jedn\u00fdm ramenom, ktor\u00e9 je vybaven\u00e9 kazetov\u00fdm filtrom\u00a0 pre ods\u00e1vanie splod\u00edn vznikaj\u00facich pri zv\u00e1ran\u00ed. Stabiln\u00e1 kon\u0161trukcia, nastavite\u013en\u00e9 rameno. Maxim\u00e1lny sac\u00ed v\u00fdkon 2500 alebo 3500 m3\/h a stupe\u0148 filtr\u00e1cie &gt;99%.<\/p>\n","protected":false},"featured_media":1460,"template":"","meta":{"_monsterinsights_skip_tracking":false,"_monsterinsights_sitenote_active":false,"_monsterinsights_sitenote_note":"","_monsterinsights_sitenote_category":0},"product_brand":[],"product_cat":[85,42],"product_tag":[38],"yst_prominent_words":[],"class_list":{"0":"post-1000","1":"product","2":"type-product","3":"status-publish","4":"has-post-thumbnail","6":"product_cat-odsavacie-a-filtracne-zariadenia-teka","7":"product_cat-stacionarne-odsavacie-a-filtracne-zariadenia-teka","8":"product_tag-teka","10":"first","11":"onbackorder","12":"taxable","13":"shipping-taxable","14":"product-type-simple"},"acf":[],"_links":{"self":[{"href":"https:\/\/www.robotec.sk\/welding\/wp-json\/wp\/v2\/product\/1000","targetHints":{"allow":["GET"]}}],"collection":[{"href":"https:\/\/www.robotec.sk\/welding\/wp-json\/wp\/v2\/product"}],"about":[{"href":"https:\/\/www.robotec.sk\/welding\/wp-json\/wp\/v2\/types\/product"}],"wp:featuredmedia":[{"embeddable":true,"href":"https:\/\/www.robotec.sk\/welding\/wp-json\/wp\/v2\/media\/1460"}],"wp:attachment":[{"href":"https:\/\/www.robotec.sk\/welding\/wp-json\/wp\/v2\/media?parent=1000"}],"wp:term":[{"taxonomy":"product_brand","embeddable":true,"href":"https:\/\/www.robotec.sk\/welding\/wp-json\/wp\/v2\/product_brand?post=1000"},{"taxonomy":"product_cat","embeddable":true,"href":"https:\/\/www.robotec.sk\/welding\/wp-json\/wp\/v2\/product_cat?post=1000"},{"taxonomy":"product_tag","embeddable":true,"href":"https:\/\/www.robotec.sk\/welding\/wp-json\/wp\/v2\/product_tag?post=1000"},{"taxonomy":"yst_prominent_words","embeddable":true,"href":"https:\/\/www.robotec.sk\/welding\/wp-json\/wp\/v2\/yst_prominent_words?post=1000"}],"curies":[{"name":"wp","href":"https:\/\/api.w.org\/{rel}","templated":true}]}}