{"id":890,"date":"2018-12-11T09:44:23","date_gmt":"2018-12-11T08:44:23","guid":{"rendered":"https:\/\/www.robotec.sk\/welding\/?page_id=890"},"modified":"2020-07-23T15:13:45","modified_gmt":"2020-07-23T13:13:45","slug":"reklamacie","status":"publish","type":"page","link":"https:\/\/www.robotec.sk\/welding\/reklamacie\/","title":{"rendered":"Reklam\u00e1cie"},"content":{"rendered":"<div class=\"fusion-fullwidth fullwidth-box fusion-builder-row-1 nonhundred-percent-fullwidth non-hundred-percent-height-scrolling\" style=\"--awb-border-radius-top-left:0px;--awb-border-radius-top-right:0px;--awb-border-radius-bottom-right:0px;--awb-border-radius-bottom-left:0px;--awb-flex-wrap:wrap;\" ><div class=\"fusion-builder-row fusion-row\"><div class=\"fusion-layout-column fusion_builder_column fusion-builder-column-0 fusion_builder_column_1_1 1_1 fusion-one-full fusion-column-first fusion-column-last\" style=\"--awb-bg-size:cover;\"><div class=\"fusion-column-wrapper fusion-flex-column-wrapper-legacy\"><div class=\"fusion-text fusion-text-1\"><p id=\"u122613-3\"><span id=\"u122613\">VAW WELDING, s.r.o.<\/span><span id=\"u122613-2\"><\/span><\/p>\n<p id=\"u122613-5\">Hlavn\u00e1 3, 038 52 Su\u010dany, Slovensko<\/p>\n<p id=\"u122613-7\">I\u010cO: 36424714, zap\u00edsan\u00e1 v Obchodnom registri v \u017diline, oddiel: Sro, vl. \u010d. 15613\/L<\/p>\n<div class=\"fusion-sep-clear\"><\/div><div class=\"fusion-separator fusion-full-width-sep\" style=\"margin-left: auto;margin-right: auto;width:100%;\"><div class=\"fusion-separator-border sep-double sep-solid\" style=\"--awb-height:20px;--awb-amount:20px;border-color:#e0dede;border-top-width:1px;border-bottom-width:1px;\"><\/div><\/div><div class=\"fusion-sep-clear\"><\/div>\n<h3><strong>TOVAR PO\u0160KODEN\u00dd PRI PREPRAVE<\/strong><\/h3>\n<p id=\"u122617-8\">Pri preberan\u00ed tovaru si v\u017edy skontrolujte stav obalu a v pr\u00edpade, \u017ee je po\u0161koden\u00fd, skontrolujte aj tovar. Ak zist\u00edte, \u017ee tovar je mechanicky po\u0161koden\u00fd, nepreberajte ho, ale sp\u00ed\u0161te s vodi\u010dom (kuri\u00e9rom) protokol o \u0161kode. Z\u00e1rove\u0148 n\u00e1s informujte na na\u0161ej e-mailovej adrese: <span id=\"u124691-2\">welding@www.robotec.sk<\/span>. Ak zist\u00edte mechanick\u00e9 po\u0161kodenie zapr\u00ed\u010dinen\u00e9 dopravou a\u017e po rozbalen\u00ed tovaru, pr\u00edpadne po prvom pou\u017eit\u00ed (najviac do 3 dn\u00ed od doru\u010denia), \u010do najsk\u00f4r n\u00e1m t\u00fato skuto\u010dnos\u0165 nahl\u00e1ste. Po tomto term\u00edne nebude reklam\u00e1cia uznan\u00e1.<\/p>\n<div id=\"u122619-4-bw\" class=\"browser_width colelem shared_content\" data-content-guid=\"u122619-4-bw_content\">\n<div id=\"u122619-4\" class=\"clearfix\">\n<h3><strong>Z\u00c1RU\u010cN\u00c1 REKLAM\u00c1CIA<\/strong><\/h3>\n<\/div>\n<\/div>\n<div id=\"u122621-4\" class=\"Odstavec clearfix colelem shared_content\" data-content-guid=\"u122621-4_content\">\n<p id=\"u122621-2\"><span class=\"shared_content\" data-content-guid=\"u124684-5_0_content\">Ak zist\u00edte z\u00e1vadu na v\u00fdrobku, na ktor\u00fd sa vz\u0165ahuje reklam\u00e1cia po\u010das z\u00e1ru\u010dnej doby, vypl\u0148te <\/span><span id=\"u124684-2\" class=\"shared_content\" data-content-guid=\"u124684-2_content\">reklama\u010dn\u00fd formul\u00e1r<\/span><span class=\"shared_content\" data-content-guid=\"u124684-5_2_content\">, po ktor\u00e9ho prijat\u00ed v\u00e1s budeme kontaktova\u0165. Ak bude nutn\u00e9 tovar doru\u010di\u0165 na na\u0161u adresu je potrebn\u00e9, aby ste ho doru\u010dili nepo\u0161koden\u00fd a nezne\u010disten\u00fd, zabalen\u00fd v origin\u00e1lnom obale s kompletnou dokument\u00e1ciou (ak je prilo\u017een\u00e1), z\u00e1ru\u010dn\u00fdm listom a fakt\u00farou, resp. pokladni\u010dn\u00fdm blokom. V\u00fdrobok za\u0161lite ako bal\u00edk na na\u0161u adresu uveden\u00fa v Kontaktoch a nezabudnite ho poisti\u0165. Po uznan\u00ed reklam\u00e1cie v\u00e1m po\u0161leme nov\u00fd tovar alebo vr\u00e1time sp\u00e4\u0165 peniaze.<\/span><\/p>\n<div class=\"fusion-button-wrapper\"><a class=\"fusion-button button-flat fusion-button-default-size button-default fusion-button-default button-1 fusion-button-default-span fusion-button-default-type\" target=\"_self\" href=\"https:\/\/www.robotec.sk\/welding\/kontaktny-servisny-formular\/\"><span class=\"fusion-button-text awb-button__text awb-button__text--default\">REKLAMA\u010cN\u00dd FORMUL\u00c1R<\/span><\/a><\/div><\/div>\n<\/div><div class=\"fusion-clearfix\"><\/div><\/div><\/div><\/div><\/div>\n","protected":false},"excerpt":{"rendered":"","protected":false},"author":1,"featured_media":0,"parent":0,"menu_order":0,"comment_status":"closed","ping_status":"closed","template":"100-width.php","meta":{"_monsterinsights_skip_tracking":false,"_monsterinsights_sitenote_active":false,"_monsterinsights_sitenote_note":"","_monsterinsights_sitenote_category":0,"footnotes":""},"yst_prominent_words":[],"class_list":["post-890","page","type-page","status-publish","hentry"],"acf":[],"_links":{"self":[{"href":"https:\/\/www.robotec.sk\/welding\/wp-json\/wp\/v2\/pages\/890","targetHints":{"allow":["GET"]}}],"collection":[{"href":"https:\/\/www.robotec.sk\/welding\/wp-json\/wp\/v2\/pages"}],"about":[{"href":"https:\/\/www.robotec.sk\/welding\/wp-json\/wp\/v2\/types\/page"}],"author":[{"embeddable":true,"href":"https:\/\/www.robotec.sk\/welding\/wp-json\/wp\/v2\/users\/1"}],"replies":[{"embeddable":true,"href":"https:\/\/www.robotec.sk\/welding\/wp-json\/wp\/v2\/comments?post=890"}],"version-history":[{"count":2,"href":"https:\/\/www.robotec.sk\/welding\/wp-json\/wp\/v2\/pages\/890\/revisions"}],"predecessor-version":[{"id":893,"href":"https:\/\/www.robotec.sk\/welding\/wp-json\/wp\/v2\/pages\/890\/revisions\/893"}],"wp:attachment":[{"href":"https:\/\/www.robotec.sk\/welding\/wp-json\/wp\/v2\/media?parent=890"}],"wp:term":[{"taxonomy":"yst_prominent_words","embeddable":true,"href":"https:\/\/www.robotec.sk\/welding\/wp-json\/wp\/v2\/yst_prominent_words?post=890"}],"curies":[{"name":"wp","href":"https:\/\/api.w.org\/{rel}","templated":true}]}}