{"id":593,"date":"2018-11-27T14:25:13","date_gmt":"2018-11-27T13:25:13","guid":{"rendered":"https:\/\/www.robotec.sk\/welding\/?page_id=593"},"modified":"2020-07-23T15:20:28","modified_gmt":"2020-07-23T13:20:28","slug":"dopyt","status":"publish","type":"page","link":"https:\/\/www.robotec.sk\/welding\/dopyt\/","title":{"rendered":"Dopyt"},"content":{"rendered":"<div class=\"fusion-fullwidth fullwidth-box fusion-builder-row-1 nonhundred-percent-fullwidth non-hundred-percent-height-scrolling\" style=\"--awb-border-radius-top-left:0px;--awb-border-radius-top-right:0px;--awb-border-radius-bottom-right:0px;--awb-border-radius-bottom-left:0px;--awb-flex-wrap:wrap;\" ><div class=\"fusion-builder-row fusion-row\"><div class=\"fusion-layout-column fusion_builder_column fusion-builder-column-0 fusion_builder_column_1_1 1_1 fusion-one-full fusion-column-first fusion-column-last\" style=\"--awb-bg-size:cover;\"><div class=\"fusion-column-wrapper fusion-flex-column-wrapper-legacy\"><div class=\"fusion-text fusion-text-1\">\n                <div class='gf_browser_gecko gform_wrapper' id='gform_wrapper_3' ><form method='post' enctype='multipart\/form-data'  id='gform_3'  action='\/welding\/wp-json\/wp\/v2\/pages\/593'> \r\n <input type='hidden' class='gforms-pum' value='{\"closepopup\":false,\"closedelay\":0,\"openpopup\":false,\"openpopup_id\":0}' \/>\n                        <div class='gform_heading'>\n                            <h3 class='gform_title'>\u017diados\u0165 o vypracovanie cenovej ponuky<\/h3>\n                            <span class='gform_description'><\/span>\n                        <\/div>\n                        <div class='gform_body'><ul id='gform_fields_3' class='gform_fields top_label form_sublabel_below description_below'><li id='field_3_4'  class='gfield gsection field_sublabel_below field_description_below gfield_visibility_visible' ><h2 class='gsection_title'>Po\u017eiadavka<\/h2><\/li><li id='field_3_1'  class='gfield gf_left_half field_sublabel_below field_description_below gfield_visibility_visible' ><label class='gfield_label' for='input_3_1' >N\u00e1zov \/ typ dopytovan\u00e9ho zariadenia<\/label><div class='ginput_container ginput_container_text'><input name='input_1' id='input_3_1' type='text' value='' class='large'      aria-invalid=\"false\" \/><\/div><\/li><li id='field_3_3'  class='gfield field_sublabel_below field_description_below gfield_visibility_visible' ><label class='gfield_label' for='input_3_3' >Popis po\u017eiadavky<\/label><div class='ginput_container ginput_container_textarea'><textarea name='input_3' id='input_3_3' class='textarea medium'     aria-invalid=\"false\"   rows='10' cols='50'><\/textarea><\/div><\/li><li id='field_3_8'  class='gfield gsection field_sublabel_below field_description_below gfield_visibility_visible' ><h2 class='gsection_title'>Kontaktn\u00e9 inform\u00e1cie<\/h2><\/li><li id='field_3_9'  class='gfield field_sublabel_below field_description_below gfield_visibility_visible' ><label class='gfield_label' for='input_3_9' >Firma<\/label><div class='ginput_container ginput_container_text'><input name='input_9' id='input_3_9' type='text' value='' class='small'      aria-invalid=\"false\" \/><\/div><\/li><li id='field_3_10'  class='gfield gfield_contains_required field_sublabel_below field_description_below gfield_visibility_visible' ><label class='gfield_label gfield_label_before_complex' for='input_3_10_2' >Meno<span class='gfield_required'>*<\/span><\/label><div class='ginput_complex ginput_container has_prefix has_first_name no_middle_name has_last_name no_suffix gf_name_has_3 ginput_container_name gfield_trigger_change' id='input_3_10'>\n                            <span id='input_3_10_2_container' class='name_prefix name_prefix_select' >\n                                                    <select name='input_10.2' id='input_3_10_2' aria-label='Name prefix'  >\n                          <option value=''><\/option><option value='Mr.' >Mr.<\/option><option value='Mrs.' >Mrs.<\/option><option value='Miss' >Miss<\/option><option value='Ms.' >Ms.<\/option><option value='Dr.' >Dr.<\/option><option value='Prof.' >Prof.<\/option><option value='Rev.' >Rev.<\/option>\n                      <\/select>\n                                                    <label for='input_3_10_2' >Titul<\/label>\n                                                  <\/span>\n                            <span id='input_3_10_3_container' class='name_first' >\n                                                    <input type='text' name='input_10.3' id='input_3_10_3' value='' aria-label='First name'   aria-required=\"true\" aria-invalid=\"false\" \/>\n                                                    <label for='input_3_10_3' >Meno<\/label>\n                                                <\/span>\n                            \n                            <span id='input_3_10_6_container' class='name_last' >\n                                                    <input type='text' name='input_10.6' id='input_3_10_6' value='' aria-label='Last name'   aria-required=\"true\" aria-invalid=\"false\" \/>\n                                                    <label for='input_3_10_6' >Priezvisko<\/label>\n                                                <\/span>\n                            \n                        <\/div><\/li><li id='field_3_11'  class='gfield gf_left_half gfield_contains_required field_sublabel_below field_description_below gfield_visibility_visible' ><label class='gfield_label' for='input_3_11' >Telef\u00f3n<span class='gfield_required'>*<\/span><\/label><div class='ginput_container ginput_container_phone'><input name='input_11' id='input_3_11' type='text' value='' class='medium'    aria-required=\"true\" aria-invalid=\"false\" \/><\/div><\/li><li id='field_3_12'  class='gfield gf_right_half field_sublabel_below field_description_below gfield_visibility_visible' ><label class='gfield_label' for='input_3_12' >E-mail<\/label><div class='ginput_container ginput_container_email'>\n                            <input name='input_12' id='input_3_12' type='text' value='' class='medium'      aria-invalid=\"false\"\/>\n                        <\/div><\/li><li id='field_3_13'  class='gfield field_sublabel_below field_description_below gfield_visibility_visible' ><label class='gfield_label gfield_label_before_complex' for='input_3_13_1' >Adresa<\/label>    \n                    <div class='ginput_complex ginput_container has_street has_city has_zip has_country ginput_container_address gfield_trigger_change' id='input_3_13' >\n                         <span class='ginput_full address_line_1' id='input_3_13_1_container' >\n                                        <input type='text' name='input_13.1' id='input_3_13_1' value=''   \/>\n                                        <label for='input_3_13_1' id='input_3_13_1_label' >Ulica<\/label>\n                                    <\/span><span class='ginput_left address_city' id='input_3_13_3_container' >\n                                    <input type='text' name='input_13.3' id='input_3_13_3' value=''   \/>\n                                    <label for='input_3_13_3' id='input_3_13_3_label' >Mesto<\/label>\n                                 <\/span><input type='hidden' class='gform_hidden' name='input_13.4' id='input_3_13_4' value=''\/><span class='ginput_right address_zip' id='input_3_13_5_container' >\n                                    <input type='text' name='input_13.5' id='input_3_13_5' value=''   \/>\n                                    <label for='input_3_13_5' id='input_3_13_5_label' >PS\u010c<\/label>\n                                <\/span><span class='ginput_left address_country' id='input_3_13_6_container' >\n                                        <select name='input_13.6' id='input_3_13_6'  ><option value='' ><\/option><option value='Afghanistan' >Afghanistan<\/option><option value='Alb\u00e1nia' >Alb\u00e1nia<\/option><option value='Al\u017e\u00edrsko' >Al\u017e\u00edrsko<\/option><option value='Americk\u00e1 Samoa' >Americk\u00e1 Samoa<\/option><option value='Andorra' >Andorra<\/option><option value='Angola' >Angola<\/option><option value='Antigua a Barbuda' >Antigua a Barbuda<\/option><option value='Argent\u00edna' >Argent\u00edna<\/option><option value='Arm\u00e9nsko' >Arm\u00e9nsko<\/option><option value='Austr\u00e1lia' >Austr\u00e1lia<\/option><option value='Rak\u00fasko' >Rak\u00fasko<\/option><option value='Azerbajd\u017ean' >Azerbajd\u017ean<\/option><option value='Bahamy' >Bahamy<\/option><option value='Bahrajn' >Bahrajn<\/option><option value='Banglad\u00e9\u0161' >Banglad\u00e9\u0161<\/option><option value='Barbados' >Barbados<\/option><option value='Bielorusko' >Bielorusko<\/option><option value='Belgicko' >Belgicko<\/option><option value='Belize' >Belize<\/option><option value='Benin' >Benin<\/option><option value='Bermudy' >Bermudy<\/option><option value='Bh\u00fat\u00e1n' >Bh\u00fat\u00e1n<\/option><option value='Bol\u00edvia' >Bol\u00edvia<\/option><option value='Bosna a Hercegovina' >Bosna a Hercegovina<\/option><option value='Botswana' >Botswana<\/option><option value='Braz\u00edlia' >Braz\u00edlia<\/option><option value='Brunej' >Brunej<\/option><option value='Bulharsko' >Bulharsko<\/option><option value='Burkina Faso' >Burkina Faso<\/option><option value='Burundi' >Burundi<\/option><option value='Kambod\u017ea' >Kambod\u017ea<\/option><option value='Kamerun' >Kamerun<\/option><option value='Kanada' >Kanada<\/option><option value='Kapverdy' >Kapverdy<\/option><option value='Kajmansk\u00e9 ostrovy' >Kajmansk\u00e9 ostrovy<\/option><option value='Stredoafrick\u00e1 republika' >Stredoafrick\u00e1 republika<\/option><option value='\u010cad' >\u010cad<\/option><option value='Chile' >Chile<\/option><option value='\u010c\u00edna' >\u010c\u00edna<\/option><option value='Kolumbia' >Kolumbia<\/option><option value='Komory' >Komory<\/option><option value='Demokratick\u00e1 republika Kongo' >Demokratick\u00e1 republika Kongo<\/option><option value='Republika Kongo' >Republika Kongo<\/option><option value='Kostarika' >Kostarika<\/option><option value='C\u00f4te d&#039;Ivoire' >C\u00f4te d&#039;Ivoire<\/option><option value='Chorv\u00e1tsko' >Chorv\u00e1tsko<\/option><option value='Kuba' >Kuba<\/option><option value='Cura\u00e7ao' >Cura\u00e7ao<\/option><option value='Cyprus' >Cyprus<\/option><option value='\u010cesk\u00e1 republika' >\u010cesk\u00e1 republika<\/option><option value='D\u00e1nsko' >D\u00e1nsko<\/option><option value='D\u017eibutsko' >D\u017eibutsko<\/option><option value='Dominika' >Dominika<\/option><option value='Dominik\u00e1nsk\u00e1 republika' >Dominik\u00e1nsk\u00e1 republika<\/option><option value='V\u00fdchodn\u00fd Timor' >V\u00fdchodn\u00fd Timor<\/option><option value='Ekv\u00e1dor' >Ekv\u00e1dor<\/option><option value='Egypt' >Egypt<\/option><option value='Salvador' >Salvador<\/option><option value='Rovn\u00edkov\u00e1 Guinea' >Rovn\u00edkov\u00e1 Guinea<\/option><option value='Eritrea' >Eritrea<\/option><option value='Estonsko' >Estonsko<\/option><option value='Eti\u00f3pia' >Eti\u00f3pia<\/option><option value='Faroe Islands' >Faroe Islands<\/option><option value='Fid\u017ei' >Fid\u017ei<\/option><option value='F\u00ednsko' >F\u00ednsko<\/option><option value='Franc\u00fazsko' >Franc\u00fazsko<\/option><option value='Franc\u00fazska polyn\u00e9zia' >Franc\u00fazska polyn\u00e9zia<\/option><option value='Gabon' >Gabon<\/option><option value='Gambia' >Gambia<\/option><option value='Georgia' >Georgia<\/option><option value='Nemecko' >Nemecko<\/option><option value='Ghana' >Ghana<\/option><option value='Gr\u00e9cko' >Gr\u00e9cko<\/option><option value='Gr\u00f3nsko' >Gr\u00f3nsko<\/option><option value='Grenada' >Grenada<\/option><option value='Guam' >Guam<\/option><option value='Guatemala' >Guatemala<\/option><option value='Guinea' >Guinea<\/option><option value='Guinea-Bissau' >Guinea-Bissau<\/option><option value='Guyana' >Guyana<\/option><option value='Haiti' >Haiti<\/option><option value='Honduras' >Honduras<\/option><option value='Hong Kong' >Hong Kong<\/option><option value='Ma\u010farsko' >Ma\u010farsko<\/option><option value='Island' >Island<\/option><option value='India' >India<\/option><option value='Indon\u00e9zia' >Indon\u00e9zia<\/option><option value='Ir\u00e1n' >Ir\u00e1n<\/option><option value='Irak' >Irak<\/option><option value='\u00cdrsko' >\u00cdrsko<\/option><option value='Izrael' >Izrael<\/option><option value='Taliansko' >Taliansko<\/option><option value='Jamajka' >Jamajka<\/option><option value='Japonsko' >Japonsko<\/option><option value='Jord\u00e1nsko' >Jord\u00e1nsko<\/option><option value='Kazachstan' >Kazachstan<\/option><option value='Ke\u0148a' >Ke\u0148a<\/option><option value='Kiribati' >Kiribati<\/option><option value='Severn\u00e1 K\u00f3rea' >Severn\u00e1 K\u00f3rea<\/option><option value='Ju\u017en\u00e1 K\u00f3rea' >Ju\u017en\u00e1 K\u00f3rea<\/option><option value='Kosovo' >Kosovo<\/option><option value='Kuvajt' >Kuvajt<\/option><option value='Kyrgyzst\u00e1n' >Kyrgyzst\u00e1n<\/option><option value='Laos' >Laos<\/option><option value='Loty\u0161sko' >Loty\u0161sko<\/option><option value='Libanon' >Libanon<\/option><option value='Lesotho' >Lesotho<\/option><option value='Lib\u00e9ria' >Lib\u00e9ria<\/option><option value='L\u00edbya' >L\u00edbya<\/option><option value='Lichten\u0161tejnsko' >Lichten\u0161tejnsko<\/option><option value='Litva' >Litva<\/option><option value='Luxembursko' >Luxembursko<\/option><option value='Maced\u00f3nsko' >Maced\u00f3nsko<\/option><option value='Madagaskar' >Madagaskar<\/option><option value='Malawi' >Malawi<\/option><option value='Malajzia' >Malajzia<\/option><option value='Maledivy' >Maledivy<\/option><option value='Mali' >Mali<\/option><option value='Malta' >Malta<\/option><option value='Marshallove ostrovy' >Marshallove ostrovy<\/option><option value='Maurit\u00e1nia' >Maurit\u00e1nia<\/option><option value='Mauricius' >Mauricius<\/option><option value='Mexiko' >Mexiko<\/option><option value='Mikron\u00e9zia' >Mikron\u00e9zia<\/option><option value='Moldavsko' >Moldavsko<\/option><option value='Monako' >Monako<\/option><option value='Mongolsko' >Mongolsko<\/option><option value='\u010cierna Hora' >\u010cierna Hora<\/option><option value='Maroko' >Maroko<\/option><option value='Mozambik' >Mozambik<\/option><option value='Myanmar' >Myanmar<\/option><option value='Nam\u00edbia' >Nam\u00edbia<\/option><option value='Nauru' >Nauru<\/option><option value='Nep\u00e1l' >Nep\u00e1l<\/option><option value='Holandsko' >Holandsko<\/option><option value='Nov\u00fd Z\u00e9land' >Nov\u00fd Z\u00e9land<\/option><option value='Nikaragua' >Nikaragua<\/option><option value='Niher' >Niher<\/option><option value='Nig\u00e9ria' >Nig\u00e9ria<\/option><option value='Severn\u00e9 Mariany' >Severn\u00e9 Mariany<\/option><option value='N\u00f3rsko' >N\u00f3rsko<\/option><option value='Om\u00e1n' >Om\u00e1n<\/option><option value='P\u00e1kistan' >P\u00e1kistan<\/option><option value='Palau' >Palau<\/option><option value='Palestine, State of' >Palestine, State of<\/option><option value='Panama' >Panama<\/option><option value='Papua-Nov\u00e1 Guinea' >Papua-Nov\u00e1 Guinea<\/option><option value='Paraguay' >Paraguay<\/option><option value='Peru' >Peru<\/option><option value='Filip\u00edny' >Filip\u00edny<\/option><option value='Po\u013esko' >Po\u013esko<\/option><option value='Portugalsko' >Portugalsko<\/option><option value='Portoriko' >Portoriko<\/option><option value='Katar' >Katar<\/option><option value='Rumunsko' >Rumunsko<\/option><option value='Rusko' >Rusko<\/option><option value='Rwanda' >Rwanda<\/option><option value='Sv\u00e4t\u00fd Kry\u0161tof a Nevis' >Sv\u00e4t\u00fd Kry\u0161tof a Nevis<\/option><option value='Sv\u00e4t\u00e1 Lucie' >Sv\u00e4t\u00e1 Lucie<\/option><option value='Sv\u00e4t\u00fd Vincenc a Grenadiny' >Sv\u00e4t\u00fd Vincenc a Grenadiny<\/option><option value='Saint Martin' >Saint Martin<\/option><option value='Samoa' >Samoa<\/option><option value='San Marino' >San Marino<\/option><option value='Sv\u00e4t\u00fd Tom\u00e1\u0161 a Princov ostrov' >Sv\u00e4t\u00fd Tom\u00e1\u0161 a Princov ostrov<\/option><option value='Saudsk\u00e1 Ar\u00e1bia' >Saudsk\u00e1 Ar\u00e1bia<\/option><option value='Senegal' >Senegal<\/option><option value='Serbia' >Serbia<\/option><option value='Seychely' >Seychely<\/option><option value='Sierra Leone' >Sierra Leone<\/option><option value='Singapur' >Singapur<\/option><option value='Sint Maarten' >Sint Maarten<\/option><option value='Slovensko' selected='selected'>Slovensko<\/option><option value='Slovinsko' >Slovinsko<\/option><option value='\u0160alam\u00fanove ostrovy' >\u0160alam\u00fanove ostrovy<\/option><option value='Som\u00e1lsko' >Som\u00e1lsko<\/option><option value='Juhoafrick\u00e1 republika' >Juhoafrick\u00e1 republika<\/option><option value='\u0160panielsko' >\u0160panielsko<\/option><option value='Sr\u00ed Lanka' >Sr\u00ed Lanka<\/option><option value='Sud\u00e1n' >Sud\u00e1n<\/option><option value='Ju\u017en\u00fd Sud\u00e1n' >Ju\u017en\u00fd Sud\u00e1n<\/option><option value='Surinam' >Surinam<\/option><option value='Svazijsko' >Svazijsko<\/option><option value='\u0160v\u00e9dsko' >\u0160v\u00e9dsko<\/option><option value='\u0160vaj\u010diarsko' >\u0160vaj\u010diarsko<\/option><option value='S\u00fdria' >S\u00fdria<\/option><option value='Tchaj-wan' >Tchaj-wan<\/option><option value='Tad\u017eikistan' >Tad\u017eikistan<\/option><option value='Tanz\u00e1nia' >Tanz\u00e1nia<\/option><option value='Thajsko' >Thajsko<\/option><option value='Togo' >Togo<\/option><option value='Tonga' >Tonga<\/option><option value='Trinidad a Tobago' >Trinidad a Tobago<\/option><option value='Tunisko' >Tunisko<\/option><option value='Turecko' >Turecko<\/option><option value='Turkmenistan' >Turkmenistan<\/option><option value='Tuvalu' >Tuvalu<\/option><option value='Uganda' >Uganda<\/option><option value='Ukrajina' >Ukrajina<\/option><option value='Spojen\u00e9 arabsk\u00e9 emir\u00e1ty' >Spojen\u00e9 arabsk\u00e9 emir\u00e1ty<\/option><option value='Spojen\u00e9 kr\u00e1\u013eovstvo' >Spojen\u00e9 kr\u00e1\u013eovstvo<\/option><option value='Spojen\u00e9 \u0161t\u00e1ty americk\u00e9' >Spojen\u00e9 \u0161t\u00e1ty americk\u00e9<\/option><option value='Uruguay' >Uruguay<\/option><option value='Uzbekistan' >Uzbekistan<\/option><option value='Vanuatu' >Vanuatu<\/option><option value='Vatik\u00e1n' >Vatik\u00e1n<\/option><option value='Venezuela' >Venezuela<\/option><option value='Vietnam' >Vietnam<\/option><option value='Britsk\u00e9 Panensk\u00e9 ostrovy' >Britsk\u00e9 Panensk\u00e9 ostrovy<\/option><option value='Americk\u00e9 Panensk\u00e9 ostrovy' >Americk\u00e9 Panensk\u00e9 ostrovy<\/option><option value='Jemen' >Jemen<\/option><option value='Zambia' >Zambia<\/option><option value='Zimbabwe' >Zimbabwe<\/option><\/select>\n                                        <label for='input_3_13_6' id='input_3_13_6_label' >Krajina<\/label>\n                                    <\/span>\n                    <div class='gf_clear gf_clear_complex'><\/div>\n                <\/div><\/li><li id='field_3_22'  class='gfield gsection field_sublabel_below field_description_below gfield_visibility_visible' ><h2 class='gsection_title'>Sprac\u00favanie osobn\u00fdch \u00fadajov<\/h2><\/li><li id='field_3_21'  class='gfield gfield_html gfield_html_formatted gfield_no_follows_desc field_sublabel_below field_description_below gfield_visibility_visible' ><!DOCTYPE html>\n<html>\n   \n   <head>\n      <title>text<\/title>\n   <\/head>\n\t\n   <body>\n      <p>Vami poskytnut\u00e9 \u00fadaje sprac\u00favame na z\u00e1klade \u010dl.6 ods. 1 p\u00edsm. b) NARIADENIA EUR\u00d3PSKEHO PARALAMENTU A RADY (E\u00da) 2016\/679 z 27. apr\u00edla 2016 o ochrane fyzick\u00fdch os\u00f4b. Bli\u017e\u0161ie inform\u00e1cie o sprac\u00favan\u00ed osobn\u00fdch \u00fadajov n\u00e1jdete <a href = \"https:\/\/www.robotec.sk\/welding\/wp-content\/uploads\/2022\/07\/IP_kontaktny_formular.pdf\" target = \"_self\">TU.<\/a>\n   <\/body>\n\t\n<\/html><\/li><li id='field_3_23'  class='gfield gform_validation_container field_sublabel_below field_description_below gfield_visibility_visible' ><label class='gfield_label' for='input_3_23' >Comments<\/label><div class='ginput_container'><input name='input_23' id='input_3_23' type='text' value='' \/><\/div><div class='gfield_description'>Toto pole je pre valida\u010dn\u00e9 \u00fa\u010dely a mal by zosta\u0165 nezmenen\u00fd.<\/div><\/li>\n                            <\/ul><\/div>\n        <div class='gform_footer top_label'> <input type='submit' id='gform_submit_button_3' class='gform_button button' value='Odosla\u0165'  onclick='if(window[\"gf_submitting_3\"]){return false;}  window[\"gf_submitting_3\"]=true;  ' onkeypress='if( event.keyCode == 13 ){ if(window[\"gf_submitting_3\"]){return false;} window[\"gf_submitting_3\"]=true;  jQuery(\"#gform_3\").trigger(\"submit\",[true]); }' \/> \n            <input type='hidden' class='gform_hidden' name='is_submit_3' value='1' \/>\n            <input type='hidden' class='gform_hidden' name='gform_submit' value='3' \/>\n            \n            <input type='hidden' class='gform_hidden' name='gform_unique_id' value='' \/>\n            <input type='hidden' class='gform_hidden' name='state_3' value='WyJbXSIsImM2YTM0YmUyZjQ0YjczYzBiMTM1Nzg4YzA2ZjAyY2Y3Il0=' \/>\n            <input type='hidden' class='gform_hidden' name='gform_target_page_number_3' id='gform_target_page_number_3' value='0' \/>\n            <input type='hidden' class='gform_hidden' name='gform_source_page_number_3' id='gform_source_page_number_3' value='1' \/>\n            <input type='hidden' name='gform_field_values' value='' \/>\n            \n        <\/div>\n                        <\/form>\n                        <\/div><script type='text\/javascript'> jQuery(document).bind('gform_post_render', function(event, formId, currentPage){if(formId == 3) {} } );jQuery(document).bind('gform_post_conditional_logic', function(event, formId, fields, isInit){} );<\/script><script type='text\/javascript'> jQuery(document).ready(function(){jQuery(document).trigger('gform_post_render', [3, 1]) } ); <\/script>\n<\/div><div class=\"fusion-clearfix\"><\/div><\/div><\/div><\/div><\/div>\n","protected":false},"excerpt":{"rendered":"","protected":false},"author":1,"featured_media":0,"parent":0,"menu_order":0,"comment_status":"closed","ping_status":"closed","template":"100-width.php","meta":{"_monsterinsights_skip_tracking":false,"_monsterinsights_sitenote_active":false,"_monsterinsights_sitenote_note":"","_monsterinsights_sitenote_category":0,"footnotes":""},"yst_prominent_words":[],"class_list":["post-593","page","type-page","status-publish","hentry"],"acf":[],"_links":{"self":[{"href":"https:\/\/www.robotec.sk\/welding\/wp-json\/wp\/v2\/pages\/593","targetHints":{"allow":["GET"]}}],"collection":[{"href":"https:\/\/www.robotec.sk\/welding\/wp-json\/wp\/v2\/pages"}],"about":[{"href":"https:\/\/www.robotec.sk\/welding\/wp-json\/wp\/v2\/types\/page"}],"author":[{"embeddable":true,"href":"https:\/\/www.robotec.sk\/welding\/wp-json\/wp\/v2\/users\/1"}],"replies":[{"embeddable":true,"href":"https:\/\/www.robotec.sk\/welding\/wp-json\/wp\/v2\/comments?post=593"}],"version-history":[{"count":5,"href":"https:\/\/www.robotec.sk\/welding\/wp-json\/wp\/v2\/pages\/593\/revisions"}],"predecessor-version":[{"id":655,"href":"https:\/\/www.robotec.sk\/welding\/wp-json\/wp\/v2\/pages\/593\/revisions\/655"}],"wp:attachment":[{"href":"https:\/\/www.robotec.sk\/welding\/wp-json\/wp\/v2\/media?parent=593"}],"wp:term":[{"taxonomy":"yst_prominent_words","embeddable":true,"href":"https:\/\/www.robotec.sk\/welding\/wp-json\/wp\/v2\/yst_prominent_words?post=593"}],"curies":[{"name":"wp","href":"https:\/\/api.w.org\/{rel}","templated":true}]}}