{"id":493,"date":"2018-11-20T15:37:17","date_gmt":"2018-11-20T14:37:17","guid":{"rendered":"https:\/\/www.robotec.sk\/welding\/?page_id=493"},"modified":"2020-07-17T12:33:49","modified_gmt":"2020-07-17T10:33:49","slug":"servis-zvaracej-techniky","status":"publish","type":"page","link":"https:\/\/www.robotec.sk\/welding\/servis-zvaracej-techniky\/","title":{"rendered":"Servis"},"content":{"rendered":"<p><div class=\"fusion-fullwidth fullwidth-box fusion-builder-row-1 nonhundred-percent-fullwidth non-hundred-percent-height-scrolling\" style=\"--awb-border-radius-top-left:0px;--awb-border-radius-top-right:0px;--awb-border-radius-bottom-right:0px;--awb-border-radius-bottom-left:0px;--awb-padding-top:25px;--awb-margin-top:-165px;--awb-flex-wrap:wrap;\" ><div class=\"fusion-builder-row fusion-row\"><div class=\"fusion-layout-column fusion_builder_column fusion-builder-column-0 fusion_builder_column_1_1 1_1 fusion-one-full fusion-column-first fusion-column-last\" style=\"--awb-bg-size:cover;\"><div class=\"fusion-column-wrapper fusion-flex-column-wrapper-legacy\"><div class=\"fusion-aligncenter\"><a class=\"fusion-button button-flat fusion-button-default-size button-default fusion-button-default button-1 fusion-button-default-span fusion-button-default-type\" target=\"_self\" href=\"https:\/\/www.robotec.sk\/welding\/kontaktny-servisny-formular\/\"><span class=\"fusion-button-text awb-button__text awb-button__text--default\">Kontaktujte servis<\/span><\/a><\/div><div class=\"fusion-clearfix\"><\/div><\/div><\/div><\/div><\/div><div class=\"fusion-fullwidth fullwidth-box fusion-builder-row-2 nonhundred-percent-fullwidth non-hundred-percent-height-scrolling\" style=\"--awb-border-radius-top-left:0px;--awb-border-radius-top-right:0px;--awb-border-radius-bottom-right:0px;--awb-border-radius-bottom-left:0px;--awb-padding-top:70px;--awb-flex-wrap:wrap;\" ><div class=\"fusion-builder-row fusion-row\"><div class=\"fusion-layout-column fusion_builder_column fusion-builder-column-1 fusion_builder_column_1_1 1_1 fusion-one-full fusion-column-first fusion-column-last\" style=\"--awb-bg-size:cover;\"><div class=\"fusion-column-wrapper fusion-flex-column-wrapper-legacy\"><div class=\"fusion-text fusion-text-1\"><p>Spo\u013eahliv\u00fd partner pre dod\u00e1vku a servis technologick\u00fdch zariaden\u00ed je dnes ve\u013emi d\u00f4le\u017eit\u00fd. U\u017e od roku 1991 nach\u00e1dzaj\u00fa u n\u00e1s z\u00e1kazn\u00edci a klienti vysok\u00fa \u00farove\u0148 servisn\u00fdch slu\u017eieb, profesion\u00e1lny pr\u00edstup, odborn\u00e9 z\u00e1zemie, certifikovan\u00fd t\u00edm technikov a obchodn\u00edkov a to najcennej\u0161ie, d\u00f4veru.<\/p>\n<p>Spolo\u010dnos\u0165 VAW WELDING, s.r.o. je certifikovan\u00fdm servisn\u00fdm strediskom pre opravy zariaden\u00ed zna\u010diek KEMPPI, TECNA, SOYER, TEKA, BUG-O a HYPERTHERM. Kvalifikovan\u00fd t\u00edm technikov vykon\u00e1va slu\u017eby v na\u0161om servisnom stredisku alebo priamo u z\u00e1kazn\u00edka.<\/p>\n<\/div><div class=\"fusion-clearfix\"><\/div><\/div><\/div><\/div><\/div><div class=\"fusion-fullwidth fullwidth-box fusion-builder-row-3 fusion-parallax-none nonhundred-percent-fullwidth non-hundred-percent-height-scrolling\" style=\"--awb-border-radius-top-left:0px;--awb-border-radius-top-right:0px;--awb-border-radius-bottom-right:0px;--awb-border-radius-bottom-left:0px;--awb-background-image:url(&quot;https:\/\/www.robotec.sk\/welding\/wp-content\/uploads\/2018\/11\/hands_hero-1200x281.jpg&quot;);--awb-background-size:cover;--awb-flex-wrap:wrap;\" ><div class=\"fusion-builder-row fusion-row\"><div class=\"fusion-layout-column fusion_builder_column fusion-builder-column-2 fusion_builder_column_1_1 1_1 fusion-one-full fusion-column-first fusion-column-last\" style=\"--awb-padding-top:50px;--awb-padding-bottom:50px;--awb-bg-size:cover;--awb-margin-top:4%;--awb-margin-bottom:4%;\"><div class=\"fusion-column-wrapper fusion-flex-column-wrapper-legacy\"><div class=\"fusion-text fusion-text-2\"><h2 id=\"u77654-4\" style=\"text-align: center;\"><span id=\"u77654-3\" style=\"font-size: 24pt; color: #ffffff;\">SPO\u013dAHLIV\u00dd SERVIS JE K\u013d\u00da\u010cOM K \u00daSPECHU<\/span><\/h2>\n<\/div><div class=\"fusion-clearfix\"><\/div><\/div><\/div><\/div><\/div><div class=\"fusion-fullwidth fullwidth-box fusion-builder-row-4 nonhundred-percent-fullwidth non-hundred-percent-height-scrolling\" style=\"--awb-border-radius-top-left:0px;--awb-border-radius-top-right:0px;--awb-border-radius-bottom-right:0px;--awb-border-radius-bottom-left:0px;--awb-margin-top:30px;--awb-flex-wrap:wrap;\" ><div class=\"fusion-builder-row fusion-row\"><div class=\"fusion-layout-column fusion_builder_column fusion-builder-column-3 fusion_builder_column_1_1 1_1 fusion-one-full fusion-column-first fusion-column-last\" style=\"--awb-bg-size:cover;\"><div class=\"fusion-column-wrapper fusion-flex-column-wrapper-legacy\"><div class=\"fusion-text fusion-text-3\"><h2 style=\"text-align: center;\"><span style=\"font-size: 24pt;\">SERVIS AKO PRIDAN\u00c1 HODNOTA<\/span><\/h2>\n<p style=\"text-align: center;\">Komplexn\u00fdm rie\u0161en\u00edm servisn\u00fdch slu\u017eieb a flexibiln\u00fdm fungovan\u00edm vytv\u00e1rame na\u0161im z\u00e1kazn\u00edkom podporu, ktor\u00e1 predstavuje v\u00fdrazn\u00fa pridan\u00fa hodnotu k dod\u00e1van\u00fdm produktom.<\/p>\n<\/div><div class=\"fusion-content-boxes content-boxes columns row fusion-columns-3 fusion-columns-total-6 fusion-content-boxes-1 content-boxes-icon-on-top content-left\" style=\"--awb-margin-top:50px;--awb-hover-accent-color:var(--awb-color7);--awb-circle-hover-accent-color:var(--awb-color7);\" data-animationOffset=\"top-into-view\"><div style=\"--awb-backgroundcolor:rgba(255,255,255,0);\" class=\"fusion-column content-box-column content-box-column content-box-column-1 col-lg-4 col-md-4 col-sm-4 fusion-content-box-hover content-box-column-first-in-row\"><div class=\"col content-box-wrapper content-wrapper link-area-link-icon icon-hover-animation-fade\" data-animationOffset=\"top-into-view\"><div class=\"heading heading-with-icon icon-left\"><div class=\"icon\"><i style=\"border-color:#333333;border-width:1px;background-color:#333333;box-sizing:content-box;height:70px;width:70px;line-height:70px;border-radius:50%;font-size:35px;\" aria-hidden=\"true\" class=\"fontawesome-icon fa-shipping-fast fas circle-yes\"><\/i><\/div><h2 class=\"content-box-heading fusion-responsive-typography-calculated\" style=\"--h2_typography-font-size:20px;--fontSize:20;line-height:1.5;\">ZARIADIME DOPRAVU<\/h2><\/div><div class=\"fusion-clearfix\"><\/div><div class=\"content-container\">\n<p>Tovar na opravu vyzdvihneme priamo u v\u00e1s alebo zariadime dopravu do servisu aj sp\u00e4\u0165 k v\u00e1m.<\/p>\n<\/div><\/div><\/div><div style=\"--awb-backgroundcolor:rgba(255,255,255,0);\" class=\"fusion-column content-box-column content-box-column content-box-column-2 col-lg-4 col-md-4 col-sm-4 fusion-content-box-hover \"><div class=\"col content-box-wrapper content-wrapper link-area-link-icon icon-hover-animation-fade\" data-animationOffset=\"top-into-view\"><div class=\"heading heading-with-icon icon-left\"><div class=\"icon\"><i style=\"border-color:#333333;border-width:1px;background-color:#333333;box-sizing:content-box;height:70px;width:70px;line-height:70px;border-radius:50%;font-size:35px;\" aria-hidden=\"true\" class=\"fontawesome-icon fa-neuter fas circle-yes\"><\/i><\/div><h2 class=\"content-box-heading fusion-responsive-typography-calculated\" style=\"--h2_typography-font-size:20px;--fontSize:20;line-height:1.5;\">R\u00ddCHLA DIAGNOSTIKA<\/h2><\/div><div class=\"fusion-clearfix\"><\/div><div class=\"content-container\">\n<p>Diagnostikujeme z\u00e1vadu a obozn\u00e1mime v\u00e1s s predpokladanou cenou opravy.<\/p>\n<\/div><\/div><\/div><div style=\"--awb-backgroundcolor:rgba(255,255,255,0);\" class=\"fusion-column content-box-column content-box-column content-box-column-3 col-lg-4 col-md-4 col-sm-4 fusion-content-box-hover content-box-column-last-in-row\"><div class=\"col content-box-wrapper content-wrapper link-area-link-icon icon-hover-animation-fade\" data-animationOffset=\"top-into-view\"><div class=\"heading heading-with-icon icon-left\"><div class=\"icon\"><i style=\"border-color:#333333;border-width:1px;background-color:#333333;box-sizing:content-box;height:70px;width:70px;line-height:70px;border-radius:50%;font-size:35px;\" aria-hidden=\"true\" class=\"fontawesome-icon fa-squarespace fab circle-yes\"><\/i><\/div><h2 class=\"content-box-heading fusion-responsive-typography-calculated\" style=\"--h2_typography-font-size:20px;--fontSize:20;line-height:1.5;\">100% ORIGIN\u00c1LNE DIELY<\/h2><\/div><div class=\"fusion-clearfix\"><\/div><div class=\"content-container\">\n<p>Diagnostikujeme z\u00e1vadu a obozn\u00e1mime v\u00e1s s predpokladanou cenou opravy.<\/p>\n<\/div><\/div><\/div><div style=\"--awb-backgroundcolor:rgba(255,255,255,0);\" class=\"fusion-column content-box-column content-box-column content-box-column-4 col-lg-4 col-md-4 col-sm-4 fusion-content-box-hover content-box-column-first-in-row\"><div class=\"col content-box-wrapper content-wrapper link-area-link-icon icon-hover-animation-fade\" data-animationOffset=\"top-into-view\"><div class=\"heading heading-with-icon icon-left\"><div class=\"icon\"><i style=\"border-color:#333333;border-width:1px;background-color:#333333;box-sizing:content-box;height:70px;width:70px;line-height:70px;border-radius:50%;font-size:35px;\" aria-hidden=\"true\" class=\"fontawesome-icon fa-thumbs-up far circle-yes\"><\/i><\/div><h2 class=\"content-box-heading fusion-responsive-typography-calculated\" style=\"--h2_typography-font-size:20px;--fontSize:20;line-height:1.5;\">OPRAVA DO 14 DN\u00cd<\/h2><\/div><div class=\"fusion-clearfix\"><\/div><div class=\"content-container\">\n<p>Garantujeme opravu do 14 dn\u00ed v pr\u00edpade, \u017ee potrebn\u00e9 diely sa nach\u00e1dzaj\u00fa na sklade.<\/p>\n<\/div><\/div><\/div><div style=\"--awb-backgroundcolor:rgba(255,255,255,0);\" class=\"fusion-column content-box-column content-box-column content-box-column-5 col-lg-4 col-md-4 col-sm-4 fusion-content-box-hover \"><div class=\"col content-box-wrapper content-wrapper link-area-link-icon icon-hover-animation-fade\" data-animationOffset=\"top-into-view\"><div class=\"heading heading-with-icon icon-left\"><div class=\"icon\"><i style=\"border-color:#333333;border-width:1px;background-color:#333333;box-sizing:content-box;height:70px;width:70px;line-height:70px;border-radius:50%;font-size:35px;\" aria-hidden=\"true\" class=\"fontawesome-icon fa-industry fas circle-yes\"><\/i><\/div><h2 class=\"content-box-heading fusion-responsive-typography-calculated\" style=\"--h2_typography-font-size:20px;--fontSize:20;line-height:1.5;\">OPRAVA A \u00daDR\u017dBA PRIAMO NA MIESTE<\/h2><\/div><div class=\"fusion-clearfix\"><\/div><div class=\"content-container\">\n<p>Ak to charakter opravy dovo\u013euje vykon\u00e1me opravu a \u00fadr\u017ebu priamo u v\u00e1s.<\/p>\n<\/div><\/div><\/div><div style=\"--awb-backgroundcolor:rgba(255,255,255,0);\" class=\"fusion-column content-box-column content-box-column content-box-column-6 col-lg-4 col-md-4 col-sm-4 fusion-content-box-hover content-box-column-last content-box-column-last-in-row\"><div class=\"col content-box-wrapper content-wrapper link-area-link-icon icon-hover-animation-fade\" data-animationOffset=\"top-into-view\"><div class=\"heading heading-with-icon icon-left\"><div class=\"icon\"><i style=\"border-color:#333333;border-width:1px;background-color:#333333;box-sizing:content-box;height:70px;width:70px;line-height:70px;border-radius:50%;font-size:35px;\" aria-hidden=\"true\" class=\"fontawesome-icon fa-certificate fas circle-yes\"><\/i><\/div><h2 class=\"content-box-heading fusion-responsive-typography-calculated\" style=\"--h2_typography-font-size:20px;--fontSize:20;line-height:1.5;\">REV\u00cdZIA A CERTIFIK\u00c1CIA<\/h2><\/div><div class=\"fusion-clearfix\"><\/div><div class=\"content-container\">\n<p>Na vy\u017eiadanie vykon\u00e1me rev\u00edziu, valid\u00e1ciu a kalibr\u00e1ciu zariaden\u00ed.<\/p>\n<\/div><\/div><\/div><div class=\"fusion-clearfix\"><\/div><\/div><div class=\"fusion-clearfix\"><\/div><\/div><\/div><\/div><\/div><\/p>\n","protected":false},"excerpt":{"rendered":"","protected":false},"author":1,"featured_media":0,"parent":0,"menu_order":0,"comment_status":"closed","ping_status":"closed","template":"100-width.php","meta":{"_monsterinsights_skip_tracking":false,"_monsterinsights_sitenote_active":false,"_monsterinsights_sitenote_note":"","_monsterinsights_sitenote_category":0,"footnotes":""},"yst_prominent_words":[],"class_list":["post-493","page","type-page","status-publish","hentry"],"acf":[],"_links":{"self":[{"href":"https:\/\/www.robotec.sk\/welding\/wp-json\/wp\/v2\/pages\/493","targetHints":{"allow":["GET"]}}],"collection":[{"href":"https:\/\/www.robotec.sk\/welding\/wp-json\/wp\/v2\/pages"}],"about":[{"href":"https:\/\/www.robotec.sk\/welding\/wp-json\/wp\/v2\/types\/page"}],"author":[{"embeddable":true,"href":"https:\/\/www.robotec.sk\/welding\/wp-json\/wp\/v2\/users\/1"}],"replies":[{"embeddable":true,"href":"https:\/\/www.robotec.sk\/welding\/wp-json\/wp\/v2\/comments?post=493"}],"version-history":[{"count":7,"href":"https:\/\/www.robotec.sk\/welding\/wp-json\/wp\/v2\/pages\/493\/revisions"}],"predecessor-version":[{"id":1829,"href":"https:\/\/www.robotec.sk\/welding\/wp-json\/wp\/v2\/pages\/493\/revisions\/1829"}],"wp:attachment":[{"href":"https:\/\/www.robotec.sk\/welding\/wp-json\/wp\/v2\/media?parent=493"}],"wp:term":[{"taxonomy":"yst_prominent_words","embeddable":true,"href":"https:\/\/www.robotec.sk\/welding\/wp-json\/wp\/v2\/yst_prominent_words?post=493"}],"curies":[{"name":"wp","href":"https:\/\/api.w.org\/{rel}","templated":true}]}}