{"id":1733,"date":"2020-03-14T20:37:41","date_gmt":"2020-03-14T19:37:41","guid":{"rendered":"https:\/\/www.robotec.sk\/welding\/?page_id=1733"},"modified":"2020-07-17T12:37:53","modified_gmt":"2020-07-17T10:37:53","slug":"udrzba-prehliadky-revizie","status":"publish","type":"page","link":"https:\/\/www.robotec.sk\/welding\/udrzba-prehliadky-revizie\/","title":{"rendered":"\u00dadr\u017eba, prehliadky, rev\u00edzie"},"content":{"rendered":"<p><div class=\"fusion-fullwidth fullwidth-box fusion-builder-row-1 nonhundred-percent-fullwidth non-hundred-percent-height-scrolling\" style=\"--awb-border-radius-top-left:0px;--awb-border-radius-top-right:0px;--awb-border-radius-bottom-right:0px;--awb-border-radius-bottom-left:0px;--awb-padding-top:25px;--awb-margin-top:-165px;--awb-flex-wrap:wrap;\" ><div class=\"fusion-builder-row fusion-row\"><div class=\"fusion-layout-column fusion_builder_column fusion-builder-column-0 fusion_builder_column_1_1 1_1 fusion-one-full fusion-column-first fusion-column-last\" style=\"--awb-bg-size:cover;\"><div class=\"fusion-column-wrapper fusion-flex-column-wrapper-legacy\"><div class=\"fusion-aligncenter\"><a class=\"fusion-button button-flat fusion-button-default-size button-default fusion-button-default button-1 fusion-button-default-span fusion-button-default-type\" target=\"_self\" href=\"https:\/\/www.robotec.sk\/welding\/servisny-dopyt\/\"><span class=\"fusion-button-text awb-button__text awb-button__text--default\">Vy\u017eiada\u0165 dopyt<\/span><\/a><\/div><div class=\"fusion-clearfix\"><\/div><\/div><\/div><\/div><\/div><div class=\"fusion-fullwidth fullwidth-box fusion-builder-row-2 nonhundred-percent-fullwidth non-hundred-percent-height-scrolling\" style=\"--awb-border-radius-top-left:0px;--awb-border-radius-top-right:0px;--awb-border-radius-bottom-right:0px;--awb-border-radius-bottom-left:0px;--awb-padding-top:70px;--awb-flex-wrap:wrap;\" ><div class=\"fusion-builder-row fusion-row\"><div class=\"fusion-layout-column fusion_builder_column fusion-builder-column-1 fusion_builder_column_1_1 1_1 fusion-one-full fusion-column-first fusion-column-last\" style=\"--awb-bg-size:cover;\"><div class=\"fusion-column-wrapper fusion-flex-column-wrapper-legacy\"><div class=\"fusion-text fusion-text-1\"><p>Na\u0161e servisn\u00e9 stredisko zais\u0165uje periodick\u00e9 prehliadky, ako aj rev\u00edzie zv\u00e1rac\u00edch zdrojov. Periodick\u00e9 prehliadky s\u00fa vykon\u00e1van\u00e9 v s\u00falade s normou STN EN 60974-4 a STN 05 0630, ktor\u00e1 uklad\u00e1 ich vykon\u00e1vanie 1 x za pol roka. Periodick\u00fa prehliadku alebo rev\u00edziu je mo\u017en\u00e9 vykona\u0165 v servisnom stredisku VAW WELDING, s.r.o. alebo priamo u z\u00e1kazn\u00edka na prev\u00e1dzke.<\/p>\n<\/div><div class=\"fusion-clearfix\"><\/div><\/div><\/div><\/div><\/div><div class=\"fusion-fullwidth fullwidth-box fusion-builder-row-3 nonhundred-percent-fullwidth non-hundred-percent-height-scrolling\" style=\"--awb-border-radius-top-left:0px;--awb-border-radius-top-right:0px;--awb-border-radius-bottom-right:0px;--awb-border-radius-bottom-left:0px;--awb-margin-top:50px;--awb-margin-bottom:-50px;--awb-flex-wrap:wrap;\" ><div class=\"fusion-builder-row fusion-row\"><div class=\"fusion-layout-column fusion_builder_column fusion-builder-column-2 fusion_builder_column_1_1 1_1 fusion-one-full fusion-column-first fusion-column-last\" style=\"--awb-bg-size:cover;\"><div class=\"fusion-column-wrapper fusion-flex-column-wrapper-legacy\"><div class=\"fusion-content-boxes content-boxes columns row fusion-columns-3 fusion-columns-total-3 fusion-content-boxes-1 content-boxes-icon-on-top content-left\" style=\"--awb-hover-accent-color:var(--awb-color7);--awb-circle-hover-accent-color:var(--awb-color7);\" data-animationOffset=\"top-into-view\"><div style=\"--awb-backgroundcolor:rgba(255,255,255,0);\" class=\"fusion-column content-box-column content-box-column content-box-column-1 col-lg-4 col-md-4 col-sm-4 fusion-content-box-hover content-box-column-first-in-row\"><div class=\"col content-box-wrapper content-wrapper link-area-link-icon icon-hover-animation-fade\" data-animationOffset=\"top-into-view\"><div class=\"heading heading-with-icon icon-left\"><div class=\"icon\"><i style=\"border-color:#333333;border-width:1px;background-color:#333333;box-sizing:content-box;height:70px;width:70px;line-height:70px;border-radius:50%;font-size:35px;\" aria-hidden=\"true\" class=\"fontawesome-icon fa-industry fas circle-yes\"><\/i><\/div><h2 class=\"content-box-heading fusion-responsive-typography-calculated\" style=\"--h2_typography-font-size:20px;--fontSize:20;line-height:1.5;\">PRIAMO U V\u00c1S V PREV\u00c1DZKE<\/h2><\/div><div class=\"fusion-clearfix\"><\/div><div class=\"content-container\">\n<p>Mo\u017enos\u0165 vykonania \u00fadr\u017eby a periodick\u00fdch prehliadok priamo vo va\u0161ej prev\u00e1dzke.<\/p>\n<\/div><\/div><\/div><div style=\"--awb-backgroundcolor:rgba(255,255,255,0);\" class=\"fusion-column content-box-column content-box-column content-box-column-2 col-lg-4 col-md-4 col-sm-4 fusion-content-box-hover \"><div class=\"col content-box-wrapper content-wrapper link-area-link-icon icon-hover-animation-fade\" data-animationOffset=\"top-into-view\"><div class=\"heading heading-with-icon icon-left\"><div class=\"icon\"><i style=\"border-color:#333333;border-width:1px;background-color:#333333;box-sizing:content-box;height:70px;width:70px;line-height:70px;border-radius:50%;font-size:35px;\" aria-hidden=\"true\" class=\"fontawesome-icon fa-certificate fas circle-yes\"><\/i><\/div><h2 class=\"content-box-heading fusion-responsive-typography-calculated\" style=\"--h2_typography-font-size:20px;--fontSize:20;line-height:1.5;\">VYSTAVENIE PROTOKOLOV<\/h2><\/div><div class=\"fusion-clearfix\"><\/div><div class=\"content-container\">\n<div id=\"u80196-7\" class=\"clearfix grpelem shared_content\" data-content-guid=\"u80196-7_content\">\n<p>Vystavenie protokolov pod\u013ea platn\u00fdch technick\u00fdch noriem.<\/p>\n<\/div>\n<\/div><\/div><\/div><div style=\"--awb-backgroundcolor:rgba(255,255,255,0);\" class=\"fusion-column content-box-column content-box-column content-box-column-3 col-lg-4 col-md-4 col-sm-4 fusion-content-box-hover content-box-column-last content-box-column-last-in-row\"><div class=\"col content-box-wrapper content-wrapper link-area-link-icon icon-hover-animation-fade\" data-animationOffset=\"top-into-view\"><div class=\"heading heading-with-icon icon-left\"><div class=\"icon\"><i style=\"border-color:#333333;border-width:1px;background-color:#333333;box-sizing:content-box;height:70px;width:70px;line-height:70px;border-radius:50%;font-size:35px;\" aria-hidden=\"true\" class=\"fontawesome-icon fa-thumbs-up far circle-yes\"><\/i><\/div><h2 class=\"content-box-heading fusion-responsive-typography-calculated\" style=\"--h2_typography-font-size:20px;--fontSize:20;line-height:1.5;\">GARANCIA SPO\u013dAHLIVOSTI<\/h2><\/div><div class=\"fusion-clearfix\"><\/div><div class=\"content-container\">\n<p>Pravidelnou \u00fadr\u017ebou a prehliadkami zv\u00fd\u0161te spo\u013eahlivos\u0165 a plynulos\u0165 v\u00fdroby.<\/p>\n<\/div><\/div><\/div><div class=\"fusion-clearfix\"><\/div><\/div><div class=\"fusion-clearfix\"><\/div><\/div><\/div><\/div><\/div><div class=\"fusion-fullwidth fullwidth-box fusion-builder-row-4 fusion-parallax-none nonhundred-percent-fullwidth non-hundred-percent-height-scrolling\" style=\"--awb-border-radius-top-left:0px;--awb-border-radius-top-right:0px;--awb-border-radius-bottom-right:0px;--awb-border-radius-bottom-left:0px;--awb-background-image:url(&quot;https:\/\/www.robotec.sk\/welding\/wp-content\/uploads\/2018\/11\/training_hero.jpg&quot;);--awb-background-size:cover;--awb-flex-wrap:wrap;\" ><div class=\"fusion-builder-row fusion-row\"><div class=\"fusion-layout-column fusion_builder_column fusion-builder-column-3 fusion_builder_column_1_1 1_1 fusion-one-full fusion-column-first fusion-column-last\" style=\"--awb-padding-top:50px;--awb-padding-bottom:50px;--awb-bg-size:cover;--awb-margin-top:4%;--awb-margin-bottom:4%;\"><div class=\"fusion-column-wrapper fusion-flex-column-wrapper-legacy\"><div class=\"fusion-text fusion-text-2\"><h2 id=\"u80949-2\" class=\"fusion-responsive-typography-calculated\" style=\"text-align: center; --fontsize: 20; line-height: 1.5; --minfontsize: 20;\" data-fontsize=\"20\" data-lineheight=\"30px\"><span id=\"u80949\" style=\"font-size: 24pt; color: #ffffff;\">PRAVIDELN\u00c1 \u00daDR\u017dBA PRE SPO\u013dAHLIV\u00c9 FUNGOVANIE V N\u00c1RO\u010cN\u00ddCH PREV\u00c1DZKACH<\/span><\/h2>\n<\/div><div class=\"fusion-clearfix\"><\/div><\/div><\/div><\/div><\/div><div class=\"fusion-fullwidth fullwidth-box fusion-builder-row-5 nonhundred-percent-fullwidth non-hundred-percent-height-scrolling\" style=\"--awb-border-radius-top-left:0px;--awb-border-radius-top-right:0px;--awb-border-radius-bottom-right:0px;--awb-border-radius-bottom-left:0px;--awb-padding-top:70px;--awb-flex-wrap:wrap;\" ><div class=\"fusion-builder-row fusion-row\"><div class=\"fusion-layout-column fusion_builder_column fusion-builder-column-4 fusion_builder_column_1_1 1_1 fusion-one-full fusion-column-first fusion-column-last\" style=\"--awb-bg-size:cover;\"><div class=\"fusion-column-wrapper fusion-flex-column-wrapper-legacy\"><div class=\"fusion-text fusion-text-3\"><div id=\"u80802-4\" class=\"clearfix colelem shared_content\" data-content-guid=\"u80802-4_content\">\n<h2 class=\"fusion-responsive-typography-calculated\" data-fontsize=\"20\" data-lineheight=\"30px\">PREHLIADKA S V\u00ddSTUPN\u00ddM PROTOKOLOM ZAH\u0154\u0147A<\/h2>\n<\/div>\n<div id=\"u80811-28\" class=\"clearfix colelem shared_content\" data-content-guid=\"u80811-28_content\">\n<p id=\"u80811-7\">\u2013 vizu\u00e1lnu prehliadku zv\u00e1racieho zdroja<\/p>\n<p id=\"u80811-11\">\u2013 sk\u00fa\u0161ku chodu zariadenia<\/p>\n<p id=\"u80811-15\">\u2013 kontrolu izola\u010dn\u00e9ho odporu<\/p>\n<p id=\"u80811-19\">\u2013 kontrolu odporu izola\u010dn\u00e9ho vodi\u010da<\/p>\n<p id=\"u80811-23\">\u2013 kontrolu nap\u00e4tia zv\u00e1racieho zdroja na pr\u00e1zdno<\/p>\n<p id=\"u80811-25\">\u2013 kontrolu unikaj\u00faceho poruchov\u00e9ho pr\u00fadu<\/p>\n<\/div>\n<\/div><div class=\"fusion-clearfix\"><\/div><\/div><\/div><\/div><\/div><\/p>\n","protected":false},"excerpt":{"rendered":"","protected":false},"author":1,"featured_media":0,"parent":0,"menu_order":0,"comment_status":"closed","ping_status":"closed","template":"100-width.php","meta":{"_monsterinsights_skip_tracking":false,"_monsterinsights_sitenote_active":false,"_monsterinsights_sitenote_note":"","_monsterinsights_sitenote_category":0,"footnotes":""},"yst_prominent_words":[],"class_list":["post-1733","page","type-page","status-publish","hentry"],"acf":[],"_links":{"self":[{"href":"https:\/\/www.robotec.sk\/welding\/wp-json\/wp\/v2\/pages\/1733","targetHints":{"allow":["GET"]}}],"collection":[{"href":"https:\/\/www.robotec.sk\/welding\/wp-json\/wp\/v2\/pages"}],"about":[{"href":"https:\/\/www.robotec.sk\/welding\/wp-json\/wp\/v2\/types\/page"}],"author":[{"embeddable":true,"href":"https:\/\/www.robotec.sk\/welding\/wp-json\/wp\/v2\/users\/1"}],"replies":[{"embeddable":true,"href":"https:\/\/www.robotec.sk\/welding\/wp-json\/wp\/v2\/comments?post=1733"}],"version-history":[{"count":6,"href":"https:\/\/www.robotec.sk\/welding\/wp-json\/wp\/v2\/pages\/1733\/revisions"}],"predecessor-version":[{"id":1832,"href":"https:\/\/www.robotec.sk\/welding\/wp-json\/wp\/v2\/pages\/1733\/revisions\/1832"}],"wp:attachment":[{"href":"https:\/\/www.robotec.sk\/welding\/wp-json\/wp\/v2\/media?parent=1733"}],"wp:term":[{"taxonomy":"yst_prominent_words","embeddable":true,"href":"https:\/\/www.robotec.sk\/welding\/wp-json\/wp\/v2\/yst_prominent_words?post=1733"}],"curies":[{"name":"wp","href":"https:\/\/api.w.org\/{rel}","templated":true}]}}