{"id":1497,"date":"2019-05-06T13:18:50","date_gmt":"2019-05-06T11:18:50","guid":{"rendered":"https:\/\/www.robotec.sk\/welding\/?page_id=1497"},"modified":"2020-05-18T10:35:48","modified_gmt":"2020-05-18T08:35:48","slug":"zdvihove-privaranie-svornikov-popis","status":"publish","type":"page","link":"https:\/\/www.robotec.sk\/welding\/zdvihove-privaranie-svornikov-popis\/","title":{"rendered":"Zdvihov\u00e9 priv\u00e1ranie svorn\u00edkov &#8211; popis technol\u00f3gie"},"content":{"rendered":"<div class=\"fusion-fullwidth fullwidth-box fusion-builder-row-1 nonhundred-percent-fullwidth non-hundred-percent-height-scrolling\" style=\"--awb-border-radius-top-left:0px;--awb-border-radius-top-right:0px;--awb-border-radius-bottom-right:0px;--awb-border-radius-bottom-left:0px;--awb-flex-wrap:wrap;\" ><div class=\"fusion-builder-row fusion-row\"><div class=\"fusion-layout-column fusion_builder_column fusion-builder-column-0 fusion_builder_column_1_1 1_1 fusion-one-full fusion-column-first fusion-column-last\" style=\"--awb-bg-size:cover;\"><div class=\"fusion-column-wrapper fusion-flex-column-wrapper-legacy\"><div class=\"fusion-text fusion-text-1\"><p>Tento sp\u00f4sob zv\u00e1rania je ur\u010den\u00fd pre navarovanie spojovac\u00edch prvkov na strojn\u00e9 a stavebn\u00e9 dielce od 3 mm do 30 mm z oceli, chr\u00f3mniklovej oceli, tepelne st\u00e1lej oceli a v mimoriadnych pr\u00edpadoch aj z hlin\u00edku, mosadzi a tit\u00e1nu. Zdrojom energie je zv\u00e1rac\u00ed usmer\u0148ova\u010d, ktor\u00fd dod\u00e1va plynul\u00fd a presne riaden\u00fd zv\u00e1rac\u00ed pr\u00fad. Zv\u00e1rac\u00ed \u010das sa pohybuje medzi 0,1 a\u017e 0,2 sekundy. Na formovanie zvaru sa pri tejto technol\u00f3gii pou\u017e\u00edvaj\u00fa keramick\u00e9 kr\u00fa\u017eky.<\/p>\n<table style=\"width: 659px; height: 271px;\">\n<tbody>\n<tr style=\"height: 350px;\">\n<td style=\"width: 216.042px; height: 271px; vertical-align: top;\"><img decoding=\"async\" class=\"alignnone size-full wp-image-1501\" src=\"https:\/\/www.robotec.sk\/welding\/wp-content\/uploads\/2019\/05\/Soyer-obr-4.jpg\" alt=\"\" width=\"179\" height=\"160\" \/><\/p>\n<p>\u0160pi\u010dka svorn\u00edku sa dotkne obrobku.<\/td>\n<td style=\"width: 218.264px; height: 271px; vertical-align: top;\"><img decoding=\"async\" class=\"alignnone size-full wp-image-1502\" src=\"https:\/\/www.robotec.sk\/welding\/wp-content\/uploads\/2019\/05\/Soyer-obr-5.jpg\" alt=\"\" width=\"179\" height=\"160\" \/><\/p>\n<p>Svorn\u00edk sa nadvihne nad obrobok a d\u00f4jde k zap\u00e1leniu zv\u00e1racieho obl\u00faka.<\/td>\n<td style=\"width: 208.264px; height: 271px; vertical-align: top;\"><img decoding=\"async\" class=\"alignnone size-full wp-image-1498\" src=\"https:\/\/www.robotec.sk\/welding\/wp-content\/uploads\/2019\/05\/Soyer-obr-6.jpg\" alt=\"\" width=\"185\" height=\"166\" \/><\/p>\n<p>Svorn\u00edk je ponoren\u00fd do ve\u013emi plytkej penetra\u010dnej z\u00f3ny a je neoddelite\u013ene spojen\u00fd.<\/td>\n<\/tr>\n<\/tbody>\n<\/table>\n<h3 align=\"justify\"><strong>Aplik\u00e1cie<\/strong><\/h3>\n<p align=\"justify\">Vzh\u013eadom k v\u00e4\u010d\u0161ej h\u013abke natavenia od 1 do 3 mm sa t\u00e1to technol\u00f3gia pou\u017e\u00edva predov\u0161etk\u00fdm k nav\u00e1raniu na obrobky s hr\u00fabkou od 2 mm. Tieto zv\u00e1racie zariadenia s\u00fa \u0161tandardne pou\u017eite\u013en\u00e9 k priv\u00e1raniu spojovac\u00edch s\u00fa\u010dast\u00ed v plynovej ochrannej atmosf\u00e9re a aj k nav\u00e1raniu met\u00f3dou kr\u00e1tkodob\u00e9ho zdvihov\u00e9ho zapa\u013eovania. Zv\u00e1racia technol\u00f3gia so zdvihov\u00fdm zapa\u013eovan\u00edm vytv\u00e1ra ve\u013emi kvalitn\u00e9 zvarov\u00e9 spojenia a je mimoriadne vhodn\u00e1 na zvary, u ktor\u00fdch s\u00fa vysok\u00e9 po\u017eiadavky na pevnos\u0165 a technick\u00fa bezpe\u010dnos\u0165 spoja. Zavedenie tejto technol\u00f3gie sa napr\u00edklad osved\u010dilo v stroj\u00e1renstve, lodnom priemysle, stavebn\u00edctve, elektr\u00e1r\u0148ach vr\u00e1tane at\u00f3mov\u00fdch, pri stavbe kotlov, vo v\u00fdrobe pr\u00edstrojov, v stavebnom priemysle pri izola\u010dn\u00fdch pr\u00e1cach, vo v\u00fdrobe stavebn\u00fdch panelov. Pomer najni\u017e\u0161ej hr\u00fabky plechu k priv\u00e1ranej spojovacej s\u00fa\u010dasti je 1:4. To plat\u00ed aj pre priv\u00e1ranie v ochrannej atmosf\u00e9re plynov.<\/p>\n<p align=\"justify\"><img decoding=\"async\" class=\"alignnone size-full wp-image-1500\" src=\"https:\/\/www.robotec.sk\/welding\/wp-content\/uploads\/2019\/05\/zdvihove_aplikacie_2.jpg\" alt=\"\" width=\"200\" height=\"200\" srcset=\"https:\/\/www.robotec.sk\/welding\/wp-content\/uploads\/2019\/05\/zdvihove_aplikacie_2-66x66.jpg 66w, https:\/\/www.robotec.sk\/welding\/wp-content\/uploads\/2019\/05\/zdvihove_aplikacie_2-100x100.jpg 100w, https:\/\/www.robotec.sk\/welding\/wp-content\/uploads\/2019\/05\/zdvihove_aplikacie_2-150x150.jpg 150w, https:\/\/www.robotec.sk\/welding\/wp-content\/uploads\/2019\/05\/zdvihove_aplikacie_2.jpg 200w\" sizes=\"(max-width: 200px) 100vw, 200px\" \/><img decoding=\"async\" class=\"alignnone size-full wp-image-1499\" src=\"https:\/\/www.robotec.sk\/welding\/wp-content\/uploads\/2019\/05\/zdvihove_aplikacie_3.jpg\" alt=\"\" width=\"96\" height=\"200\" \/><\/p>\n<p><strong><span style=\"color: #ff0000;\"><a style=\"color: #ff0000;\" href=\"https:\/\/www.robotec.sk\/welding\/product-category\/produkty\/privaranie-svornikov\/zdvihove-privaranie-svornikov\/\">&gt;&gt;&gt; Zariadenia priv\u00e1ranie svorn\u00edkov so zdvihov\u00fdm zapa\u013eovan\u00edm<\/a><\/span><\/strong><\/p>\n<\/div><div class=\"fusion-clearfix\"><\/div><\/div><\/div><\/div><\/div>\n","protected":false},"excerpt":{"rendered":"","protected":false},"author":1,"featured_media":1208,"parent":0,"menu_order":0,"comment_status":"closed","ping_status":"closed","template":"100-width.php","meta":{"_monsterinsights_skip_tracking":false,"_monsterinsights_sitenote_active":false,"_monsterinsights_sitenote_note":"","_monsterinsights_sitenote_category":0,"footnotes":""},"yst_prominent_words":[],"class_list":["post-1497","page","type-page","status-publish","has-post-thumbnail","hentry"],"acf":[],"_links":{"self":[{"href":"https:\/\/www.robotec.sk\/welding\/wp-json\/wp\/v2\/pages\/1497","targetHints":{"allow":["GET"]}}],"collection":[{"href":"https:\/\/www.robotec.sk\/welding\/wp-json\/wp\/v2\/pages"}],"about":[{"href":"https:\/\/www.robotec.sk\/welding\/wp-json\/wp\/v2\/types\/page"}],"author":[{"embeddable":true,"href":"https:\/\/www.robotec.sk\/welding\/wp-json\/wp\/v2\/users\/1"}],"replies":[{"embeddable":true,"href":"https:\/\/www.robotec.sk\/welding\/wp-json\/wp\/v2\/comments?post=1497"}],"version-history":[{"count":3,"href":"https:\/\/www.robotec.sk\/welding\/wp-json\/wp\/v2\/pages\/1497\/revisions"}],"predecessor-version":[{"id":1505,"href":"https:\/\/www.robotec.sk\/welding\/wp-json\/wp\/v2\/pages\/1497\/revisions\/1505"}],"wp:featuredmedia":[{"embeddable":true,"href":"https:\/\/www.robotec.sk\/welding\/wp-json\/wp\/v2\/media\/1208"}],"wp:attachment":[{"href":"https:\/\/www.robotec.sk\/welding\/wp-json\/wp\/v2\/media?parent=1497"}],"wp:term":[{"taxonomy":"yst_prominent_words","embeddable":true,"href":"https:\/\/www.robotec.sk\/welding\/wp-json\/wp\/v2\/yst_prominent_words?post=1497"}],"curies":[{"name":"wp","href":"https:\/\/api.w.org\/{rel}","templated":true}]}}