{"id":1394,"date":"2019-04-29T15:01:01","date_gmt":"2019-04-29T13:01:01","guid":{"rendered":"https:\/\/www.robotec.sk\/welding\/?page_id=1394"},"modified":"2022-03-08T12:46:29","modified_gmt":"2022-03-08T11:46:29","slug":"srm-privarenie-svornikov-popis","status":"publish","type":"page","link":"https:\/\/www.robotec.sk\/welding\/srm-privarenie-svornikov-popis\/","title":{"rendered":"SRM &#8211; priv\u00e1ranie svorn\u00edkov v magnetickom poli &#8211; popis technol\u00f3gie"},"content":{"rendered":"<div class=\"fusion-fullwidth fullwidth-box fusion-builder-row-1 nonhundred-percent-fullwidth non-hundred-percent-height-scrolling\" style=\"--awb-border-radius-top-left:0px;--awb-border-radius-top-right:0px;--awb-border-radius-bottom-right:0px;--awb-border-radius-bottom-left:0px;--awb-flex-wrap:wrap;\" ><div class=\"fusion-builder-row fusion-row\"><div class=\"fusion-layout-column fusion_builder_column fusion-builder-column-0 fusion_builder_column_1_1 1_1 fusion-one-full fusion-column-first fusion-column-last\" style=\"--awb-bg-size:cover;\"><div class=\"fusion-column-wrapper fusion-flex-column-wrapper-legacy\"><div class=\"fusion-text fusion-text-1\" style=\"--awb-text-transform:none;\"><p align=\"justify\">Tento nov\u00fd patentovan\u00fd zv\u00e1rac\u00ed proces bol vyvinut\u00fd firmou SOYER a predstavuje v\u00a0s\u00fa\u010dasnosti najpokrokovej\u0161iu technol\u00f3giu priv\u00e1ranie svorn\u00edkov. Novinka roz\u0161iruje mo\u017enosti pou\u017eitia technol\u00f3gie priv\u00e1rania svorn\u00edkov na nov\u00e9 aplik\u00e1cie a\u00a0z\u00e1rove\u0148 zvy\u0161uje kvalitu a\u00a0efektivitu pr\u00e1ce pri\u00a0manu\u00e1lnom ako aj automatizovanom priv\u00e1ran\u00ed.<\/p>\n<p align=\"justify\">Medzi hlavn\u00e9 v\u00fdhody patr\u00ed: skr\u00e1tenie zv\u00e1racieho \u010dasu, zmen\u0161enie teplom ovplyvnenej z\u00f3ny, \u017eiadny rozstrek, dokonal\u00fd a pevn\u00fd zvar, zv\u00e1ranie vo v\u0161etk\u00fdch poz\u00edci\u00e1ch, zv\u00e1ranie svorn\u00edkov aj mat\u00edc na \u010dierny plech aj nerez.<\/p>\n<p align=\"justify\">Pre priv\u00e1ranie svorn\u00edkov v magnetickom poli s\u00fa ur\u010den\u00e9 nov\u00e9 svorn\u00edky HZ-1. Tieto univerz\u00e1lne svorn\u00edky maj\u00fa ploch\u00e9 \u010delo a centrovaciu \u0161pi\u010dku. V\u010faka nov\u00e9mu tvaru HZ-1 bolo mo\u017en\u00e9 zv\u00e4\u010d\u0161i\u0165 pomer z\u00e1kladn\u00e9ho materi\u00e1lu k priemeru svorn\u00edka z 1:4 na 1:10. Svorn\u00edky maj\u00fa z\u00e1vit po celej d\u013a\u017eke a \u017eiadnu pr\u00edrubu \u2013 vy\u017eitie z\u00e1vitu a\u017e na priv\u00e1ran\u00fd materi\u00e1l, \u017eiadny zvarov\u00fd k\u00fape\u013e a roztrek.<\/p>\n<table style=\"width: 57.7841%; height: 350px;\">\n<tbody>\n<tr style=\"height: 350px;\">\n<td style=\"width: 33.1811%; height: 350px; vertical-align: top;\"><img decoding=\"async\" class=\"alignnone size-full wp-image-1395\" style=\"font-family: inherit; font-size: inherit;\" src=\"https:\/\/www.robotec.sk\/welding\/wp-content\/uploads\/2019\/04\/SRM_privaranie_01.jpg\" alt=\"\" width=\"179\" height=\"160\" \/><\/p>\n<p>Svorn\u00edk sa dostane do kontaktu so z\u00e1kladn\u00fdm materi\u00e1lom.\u00a0N\u00e1sledne je svorn\u00edk oddialen\u00fd od materi\u00e1lu a\u00a0zap\u00e1len\u00fd zv\u00e1rac\u00ed obl\u00fak.<\/td>\n<td style=\"width: 33.3333%; height: 350px; vertical-align: top;\"><img decoding=\"async\" class=\"size-full wp-image-1396 alignnone\" style=\"font-family: inherit; font-size: inherit;\" src=\"https:\/\/www.robotec.sk\/welding\/wp-content\/uploads\/2019\/04\/SRM_privaranie_02.jpg\" alt=\"\" width=\"179\" height=\"160\" \/><\/p>\n<p>Obl\u00fak je veden\u00fd \u0161pir\u00e1lov\u00fdm magnetick\u00fdm po\u013eom a kompletne natavuje obe \u010dasti spoja.<\/td>\n<td style=\"width: 31.9635%; height: 350px; vertical-align: top;\"><img decoding=\"async\" class=\"size-full wp-image-1397 alignnone\" style=\"font-family: inherit; font-size: inherit;\" src=\"https:\/\/www.robotec.sk\/welding\/wp-content\/uploads\/2019\/04\/SRM_privaranie_03.jpg\" alt=\"\" width=\"185\" height=\"166\" \/><\/p>\n<p>Svorn\u00edk je ponoren\u00fd do ve\u013emi plytkej penetra\u010dnej z\u00f3ny a je neoddelite\u013ene spojen\u00fd.<\/td>\n<\/tr>\n<\/tbody>\n<\/table>\n<h3 align=\"justify\"><strong>Aplik\u00e1cie<\/strong><\/h3>\n<p align=\"justify\">Technol\u00f3gia priv\u00e1rania svorn\u00edkov v magnetickom poli sa vyu\u017e\u00edva v\u0161ade tam, kde je potrebn\u00e9 dosiahnu\u0165 vysoko kvalitn\u00e9 zvarov\u00e9 spoje. V\u00fdhodou je mo\u017enos\u0165 priv\u00e1rania svorn\u00edkov s v\u00e4\u010d\u0161\u00edm priemerom na tenk\u00fd z\u00e1kladn\u00fd materi\u00e1l, nako\u013eko t\u00e1to technol\u00f3gia umo\u017e\u0148uje priv\u00e1ranie svorn\u00edkov v pomere ve\u013ekosti 10:1 ku z\u00e1kladn\u00e9mu materi\u00e1lu. Uplatnenie nach\u00e1dza pri zv\u00e1ran\u00ed kon\u0161trukci\u00ed, v\u00fdrobe r\u00f4znych prvkov pre zariadenia, stavebn\u00edctve, automobilovom priemysle a\u00a0podobne. \u010casto sa vyu\u017e\u00edva pri plne automatizovanej v\u00fdrobe a\u00a0ve\u013ekos\u00e9riovej produkcii.<\/p>\n<p align=\"justify\"><img decoding=\"async\" class=\"alignnone wp-image-1399 size-full\" src=\"https:\/\/www.robotec.sk\/welding\/wp-content\/uploads\/2019\/04\/srm_aplikacie1.jpg\" alt=\"\" width=\"300\" height=\"200\" srcset=\"https:\/\/www.robotec.sk\/welding\/wp-content\/uploads\/2019\/04\/srm_aplikacie1-200x133.jpg 200w, https:\/\/www.robotec.sk\/welding\/wp-content\/uploads\/2019\/04\/srm_aplikacie1.jpg 300w\" sizes=\"(max-width: 300px) 100vw, 300px\" \/><\/p>\n<h3><strong>Najd\u00f4le\u017eitej\u0161ie v\u00fdhody priv\u00e1rania svorn\u00edkov v magnetickom poli<\/strong><\/h3>\n<ul>\n<li>Svorn\u00edky maj\u00fa z\u00e1vit narezan\u00fd po celej d\u013a\u017eke, pri\u010dom svorn\u00edk nemus\u00ed ma\u0165 k\u00f3nus ako pri zdvihovom zapa\u013eovan\u00ed.<\/li>\n<li>\u00a0Nie je potrebn\u00e9 pou\u017e\u00edva\u0165 keramick\u00e9 kr\u00fa\u017eky na formovanie zvaru.<\/li>\n<li>\u00a0Svorn\u00edk nem\u00e1 pr\u00edrubu, ktor\u00e1 by pri zv\u00e1ran\u00ed tvorila rozstrek.<\/li>\n<li>\u00a0Priv\u00e1ra sa cel\u00e9 \u010delo svorn\u00edka.<\/li>\n<li>\u00a0Centruj\u00faca \u0161pi\u010dka na svorn\u00edku u\u013eah\u010duje jeho presn\u00e9 privarenie.<\/li>\n<li>\u00a0Pomer hr\u00fabky materi\u00e1lu k priemeru svorn\u00edka je 1:10 (predt\u00fdm 1:4).<\/li>\n<li>\u00a0Aj pri pou\u017eit\u00ed iba jedn\u00e9ho uzemnenia nedoch\u00e1dza k vyfukovaniu zv\u00e1racieho obl\u00faku.<\/li>\n<li>\u00a0Umo\u017e\u0148uje zv\u00e1ranie vo v\u0161etk\u00fdch poz\u00edci\u00e1ch.<\/li>\n<li>\u00a0Opakovate\u013en\u00e9, \u010dist\u00e9 zvary bez nutnosti opr\u00e1v a prer\u00e1bania.<\/li>\n<li>\u00a0Najvy\u0161\u0161ia kvalita a bezpe\u010dnos\u0165 (zvarov\u00e9 spoje maj\u00fa vy\u0161\u0161iu pevnos\u0165 ako priv\u00e1ran\u00fd svorn\u00edk alebo z\u00e1kladn\u00fd materi\u00e1l).<\/li>\n<li>\u00a0Minim\u00e1lny tepeln\u00fd pr\u00edkon do zvaru a mal\u00e1 teplom ovplyvnen\u00e1 z\u00f3na.<\/li>\n<li>\u00a0Mo\u017enos\u0165 plnej automatiz\u00e1cie pri s\u00e9riovej v\u00fdrobe.<\/li>\n<li>\u00a0Skr\u00e1tenie \u010dasu zv\u00e1rania (-60%).<\/li>\n<li>\u00a0Ni\u017e\u0161ia spotreba energie (-70%).<\/li>\n<li>\u00a0Zn\u00ed\u017eenie opalu svorn\u00edkov (-75%).<\/li>\n<li>\u00a0Men\u0161\u00ed zvarov\u00fd k\u00fape\u013e (-70%).<\/li>\n<li>\u00a0Menia penetr\u00e1cia do materi\u00e1lu (-70%).<\/li>\n<li>\u00a0\u0160tandardiz\u00e1cia na jeden typ svorn\u00edkov (HZ-1).<\/li>\n<li>\u00a0Zv\u00fd\u0161enie kvality a bezpe\u010dnosti privarenia svorn\u00edkov v porovnan\u00ed s in\u00fdmi technol\u00f3giami ako aj mnoh\u00fdmi mechanick\u00fdmi spojmi.<\/li>\n<li>\u00a0Pri v\u00fdraznom technickom pr\u00ednose tejto technol\u00f3gie, pon\u00faka priv\u00e1ranie svorn\u00edkov v magnetickom poli aj v\u00fdrazn\u00e9 ekonomick\u00e9 a ekologick\u00e9 v\u00fdhody.<\/li>\n<\/ul>\n<p><img decoding=\"async\" class=\"alignnone wp-image-1398 size-full\" src=\"https:\/\/www.robotec.sk\/welding\/wp-content\/uploads\/2019\/04\/srm_baner.jpg\" alt=\"\" width=\"780\" height=\"313\" srcset=\"https:\/\/www.robotec.sk\/welding\/wp-content\/uploads\/2019\/04\/srm_baner-200x80.jpg 200w, https:\/\/www.robotec.sk\/welding\/wp-content\/uploads\/2019\/04\/srm_baner-300x120.jpg 300w, https:\/\/www.robotec.sk\/welding\/wp-content\/uploads\/2019\/04\/srm_baner-400x161.jpg 400w, https:\/\/www.robotec.sk\/welding\/wp-content\/uploads\/2019\/04\/srm_baner-500x201.jpg 500w, https:\/\/www.robotec.sk\/welding\/wp-content\/uploads\/2019\/04\/srm_baner-600x241.jpg 600w, https:\/\/www.robotec.sk\/welding\/wp-content\/uploads\/2019\/04\/srm_baner-700x281.jpg 700w, https:\/\/www.robotec.sk\/welding\/wp-content\/uploads\/2019\/04\/srm_baner-768x308.jpg 768w, https:\/\/www.robotec.sk\/welding\/wp-content\/uploads\/2019\/04\/srm_baner.jpg 780w\" sizes=\"(max-width: 780px) 100vw, 780px\" \/><\/p>\n<p><strong><span style=\"color: #ff0000;\"><a style=\"color: #ff0000;\" href=\"https:\/\/www.robotec.sk\/welding\/product-category\/produkty\/privaranie-svornikov\/srm-privaranie-svornikov\/\">&gt;&gt;&gt; Zariadenia priv\u00e1ranie svorn\u00edkov v magnetickom poli<\/a><\/span><\/strong><\/p>\n<\/div><div class=\"fusion-clearfix\"><\/div><\/div><\/div><\/div><\/div>\n","protected":false},"excerpt":{"rendered":"","protected":false},"author":1,"featured_media":1207,"parent":0,"menu_order":0,"comment_status":"closed","ping_status":"closed","template":"100-width.php","meta":{"_monsterinsights_skip_tracking":false,"_monsterinsights_sitenote_active":false,"_monsterinsights_sitenote_note":"","_monsterinsights_sitenote_category":0,"footnotes":""},"yst_prominent_words":[],"class_list":["post-1394","page","type-page","status-publish","has-post-thumbnail","hentry"],"acf":[],"_links":{"self":[{"href":"https:\/\/www.robotec.sk\/welding\/wp-json\/wp\/v2\/pages\/1394","targetHints":{"allow":["GET"]}}],"collection":[{"href":"https:\/\/www.robotec.sk\/welding\/wp-json\/wp\/v2\/pages"}],"about":[{"href":"https:\/\/www.robotec.sk\/welding\/wp-json\/wp\/v2\/types\/page"}],"author":[{"embeddable":true,"href":"https:\/\/www.robotec.sk\/welding\/wp-json\/wp\/v2\/users\/1"}],"replies":[{"embeddable":true,"href":"https:\/\/www.robotec.sk\/welding\/wp-json\/wp\/v2\/comments?post=1394"}],"version-history":[{"count":6,"href":"https:\/\/www.robotec.sk\/welding\/wp-json\/wp\/v2\/pages\/1394\/revisions"}],"predecessor-version":[{"id":2968,"href":"https:\/\/www.robotec.sk\/welding\/wp-json\/wp\/v2\/pages\/1394\/revisions\/2968"}],"wp:featuredmedia":[{"embeddable":true,"href":"https:\/\/www.robotec.sk\/welding\/wp-json\/wp\/v2\/media\/1207"}],"wp:attachment":[{"href":"https:\/\/www.robotec.sk\/welding\/wp-json\/wp\/v2\/media?parent=1394"}],"wp:term":[{"taxonomy":"yst_prominent_words","embeddable":true,"href":"https:\/\/www.robotec.sk\/welding\/wp-json\/wp\/v2\/yst_prominent_words?post=1394"}],"curies":[{"name":"wp","href":"https:\/\/api.w.org\/{rel}","templated":true}]}}