{"id":1370,"date":"2019-04-05T14:15:17","date_gmt":"2019-04-05T12:15:17","guid":{"rendered":"https:\/\/www.robotec.sk\/welding\/?page_id=1370"},"modified":"2020-05-18T09:21:49","modified_gmt":"2020-05-18T07:21:49","slug":"kapacitne-privaranie-popis","status":"publish","type":"page","link":"https:\/\/www.robotec.sk\/welding\/kapacitne-privaranie-popis\/","title":{"rendered":"Kapacitn\u00e9 priv\u00e1ranie svorn\u00edkov &#8211; popis technol\u00f3gie"},"content":{"rendered":"<div class=\"fusion-fullwidth fullwidth-box fusion-builder-row-1 nonhundred-percent-fullwidth non-hundred-percent-height-scrolling\" style=\"--awb-border-radius-top-left:0px;--awb-border-radius-top-right:0px;--awb-border-radius-bottom-right:0px;--awb-border-radius-bottom-left:0px;--awb-flex-wrap:wrap;\" ><div class=\"fusion-builder-row fusion-row\"><div class=\"fusion-layout-column fusion_builder_column fusion-builder-column-0 fusion_builder_column_1_1 1_1 fusion-one-full fusion-column-first fusion-column-last\" style=\"--awb-bg-size:cover;\"><div class=\"fusion-column-wrapper fusion-flex-column-wrapper-legacy\"><div class=\"fusion-text fusion-text-1\"><p>Technol\u00f3gia kapacitn\u00e9ho (hrotov\u00e9ho) priv\u00e1rania sa \u00faspe\u0161ne pou\u017e\u00edva u\u017e ve\u013ea rokov. V minulosti bolo mo\u017en\u00e9 priv\u00e1ra\u0165 svorn\u00edky iba do ve\u013ekosti M8. V\u00fdvoj technol\u00f3gie s pou\u017eit\u00edm svorn\u00edkov SOYER v\u0161ak postupne umo\u017e\u0148il roz\u0161\u00edri\u0165 mo\u017enosti priv\u00e1rania a\u017e na svorn\u00edky s ve\u013ekos\u0165ou M12.<\/p>\n<p>Met\u00f3da kapacitn\u00e9ho priv\u00e1rania je ur\u010den\u00e1 priv\u00e1raniu oce\u013eov\u00fdch, nerezov\u00fdch, hlin\u00edkov\u00fdch alebo mosadzn\u00fdch svorn\u00edkov. Pri zv\u00e1racom procese sa energia z bat\u00e9rie kondenz\u00e1tora vybije cez zapa\u013eovac\u00ed hrot nav\u00e1ran\u00e9ho svorn\u00edka. Toto vybitie je preveden\u00e9 v extr\u00e9mne kr\u00e1tkom \u010dase v trvan\u00ed od 1 do 3 ms (0,001 a\u017e 0,003 s).<\/p>\n<p>Met\u00f3da sa osved\u010dila najm\u00e4 v automobilovom priemysle, r\u00f4znej plech\u00e1rskej v\u00fdrobe, vo v\u00fdrobe r\u00f4znych dokorat\u00edvnych kovov\u00fdch v\u00fdrobkov, kon\u0161trukci\u00ed a podobne.<\/p>\n<table style=\"width: 659px;\">\n<tbody>\n<tr>\n<td style=\"width: 216.042px;\">\n<div id=\"attachment_1215\" style=\"width: 210px\" class=\"wp-caption alignleft\"><img decoding=\"async\" aria-describedby=\"caption-attachment-1215\" class=\" wp-image-1215\" src=\"https:\/\/www.robotec.sk\/welding\/wp-content\/uploads\/2019\/03\/skratove_privaranie_01.jpg\" alt=\"\" width=\"200\" height=\"180\" srcset=\"https:\/\/www.robotec.sk\/welding\/wp-content\/uploads\/2019\/03\/skratove_privaranie_01-200x180.jpg 200w, https:\/\/www.robotec.sk\/welding\/wp-content\/uploads\/2019\/03\/skratove_privaranie_01-300x270.jpg 300w, https:\/\/www.robotec.sk\/welding\/wp-content\/uploads\/2019\/03\/skratove_privaranie_01.jpg 346w\" sizes=\"(max-width: 200px) 100vw, 200px\" \/><p id=\"caption-attachment-1215\" class=\"wp-caption-text\">Zapa\u013eovacia \u0161pi\u010dka svorn\u00edka sa dotkne obrobku a d\u00f4jde k zap\u00e1leniu zv\u00e1racieho obl\u00faka.<\/p><\/div><\/td>\n<td style=\"width: 218.264px;\">\n<div id=\"attachment_1216\" style=\"width: 208px\" class=\"wp-caption alignnone\"><img decoding=\"async\" aria-describedby=\"caption-attachment-1216\" class=\" wp-image-1216\" src=\"https:\/\/www.robotec.sk\/welding\/wp-content\/uploads\/2019\/03\/skratove_privaranie_02.jpg\" alt=\"\" width=\"198\" height=\"178\" srcset=\"https:\/\/www.robotec.sk\/welding\/wp-content\/uploads\/2019\/03\/skratove_privaranie_02-200x180.jpg 200w, https:\/\/www.robotec.sk\/welding\/wp-content\/uploads\/2019\/03\/skratove_privaranie_02.jpg 293w\" sizes=\"(max-width: 198px) 100vw, 198px\" \/><p id=\"caption-attachment-1216\" class=\"wp-caption-text\">Zapa\u013eovacia \u0161pi\u010dka svorn\u00edka sa dotkne obrobku a d\u00f4jde k zap\u00e1leniu zv\u00e1racieho obl\u00faka.<\/p><\/div><\/td>\n<td style=\"width: 208.264px;\">\n<div id=\"attachment_1217\" style=\"width: 210px\" class=\"wp-caption alignnone\"><img decoding=\"async\" aria-describedby=\"caption-attachment-1217\" class=\" wp-image-1217\" src=\"https:\/\/www.robotec.sk\/welding\/wp-content\/uploads\/2019\/03\/skratove_privaranie_03.jpg\" alt=\"\" width=\"200\" height=\"180\" srcset=\"https:\/\/www.robotec.sk\/welding\/wp-content\/uploads\/2019\/03\/skratove_privaranie_03-200x180.jpg 200w, https:\/\/www.robotec.sk\/welding\/wp-content\/uploads\/2019\/03\/skratove_privaranie_03.jpg 293w\" sizes=\"(max-width: 200px) 100vw, 200px\" \/><p id=\"caption-attachment-1217\" class=\"wp-caption-text\">Svorn\u00edk sa ponor\u00ed do taveniny. Tavenina ztuhne a\u00a0svorn\u00edk je privaren\u00fd.<\/p><\/div><\/td>\n<\/tr>\n<\/tbody>\n<\/table>\n<h3 align=\"justify\"><strong>Aplik\u00e1cie<\/strong><\/h3>\n<p align=\"justify\">Technol\u00f3gia kapacitn\u00e9ho priv\u00e1rania je vhodn\u00e1 v\u0161ade tam, kde je potrebn\u00e9 privari\u0165 na kovov\u00fd materi\u00e1l skrutku alebo in\u00fa spojovaciu s\u00fa\u010diastku tak, aby nedo\u0161lo k tepeln\u00e9mu za\u0165a\u017eeniu rubovej strany plechu \u010di in\u00e9ho strojn\u00e9ho dielu. Na z\u00e1klade ve\u013emi malej zatavovacej h\u013abky &#8211; asi 0,1 mm sa t\u00e1to technol\u00f3gia pou\u017e\u00edva predov\u0161etk\u00fdm na priv\u00e1ranie \u010dapov (skrutiek, a pod.) na plechu od hr\u00fabky 0,5 mm. Ani na tenkom plechu nevznikaj\u00fa na zadnej strane po navaren\u00ed \u017eiadne stopy po zvare, ako napr. zafarbenie \u010d\u00ed deform\u00e1cia, a to aj v pr\u00edpade, \u017ee zadn\u00e9 strany plechov s\u00fa lakovan\u00e9, opatren\u00e9 vrstvou umelej hmoty alebo s\u00fa galvanicky upraven\u00e9. T\u00e1to technol\u00f3gia vhodn\u00e1 v\u0161ade tam, kde je potrebn\u00e9 dosiahnu\u0165 dekorat\u00edvny vzh\u013ead na rubovej strane navarenia. Najmen\u0161\u00ed pomer hr\u00fabky plechu k priv\u00e1ran\u00e9mu \u010dapu je 1:10.<\/p>\n<p><strong><span style=\"color: #ff0000;\"><a style=\"color: #ff0000;\" href=\"https:\/\/www.robotec.sk\/welding\/product-category\/produkty\/privaranie-svornikov\/kapcitne-privaranie-svornikov\/\">&gt;&gt;&gt;\u00a0Zariadenia na kapacitn\u00e9 priv\u00e1ranie svorn\u00edkov<\/a><\/span><\/strong><\/p>\n<\/div><div class=\"fusion-clearfix\"><\/div><\/div><\/div><\/div><\/div>\n","protected":false},"excerpt":{"rendered":"","protected":false},"author":1,"featured_media":1206,"parent":0,"menu_order":0,"comment_status":"closed","ping_status":"closed","template":"100-width.php","meta":{"_monsterinsights_skip_tracking":false,"_monsterinsights_sitenote_active":false,"_monsterinsights_sitenote_note":"","_monsterinsights_sitenote_category":0,"footnotes":""},"yst_prominent_words":[],"class_list":["post-1370","page","type-page","status-publish","has-post-thumbnail","hentry"],"acf":[],"_links":{"self":[{"href":"https:\/\/www.robotec.sk\/welding\/wp-json\/wp\/v2\/pages\/1370","targetHints":{"allow":["GET"]}}],"collection":[{"href":"https:\/\/www.robotec.sk\/welding\/wp-json\/wp\/v2\/pages"}],"about":[{"href":"https:\/\/www.robotec.sk\/welding\/wp-json\/wp\/v2\/types\/page"}],"author":[{"embeddable":true,"href":"https:\/\/www.robotec.sk\/welding\/wp-json\/wp\/v2\/users\/1"}],"replies":[{"embeddable":true,"href":"https:\/\/www.robotec.sk\/welding\/wp-json\/wp\/v2\/comments?post=1370"}],"version-history":[{"count":6,"href":"https:\/\/www.robotec.sk\/welding\/wp-json\/wp\/v2\/pages\/1370\/revisions"}],"predecessor-version":[{"id":1376,"href":"https:\/\/www.robotec.sk\/welding\/wp-json\/wp\/v2\/pages\/1370\/revisions\/1376"}],"wp:featuredmedia":[{"embeddable":true,"href":"https:\/\/www.robotec.sk\/welding\/wp-json\/wp\/v2\/media\/1206"}],"wp:attachment":[{"href":"https:\/\/www.robotec.sk\/welding\/wp-json\/wp\/v2\/media?parent=1370"}],"wp:term":[{"taxonomy":"yst_prominent_words","embeddable":true,"href":"https:\/\/www.robotec.sk\/welding\/wp-json\/wp\/v2\/yst_prominent_words?post=1370"}],"curies":[{"name":"wp","href":"https:\/\/api.w.org\/{rel}","templated":true}]}}